{"id":15463,"date":"2020-11-10T19:11:10","date_gmt":"2020-11-11T00:11:10","guid":{"rendered":"https:\/\/quirutoa.com\/tours-en-ecuador\/tour-del-mercado-artesanal-de-otavalo\/"},"modified":"2026-02-20T11:29:49","modified_gmt":"2026-02-20T16:29:49","slug":"tour-del-mercado-artesanal-de-otavalo","status":"publish","type":"page","link":"https:\/\/quirutoa.com\/es\/tours-en-ecuador\/tour-del-mercado-artesanal-de-otavalo\/","title":{"rendered":"Tour del mercado artesanal de Otavalo"},"content":{"rendered":"\t\t<div data-elementor-type=\"wp-post\" data-elementor-id=\"15463\" class=\"elementor elementor-15463 elementor-7601\" data-elementor-post-type=\"page\">\n\t\t\t\t\t\t<section class=\"elementor-section elementor-top-section elementor-element elementor-element-7981523 elementor-section-full_width elementor-section-height-default elementor-section-height-default\" data-id=\"7981523\" data-element_type=\"section\" data-e-type=\"section\">\n\t\t\t\t\t\t<div class=\"elementor-container elementor-column-gap-default\">\n\t\t\t\t\t<div class=\"elementor-column elementor-col-100 elementor-top-column elementor-element elementor-element-1015676\" data-id=\"1015676\" data-element_type=\"column\" data-e-type=\"column\">\n\t\t\t<div class=\"elementor-widget-wrap elementor-element-populated\">\n\t\t\t\t\t\t<div class=\"elementor-element elementor-element-7a06428 elementor-widget elementor-widget-heading\" data-id=\"7a06428\" data-element_type=\"widget\" data-e-type=\"widget\" data-widget_type=\"heading.default\">\n\t\t\t\t<div class=\"elementor-widget-container\">\n\t\t\t\t\t<h1 class=\"elementor-heading-title elementor-size-default\">Visita privada al mercado ind\u00edgena de Otavalo y experiencia cultural<\/h1>\t\t\t\t<\/div>\n\t\t\t\t<\/div>\n\t\t\t\t<div class=\"elementor-element elementor-element-be11cba elementor-widget elementor-widget-text-editor\" data-id=\"be11cba\" data-element_type=\"widget\" data-e-type=\"widget\" data-widget_type=\"text-editor.default\">\n\t\t\t\t<div class=\"elementor-widget-container\">\n\t\t\t\t\t\t\t\t\t<p><span style=\"font-weight: 400;\">Otavalo es una localidad ind\u00edgena muy famosa, que recibe visitantes de todo el mundo. Sus habitantes, los otavale\u00f1os, ofrecen artesan\u00edas y textiles que atraen a quienes visitan el lugar. Al mismo tiempo, los ind\u00edgenas de Otavalo preservan su cultura \u00e9tnica y se esfuerzan para que perdure, tanto en la ciudad como en el extranjero.  <\/span><\/p><p><span style=\"font-weight: 400;\">Otavalo es conocida por su mercado artesanal en la Plaza de los Ponchos, donde los lugare\u00f1os visten ropa ind\u00edgena tradicional y venden artesan\u00edas multicolores. Los habitantes de Otavalo son muy amables y respetuosos. Estar\u00e1n encantados de mostrarle los fascinantes alrededores de Otavalo y sus paisajes espectaculares.  <\/span><\/p>\t\t\t\t\t\t\t\t<\/div>\n\t\t\t\t<\/div>\n\t\t\t\t\t<\/div>\n\t\t<\/div>\n\t\t\t\t\t<\/div>\n\t\t<\/section>\n\t\t\t\t<section class=\"elementor-section elementor-top-section elementor-element elementor-element-8d8fbda elementor-section-full_width elementor-section-height-default elementor-section-height-default\" data-id=\"8d8fbda\" data-element_type=\"section\" data-e-type=\"section\" data-settings=\"{&quot;shape_divider_bottom&quot;:&quot;opacity-tilt&quot;}\">\n\t\t\t\t\t<div class=\"elementor-shape elementor-shape-bottom\" aria-hidden=\"true\" data-negative=\"false\">\n\t\t\t<svg xmlns=\"http:\/\/www.w3.org\/2000\/svg\" viewBox=\"0 0 2600 131.1\" preserveAspectRatio=\"none\">\n\t<path class=\"elementor-shape-fill\" d=\"M0 0L2600 0 2600 69.1 0 0z\"\/>\n\t<path class=\"elementor-shape-fill\" style=\"opacity:0.5\" d=\"M0 0L2600 0 2600 69.1 0 69.1z\"\/>\n\t<path class=\"elementor-shape-fill\" style=\"opacity:0.25\" d=\"M2600 0L0 0 0 130.1 2600 69.1z\"\/>\n<\/svg>\t\t<\/div>\n\t\t\t\t\t<div class=\"elementor-container elementor-column-gap-default\">\n\t\t\t\t\t<div class=\"elementor-column elementor-col-50 elementor-top-column elementor-element elementor-element-0932a8f\" data-id=\"0932a8f\" data-element_type=\"column\" data-e-type=\"column\" data-settings=\"{&quot;background_background&quot;:&quot;gradient&quot;}\">\n\t\t\t<div class=\"elementor-widget-wrap elementor-element-populated\">\n\t\t\t\t\t\t<div class=\"elementor-element elementor-element-1ca50f3 elementor-widget elementor-widget-image\" data-id=\"1ca50f3\" data-element_type=\"widget\" data-e-type=\"widget\" data-widget_type=\"image.default\">\n\t\t\t\t<div class=\"elementor-widget-container\">\n\t\t\t\t\t\t\t\t\t\t\t\t<figure class=\"wp-caption\">\n\t\t\t\t\t\t\t\t\t\t<img fetchpriority=\"high\" decoding=\"async\" width=\"472\" height=\"335\" src=\"https:\/\/quirutoa.com\/wp-content\/uploads\/2020\/11\/Otavalo-3.jpg\" class=\"attachment-large size-large wp-image-15464\" alt=\"Mercado artesanal de Otavalo - Viajar a Ecuador | Quirutoa\" srcset=\"https:\/\/quirutoa.com\/wp-content\/uploads\/2020\/11\/Otavalo-3.jpg 472w, https:\/\/quirutoa.com\/wp-content\/uploads\/2020\/11\/Otavalo-3-300x213.jpg 300w\" sizes=\"(max-width: 472px) 100vw, 472px\" \/>\t\t\t\t\t\t\t\t\t\t\t<figcaption class=\"widget-image-caption wp-caption-text\">Cascada - Otavalo<\/figcaption>\n\t\t\t\t\t\t\t\t\t\t<\/figure>\n\t\t\t\t\t\t\t\t\t<\/div>\n\t\t\t\t<\/div>\n\t\t\t\t<div class=\"elementor-element elementor-element-70608ac elementor-hidden-desktop elementor-widget-divider--view-line elementor-widget elementor-widget-divider\" data-id=\"70608ac\" data-element_type=\"widget\" data-e-type=\"widget\" data-widget_type=\"divider.default\">\n\t\t\t\t<div class=\"elementor-widget-container\">\n\t\t\t\t\t\t\t<div class=\"elementor-divider\">\n\t\t\t<span class=\"elementor-divider-separator\">\n\t\t\t\t\t\t<\/span>\n\t\t<\/div>\n\t\t\t\t\t\t<\/div>\n\t\t\t\t<\/div>\n\t\t\t\t\t<\/div>\n\t\t<\/div>\n\t\t\t\t<div class=\"elementor-column elementor-col-50 elementor-top-column elementor-element elementor-element-7353d04\" data-id=\"7353d04\" data-element_type=\"column\" data-e-type=\"column\" data-settings=\"{&quot;background_background&quot;:&quot;gradient&quot;}\">\n\t\t\t<div class=\"elementor-widget-wrap elementor-element-populated\">\n\t\t\t\t\t\t<div class=\"elementor-element elementor-element-b2f4e3b elementor-widget elementor-widget-image\" data-id=\"b2f4e3b\" data-element_type=\"widget\" data-e-type=\"widget\" data-widget_type=\"image.default\">\n\t\t\t\t<div class=\"elementor-widget-container\">\n\t\t\t\t\t\t\t\t\t\t\t\t<figure class=\"wp-caption\">\n\t\t\t\t\t\t\t\t\t\t<img decoding=\"async\" width=\"400\" height=\"250\" src=\"https:\/\/quirutoa.com\/wp-content\/uploads\/2017\/12\/otavalo400x250.png\" class=\"attachment-large size-large wp-image-15466\" alt=\"Mercado artesanal de Otavalo | Quirutoa Transfers &amp; Tourism\" srcset=\"https:\/\/quirutoa.com\/wp-content\/uploads\/2017\/12\/otavalo400x250.png 400w, https:\/\/quirutoa.com\/wp-content\/uploads\/2017\/12\/otavalo400x250-300x188.png 300w\" sizes=\"(max-width: 400px) 100vw, 400px\" \/>\t\t\t\t\t\t\t\t\t\t\t<figcaption class=\"widget-image-caption wp-caption-text\">Mercado artesanal de Otavalo<\/figcaption>\n\t\t\t\t\t\t\t\t\t\t<\/figure>\n\t\t\t\t\t\t\t\t\t<\/div>\n\t\t\t\t<\/div>\n\t\t\t\t\t<\/div>\n\t\t<\/div>\n\t\t\t\t\t<\/div>\n\t\t<\/section>\n\t\t\t\t<section class=\"elementor-section elementor-top-section elementor-element elementor-element-04e410d elementor-section-full_width elementor-section-height-default elementor-section-height-default\" data-id=\"04e410d\" data-element_type=\"section\" data-e-type=\"section\">\n\t\t\t\t\t\t<div class=\"elementor-container elementor-column-gap-default\">\n\t\t\t\t\t<div class=\"elementor-column elementor-col-100 elementor-top-column elementor-element elementor-element-502c7c0\" data-id=\"502c7c0\" data-element_type=\"column\" data-e-type=\"column\">\n\t\t\t<div class=\"elementor-widget-wrap elementor-element-populated\">\n\t\t\t\t\t\t<div class=\"elementor-element elementor-element-56e64c0 elementor-widget elementor-widget-text-editor\" data-id=\"56e64c0\" data-element_type=\"widget\" data-e-type=\"widget\" data-widget_type=\"text-editor.default\">\n\t\t\t\t<div class=\"elementor-widget-container\">\n\t\t\t\t\t\t\t\t\t<p><span style=\"font-weight: 400;\">Visite la provincia de Imbabura, conocida como la \u201cProvincia de los Lagos\u201d por la cantidad de grandes lagos que alberga, como el lago San Pablo y las lagunas de Cuicocha y Yahuarcocha. Al mismo tiempo, conozca la ciudad de Otavalo, donde se encuentra el mayor mercado ind\u00edgena de Sudam\u00e9rica, un lugar ideal para comprar tejidos en telar de diversos dise\u00f1os con motivos folcl\u00f3ricos. Tambi\u00e9n podr\u00e1 visitar poblaciones cercanas donde se ha fomentado el desarrollo de la artesan\u00eda: tallas, esculturas, tejidos y trabajos en cuero.  <\/span><\/p>\t\t\t\t\t\t\t\t<\/div>\n\t\t\t\t<\/div>\n\t\t\t\t\t<\/div>\n\t\t<\/div>\n\t\t\t\t\t<\/div>\n\t\t<\/section>\n\t\t\t\t<section class=\"elementor-section elementor-top-section elementor-element elementor-element-932a703 elementor-section-full_width elementor-section-height-default elementor-section-height-default\" data-id=\"932a703\" data-element_type=\"section\" data-e-type=\"section\" data-settings=\"{&quot;shape_divider_bottom&quot;:&quot;opacity-tilt&quot;}\">\n\t\t\t\t\t<div class=\"elementor-shape elementor-shape-bottom\" aria-hidden=\"true\" data-negative=\"false\">\n\t\t\t<svg xmlns=\"http:\/\/www.w3.org\/2000\/svg\" viewBox=\"0 0 2600 131.1\" preserveAspectRatio=\"none\">\n\t<path class=\"elementor-shape-fill\" d=\"M0 0L2600 0 2600 69.1 0 0z\"\/>\n\t<path class=\"elementor-shape-fill\" style=\"opacity:0.5\" d=\"M0 0L2600 0 2600 69.1 0 69.1z\"\/>\n\t<path class=\"elementor-shape-fill\" style=\"opacity:0.25\" d=\"M2600 0L0 0 0 130.1 2600 69.1z\"\/>\n<\/svg>\t\t<\/div>\n\t\t\t\t\t<div class=\"elementor-container elementor-column-gap-default\">\n\t\t\t\t\t<div class=\"elementor-column elementor-col-50 elementor-top-column elementor-element elementor-element-ab47234\" data-id=\"ab47234\" data-element_type=\"column\" data-e-type=\"column\" data-settings=\"{&quot;background_background&quot;:&quot;gradient&quot;}\">\n\t\t\t<div class=\"elementor-widget-wrap elementor-element-populated\">\n\t\t\t\t\t\t<div class=\"elementor-element elementor-element-34b04ad elementor-widget elementor-widget-image\" data-id=\"34b04ad\" data-element_type=\"widget\" data-e-type=\"widget\" data-widget_type=\"image.default\">\n\t\t\t\t<div class=\"elementor-widget-container\">\n\t\t\t\t\t\t\t\t\t\t\t\t<figure class=\"wp-caption\">\n\t\t\t\t\t\t\t\t\t\t<img decoding=\"async\" width=\"472\" height=\"335\" src=\"https:\/\/quirutoa.com\/wp-content\/uploads\/2020\/11\/Otavalo-4.jpg\" class=\"attachment-large size-large wp-image-15465\" alt=\"Mercado artesanal de Otavalo - Viajar a Ecuador | Quirutoa\" srcset=\"https:\/\/quirutoa.com\/wp-content\/uploads\/2020\/11\/Otavalo-4.jpg 472w, https:\/\/quirutoa.com\/wp-content\/uploads\/2020\/11\/Otavalo-4-300x213.jpg 300w\" sizes=\"(max-width: 472px) 100vw, 472px\" \/>\t\t\t\t\t\t\t\t\t\t\t<figcaption class=\"widget-image-caption wp-caption-text\">Mercado artesanal de Otavalo<\/figcaption>\n\t\t\t\t\t\t\t\t\t\t<\/figure>\n\t\t\t\t\t\t\t\t\t<\/div>\n\t\t\t\t<\/div>\n\t\t\t\t<div class=\"elementor-element elementor-element-dc3e528 elementor-hidden-desktop elementor-widget-divider--view-line elementor-widget elementor-widget-divider\" data-id=\"dc3e528\" data-element_type=\"widget\" data-e-type=\"widget\" data-widget_type=\"divider.default\">\n\t\t\t\t<div class=\"elementor-widget-container\">\n\t\t\t\t\t\t\t<div class=\"elementor-divider\">\n\t\t\t<span class=\"elementor-divider-separator\">\n\t\t\t\t\t\t<\/span>\n\t\t<\/div>\n\t\t\t\t\t\t<\/div>\n\t\t\t\t<\/div>\n\t\t\t\t\t<\/div>\n\t\t<\/div>\n\t\t\t\t<div class=\"elementor-column elementor-col-50 elementor-top-column elementor-element elementor-element-56e1337\" data-id=\"56e1337\" data-element_type=\"column\" data-e-type=\"column\" data-settings=\"{&quot;background_background&quot;:&quot;gradient&quot;}\">\n\t\t\t<div class=\"elementor-widget-wrap elementor-element-populated\">\n\t\t\t\t\t\t<div class=\"elementor-element elementor-element-0de7890 elementor-widget elementor-widget-image\" data-id=\"0de7890\" data-element_type=\"widget\" data-e-type=\"widget\" data-widget_type=\"image.default\">\n\t\t\t\t<div class=\"elementor-widget-container\">\n\t\t\t\t\t\t\t\t\t\t\t\t<figure class=\"wp-caption\">\n\t\t\t\t\t\t\t\t\t\t<img loading=\"lazy\" decoding=\"async\" width=\"324\" height=\"250\" src=\"https:\/\/quirutoa.com\/wp-content\/uploads\/2021\/01\/Otavalo.jpg\" class=\"attachment-large size-large wp-image-15427\" alt=\"Mercado artesanal de Otavalo - Quirutoa\" srcset=\"https:\/\/quirutoa.com\/wp-content\/uploads\/2021\/01\/Otavalo.jpg 324w, https:\/\/quirutoa.com\/wp-content\/uploads\/2021\/01\/Otavalo-300x231.jpg 300w\" sizes=\"(max-width: 324px) 100vw, 324px\" \/>\t\t\t\t\t\t\t\t\t\t\t<figcaption class=\"widget-image-caption wp-caption-text\">Mercado artesanal de Otavalo<\/figcaption>\n\t\t\t\t\t\t\t\t\t\t<\/figure>\n\t\t\t\t\t\t\t\t\t<\/div>\n\t\t\t\t<\/div>\n\t\t\t\t\t<\/div>\n\t\t<\/div>\n\t\t\t\t\t<\/div>\n\t\t<\/section>\n\t\t\t\t<section class=\"elementor-section elementor-top-section elementor-element elementor-element-869491c elementor-section-full_width elementor-section-height-default elementor-section-height-default\" data-id=\"869491c\" data-element_type=\"section\" data-e-type=\"section\" data-settings=\"{&quot;background_background&quot;:&quot;classic&quot;}\">\n\t\t\t\t\t\t<div class=\"elementor-container elementor-column-gap-default\">\n\t\t\t\t\t<div class=\"elementor-column elementor-col-100 elementor-top-column elementor-element elementor-element-e24d6d1\" data-id=\"e24d6d1\" data-element_type=\"column\" data-e-type=\"column\">\n\t\t\t<div class=\"elementor-widget-wrap elementor-element-populated\">\n\t\t\t\t\t\t<div class=\"elementor-element elementor-element-35404ca elementor-widget elementor-widget-text-editor\" data-id=\"35404ca\" data-element_type=\"widget\" data-e-type=\"widget\" data-widget_type=\"text-editor.default\">\n\t\t\t\t<div class=\"elementor-widget-container\">\n\t\t\t\t\t\t\t\t\t<p>Servicio de alta calidad garantizado.<\/p><p>WhatsApp | Correo electr\u00f3nico | Llamada telef\u00f3nica<\/p><p>\u00a1P\u00f3ngase en contacto con nosotros y le responderemos en breve!<\/p>\t\t\t\t\t\t\t\t<\/div>\n\t\t\t\t<\/div>\n\t\t\t\t\t<\/div>\n\t\t<\/div>\n\t\t\t\t\t<\/div>\n\t\t<\/section>\n\t\t\t\t<\/div>\n\t\t","protected":false},"excerpt":{"rendered":"<p>Visita privada al mercado ind\u00edgena de Otavalo y experiencia cultural Otavalo es una localidad ind\u00edgena muy famosa, que recibe visitantes de todo el mundo. Sus habitantes, los otavale\u00f1os, ofrecen artesan\u00edas y textiles que atraen a quienes visitan el lugar. Al mismo tiempo, los ind\u00edgenas de Otavalo preservan su cultura \u00e9tnica y se esfuerzan para que [&hellip;]<\/p>\n","protected":false},"author":3,"featured_media":15574,"parent":15422,"menu_order":0,"comment_status":"open","ping_status":"open","template":"elementor_header_footer","meta":{"_joinchat":[],"footnotes":""},"class_list":["post-15463","page","type-page","status-publish","has-post-thumbnail","hentry"],"yoast_head":"<!-- This site is optimized with the Yoast SEO plugin v27.3 - https:\/\/yoast.com\/product\/yoast-seo-wordpress\/ -->\n<title>Visita privada al mercado de Otavalo | Cultura ind\u00edgena | Quirutoa<\/title>\n<meta name=\"description\" content=\"Visite el mercado ind\u00edgena m\u00e1s grande de Sudam\u00e9rica. Disfrute de un tour privado a Otavalo, las cascadas de Peguche y el pueblo de cuero de Cotacachi con gu\u00edas biling\u00fces.\" \/>\n<meta name=\"robots\" content=\"index, follow, max-snippet:-1, max-image-preview:large, max-video-preview:-1\" \/>\n<link rel=\"canonical\" href=\"https:\/\/quirutoa.com\/es\/tours-en-ecuador\/tour-del-mercado-artesanal-de-otavalo\/\" \/>\n<meta property=\"og:locale\" content=\"es_ES\" \/>\n<meta property=\"og:type\" content=\"article\" \/>\n<meta property=\"og:title\" content=\"Visita privada al mercado de Otavalo | Cultura ind\u00edgena | Quirutoa\" \/>\n<meta property=\"og:description\" content=\"Visite el mercado ind\u00edgena m\u00e1s grande de Sudam\u00e9rica. Disfrute de un tour privado a Otavalo, las cascadas de Peguche y el pueblo de cuero de Cotacachi con gu\u00edas biling\u00fces.\" \/>\n<meta property=\"og:url\" content=\"https:\/\/quirutoa.com\/es\/tours-en-ecuador\/tour-del-mercado-artesanal-de-otavalo\/\" \/>\n<meta property=\"og:site_name\" content=\"TOURISM TRANSPORTATION IN QUITO\" \/>\n<meta property=\"article:modified_time\" content=\"2026-02-20T16:29:49+00:00\" \/>\n<meta property=\"og:image\" content=\"https:\/\/quirutoa.com\/wp-content\/uploads\/2021\/01\/Otavalo-Indigenous-Market-1024x683-1.jpg\" \/>\n\t<meta property=\"og:image:width\" content=\"756\" \/>\n\t<meta property=\"og:image:height\" content=\"682\" \/>\n\t<meta property=\"og:image:type\" content=\"image\/jpeg\" \/>\n<meta name=\"twitter:card\" content=\"summary_large_image\" \/>\n<meta name=\"twitter:label1\" content=\"Tiempo de lectura\" \/>\n\t<meta name=\"twitter:data1\" content=\"1 minuto\" \/>\n<script type=\"application\/ld+json\" class=\"yoast-schema-graph\">{\"@context\":\"https:\\\/\\\/schema.org\",\"@graph\":[{\"@type\":\"WebPage\",\"@id\":\"https:\\\/\\\/quirutoa.com\\\/es\\\/tours-en-ecuador\\\/tour-del-mercado-artesanal-de-otavalo\\\/\",\"url\":\"https:\\\/\\\/quirutoa.com\\\/es\\\/tours-en-ecuador\\\/tour-del-mercado-artesanal-de-otavalo\\\/\",\"name\":\"Visita privada al mercado de Otavalo | Cultura ind\u00edgena | Quirutoa\",\"isPartOf\":{\"@id\":\"https:\\\/\\\/quirutoa.com\\\/es\\\/#website\"},\"primaryImageOfPage\":{\"@id\":\"https:\\\/\\\/quirutoa.com\\\/es\\\/tours-en-ecuador\\\/tour-del-mercado-artesanal-de-otavalo\\\/#primaryimage\"},\"image\":{\"@id\":\"https:\\\/\\\/quirutoa.com\\\/es\\\/tours-en-ecuador\\\/tour-del-mercado-artesanal-de-otavalo\\\/#primaryimage\"},\"thumbnailUrl\":\"https:\\\/\\\/quirutoa.com\\\/wp-content\\\/uploads\\\/2021\\\/01\\\/Otavalo-Indigenous-Market-1024x683-1.jpg\",\"datePublished\":\"2020-11-11T00:11:10+00:00\",\"dateModified\":\"2026-02-20T16:29:49+00:00\",\"description\":\"Visite el mercado ind\u00edgena m\u00e1s grande de Sudam\u00e9rica. Disfrute de un tour privado a Otavalo, las cascadas de Peguche y el pueblo de cuero de Cotacachi con gu\u00edas biling\u00fces.\",\"breadcrumb\":{\"@id\":\"https:\\\/\\\/quirutoa.com\\\/es\\\/tours-en-ecuador\\\/tour-del-mercado-artesanal-de-otavalo\\\/#breadcrumb\"},\"inLanguage\":\"es\",\"potentialAction\":[{\"@type\":\"ReadAction\",\"target\":[\"https:\\\/\\\/quirutoa.com\\\/es\\\/tours-en-ecuador\\\/tour-del-mercado-artesanal-de-otavalo\\\/\"]}]},{\"@type\":\"ImageObject\",\"inLanguage\":\"es\",\"@id\":\"https:\\\/\\\/quirutoa.com\\\/es\\\/tours-en-ecuador\\\/tour-del-mercado-artesanal-de-otavalo\\\/#primaryimage\",\"url\":\"https:\\\/\\\/quirutoa.com\\\/wp-content\\\/uploads\\\/2021\\\/01\\\/Otavalo-Indigenous-Market-1024x683-1.jpg\",\"contentUrl\":\"https:\\\/\\\/quirutoa.com\\\/wp-content\\\/uploads\\\/2021\\\/01\\\/Otavalo-Indigenous-Market-1024x683-1.jpg\",\"width\":756,\"height\":682,\"caption\":\"Marquet Artesanal de Otavalo | Quirutoa\"},{\"@type\":\"BreadcrumbList\",\"@id\":\"https:\\\/\\\/quirutoa.com\\\/es\\\/tours-en-ecuador\\\/tour-del-mercado-artesanal-de-otavalo\\\/#breadcrumb\",\"itemListElement\":[{\"@type\":\"ListItem\",\"position\":1,\"name\":\"Portada\",\"item\":\"https:\\\/\\\/quirutoa.com\\\/es\\\/inicio\\\/\"},{\"@type\":\"ListItem\",\"position\":2,\"name\":\"TOURS EN ECUADOR\",\"item\":\"https:\\\/\\\/quirutoa.com\\\/es\\\/tours-en-ecuador\\\/\"},{\"@type\":\"ListItem\",\"position\":3,\"name\":\"Tour del mercado artesanal de Otavalo\"}]},{\"@type\":\"WebSite\",\"@id\":\"https:\\\/\\\/quirutoa.com\\\/es\\\/#website\",\"url\":\"https:\\\/\\\/quirutoa.com\\\/es\\\/\",\"name\":\"TOURISM TRANSPORTATION IN QUITO\",\"description\":\"Lugares turisticos de Ecuador\",\"publisher\":{\"@id\":\"https:\\\/\\\/quirutoa.com\\\/es\\\/#organization\"},\"potentialAction\":[{\"@type\":\"SearchAction\",\"target\":{\"@type\":\"EntryPoint\",\"urlTemplate\":\"https:\\\/\\\/quirutoa.com\\\/es\\\/?s={search_term_string}\"},\"query-input\":{\"@type\":\"PropertyValueSpecification\",\"valueRequired\":true,\"valueName\":\"search_term_string\"}}],\"inLanguage\":\"es\"},{\"@type\":\"Organization\",\"@id\":\"https:\\\/\\\/quirutoa.com\\\/es\\\/#organization\",\"name\":\"TOURISM TRANSPORTATION IN QUITO\",\"url\":\"https:\\\/\\\/quirutoa.com\\\/es\\\/\",\"logo\":{\"@type\":\"ImageObject\",\"inLanguage\":\"es\",\"@id\":\"https:\\\/\\\/quirutoa.com\\\/es\\\/#\\\/schema\\\/logo\\\/image\\\/\",\"url\":\"https:\\\/\\\/quirutoa.com\\\/wp-content\\\/uploads\\\/2021\\\/01\\\/cropped-Logo-1.png\",\"contentUrl\":\"https:\\\/\\\/quirutoa.com\\\/wp-content\\\/uploads\\\/2021\\\/01\\\/cropped-Logo-1.png\",\"width\":217,\"height\":68,\"caption\":\"TOURISM TRANSPORTATION IN QUITO\"},\"image\":{\"@id\":\"https:\\\/\\\/quirutoa.com\\\/es\\\/#\\\/schema\\\/logo\\\/image\\\/\"}}]}<\/script>\n<!-- \/ Yoast SEO plugin. -->","yoast_head_json":{"title":"Visita privada al mercado de Otavalo | Cultura ind\u00edgena | Quirutoa","description":"Visite el mercado ind\u00edgena m\u00e1s grande de Sudam\u00e9rica. Disfrute de un tour privado a Otavalo, las cascadas de Peguche y el pueblo de cuero de Cotacachi con gu\u00edas biling\u00fces.","robots":{"index":"index","follow":"follow","max-snippet":"max-snippet:-1","max-image-preview":"max-image-preview:large","max-video-preview":"max-video-preview:-1"},"canonical":"https:\/\/quirutoa.com\/es\/tours-en-ecuador\/tour-del-mercado-artesanal-de-otavalo\/","og_locale":"es_ES","og_type":"article","og_title":"Visita privada al mercado de Otavalo | Cultura ind\u00edgena | Quirutoa","og_description":"Visite el mercado ind\u00edgena m\u00e1s grande de Sudam\u00e9rica. Disfrute de un tour privado a Otavalo, las cascadas de Peguche y el pueblo de cuero de Cotacachi con gu\u00edas biling\u00fces.","og_url":"https:\/\/quirutoa.com\/es\/tours-en-ecuador\/tour-del-mercado-artesanal-de-otavalo\/","og_site_name":"TOURISM TRANSPORTATION IN QUITO","article_modified_time":"2026-02-20T16:29:49+00:00","og_image":[{"width":756,"height":682,"url":"https:\/\/quirutoa.com\/wp-content\/uploads\/2021\/01\/Otavalo-Indigenous-Market-1024x683-1.jpg","type":"image\/jpeg"}],"twitter_card":"summary_large_image","twitter_misc":{"Tiempo de lectura":"1 minuto"},"schema":{"@context":"https:\/\/schema.org","@graph":[{"@type":"WebPage","@id":"https:\/\/quirutoa.com\/es\/tours-en-ecuador\/tour-del-mercado-artesanal-de-otavalo\/","url":"https:\/\/quirutoa.com\/es\/tours-en-ecuador\/tour-del-mercado-artesanal-de-otavalo\/","name":"Visita privada al mercado de Otavalo | Cultura ind\u00edgena | Quirutoa","isPartOf":{"@id":"https:\/\/quirutoa.com\/es\/#website"},"primaryImageOfPage":{"@id":"https:\/\/quirutoa.com\/es\/tours-en-ecuador\/tour-del-mercado-artesanal-de-otavalo\/#primaryimage"},"image":{"@id":"https:\/\/quirutoa.com\/es\/tours-en-ecuador\/tour-del-mercado-artesanal-de-otavalo\/#primaryimage"},"thumbnailUrl":"https:\/\/quirutoa.com\/wp-content\/uploads\/2021\/01\/Otavalo-Indigenous-Market-1024x683-1.jpg","datePublished":"2020-11-11T00:11:10+00:00","dateModified":"2026-02-20T16:29:49+00:00","description":"Visite el mercado ind\u00edgena m\u00e1s grande de Sudam\u00e9rica. Disfrute de un tour privado a Otavalo, las cascadas de Peguche y el pueblo de cuero de Cotacachi con gu\u00edas biling\u00fces.","breadcrumb":{"@id":"https:\/\/quirutoa.com\/es\/tours-en-ecuador\/tour-del-mercado-artesanal-de-otavalo\/#breadcrumb"},"inLanguage":"es","potentialAction":[{"@type":"ReadAction","target":["https:\/\/quirutoa.com\/es\/tours-en-ecuador\/tour-del-mercado-artesanal-de-otavalo\/"]}]},{"@type":"ImageObject","inLanguage":"es","@id":"https:\/\/quirutoa.com\/es\/tours-en-ecuador\/tour-del-mercado-artesanal-de-otavalo\/#primaryimage","url":"https:\/\/quirutoa.com\/wp-content\/uploads\/2021\/01\/Otavalo-Indigenous-Market-1024x683-1.jpg","contentUrl":"https:\/\/quirutoa.com\/wp-content\/uploads\/2021\/01\/Otavalo-Indigenous-Market-1024x683-1.jpg","width":756,"height":682,"caption":"Marquet Artesanal de Otavalo | Quirutoa"},{"@type":"BreadcrumbList","@id":"https:\/\/quirutoa.com\/es\/tours-en-ecuador\/tour-del-mercado-artesanal-de-otavalo\/#breadcrumb","itemListElement":[{"@type":"ListItem","position":1,"name":"Portada","item":"https:\/\/quirutoa.com\/es\/inicio\/"},{"@type":"ListItem","position":2,"name":"TOURS EN ECUADOR","item":"https:\/\/quirutoa.com\/es\/tours-en-ecuador\/"},{"@type":"ListItem","position":3,"name":"Tour del mercado artesanal de Otavalo"}]},{"@type":"WebSite","@id":"https:\/\/quirutoa.com\/es\/#website","url":"https:\/\/quirutoa.com\/es\/","name":"TOURISM TRANSPORTATION IN QUITO","description":"Lugares turisticos de Ecuador","publisher":{"@id":"https:\/\/quirutoa.com\/es\/#organization"},"potentialAction":[{"@type":"SearchAction","target":{"@type":"EntryPoint","urlTemplate":"https:\/\/quirutoa.com\/es\/?s={search_term_string}"},"query-input":{"@type":"PropertyValueSpecification","valueRequired":true,"valueName":"search_term_string"}}],"inLanguage":"es"},{"@type":"Organization","@id":"https:\/\/quirutoa.com\/es\/#organization","name":"TOURISM TRANSPORTATION IN QUITO","url":"https:\/\/quirutoa.com\/es\/","logo":{"@type":"ImageObject","inLanguage":"es","@id":"https:\/\/quirutoa.com\/es\/#\/schema\/logo\/image\/","url":"https:\/\/quirutoa.com\/wp-content\/uploads\/2021\/01\/cropped-Logo-1.png","contentUrl":"https:\/\/quirutoa.com\/wp-content\/uploads\/2021\/01\/cropped-Logo-1.png","width":217,"height":68,"caption":"TOURISM TRANSPORTATION IN QUITO"},"image":{"@id":"https:\/\/quirutoa.com\/es\/#\/schema\/logo\/image\/"}}]}},"_links":{"self":[{"href":"https:\/\/quirutoa.com\/es\/wp-json\/wp\/v2\/pages\/15463","targetHints":{"allow":["GET"]}}],"collection":[{"href":"https:\/\/quirutoa.com\/es\/wp-json\/wp\/v2\/pages"}],"about":[{"href":"https:\/\/quirutoa.com\/es\/wp-json\/wp\/v2\/types\/page"}],"author":[{"embeddable":true,"href":"https:\/\/quirutoa.com\/es\/wp-json\/wp\/v2\/users\/3"}],"replies":[{"embeddable":true,"href":"https:\/\/quirutoa.com\/es\/wp-json\/wp\/v2\/comments?post=15463"}],"version-history":[{"count":0,"href":"https:\/\/quirutoa.com\/es\/wp-json\/wp\/v2\/pages\/15463\/revisions"}],"up":[{"embeddable":true,"href":"https:\/\/quirutoa.com\/es\/wp-json\/wp\/v2\/pages\/15422"}],"wp:featuredmedia":[{"embeddable":true,"href":"https:\/\/quirutoa.com\/es\/wp-json\/wp\/v2\/media\/15574"}],"wp:attachment":[{"href":"https:\/\/quirutoa.com\/es\/wp-json\/wp\/v2\/media?parent=15463"}],"curies":[{"name":"wp","href":"https:\/\/api.w.org\/{rel}","templated":true}]}}