{"id":15485,"date":"2020-11-01T20:10:56","date_gmt":"2020-11-02T01:10:56","guid":{"rendered":"https:\/\/quirutoa.com\/tours-en-ecuador\/banos-tour-de-banos-de-agua-santa\/"},"modified":"2026-02-20T11:50:52","modified_gmt":"2026-02-20T16:50:52","slug":"banos-tour-de-banos-de-agua-santa","status":"publish","type":"page","link":"https:\/\/quirutoa.com\/es\/tours-en-ecuador\/banos-tour-de-banos-de-agua-santa\/","title":{"rendered":"Ba\u00f1os | Tour de Ba\u00f1os de Agua Santa"},"content":{"rendered":"\t\t<div data-elementor-type=\"wp-post\" data-elementor-id=\"15485\" class=\"elementor elementor-15485 elementor-7610\" data-elementor-post-type=\"page\">\n\t\t\t\t\t\t<section class=\"elementor-section elementor-top-section elementor-element elementor-element-6593d6f elementor-section-full_width elementor-section-height-default elementor-section-height-default\" data-id=\"6593d6f\" data-element_type=\"section\" data-e-type=\"section\">\n\t\t\t\t\t\t<div class=\"elementor-container elementor-column-gap-default\">\n\t\t\t\t\t<div class=\"elementor-column elementor-col-100 elementor-top-column elementor-element elementor-element-de7fed5\" data-id=\"de7fed5\" data-element_type=\"column\" data-e-type=\"column\">\n\t\t\t<div class=\"elementor-widget-wrap elementor-element-populated\">\n\t\t\t\t\t\t<div class=\"elementor-element elementor-element-57e2256 elementor-widget elementor-widget-heading\" data-id=\"57e2256\" data-element_type=\"widget\" data-e-type=\"widget\" data-widget_type=\"heading.default\">\n\t\t\t\t<div class=\"elementor-widget-container\">\n\t\t\t\t\t<h1 class=\"elementor-heading-title elementor-size-default\">Ba\u00f1os de Agua Santa: Tour privado de aventura desde Quito<\/h1>\t\t\t\t<\/div>\n\t\t\t\t<\/div>\n\t\t\t\t<div class=\"elementor-element elementor-element-db69aec elementor-widget elementor-widget-text-editor\" data-id=\"db69aec\" data-element_type=\"widget\" data-e-type=\"widget\" data-widget_type=\"text-editor.default\">\n\t\t\t\t<div class=\"elementor-widget-container\">\n\t\t\t\t\t\t\t\t\t<p><span style=\"font-weight: 400;\">Ba\u00f1os de Agua Santa es una ciudad situada en el oriente de Ecuador. Conocida como la \u201cPuerta de la Amazon\u00eda\u201d, es uno de los principales destinos del pa\u00eds por sus numerosas atracciones y actividades. Recibe el nombre de Ba\u00f1os de Agua Santa por las fuentes de aguas termales en los alrededores de la ciudad, conocidas por sus propiedades curativas debido a los minerales que contienen.<\/span><\/p>\t\t\t\t\t\t\t\t<\/div>\n\t\t\t\t<\/div>\n\t\t\t\t\t<\/div>\n\t\t<\/div>\n\t\t\t\t\t<\/div>\n\t\t<\/section>\n\t\t\t\t<section class=\"elementor-section elementor-top-section elementor-element elementor-element-61889dd elementor-section-full_width elementor-section-height-default elementor-section-height-default\" data-id=\"61889dd\" data-element_type=\"section\" data-e-type=\"section\" data-settings=\"{&quot;shape_divider_bottom&quot;:&quot;opacity-tilt&quot;}\">\n\t\t\t\t\t<div class=\"elementor-shape elementor-shape-bottom\" aria-hidden=\"true\" data-negative=\"false\">\n\t\t\t<svg xmlns=\"http:\/\/www.w3.org\/2000\/svg\" viewBox=\"0 0 2600 131.1\" preserveAspectRatio=\"none\">\n\t<path class=\"elementor-shape-fill\" d=\"M0 0L2600 0 2600 69.1 0 0z\"\/>\n\t<path class=\"elementor-shape-fill\" style=\"opacity:0.5\" d=\"M0 0L2600 0 2600 69.1 0 69.1z\"\/>\n\t<path class=\"elementor-shape-fill\" style=\"opacity:0.25\" d=\"M2600 0L0 0 0 130.1 2600 69.1z\"\/>\n<\/svg>\t\t<\/div>\n\t\t\t\t\t<div class=\"elementor-container elementor-column-gap-default\">\n\t\t\t\t\t<div class=\"elementor-column elementor-col-50 elementor-top-column elementor-element elementor-element-78130a9\" data-id=\"78130a9\" data-element_type=\"column\" data-e-type=\"column\" data-settings=\"{&quot;background_background&quot;:&quot;gradient&quot;}\">\n\t\t\t<div class=\"elementor-widget-wrap elementor-element-populated\">\n\t\t\t\t\t\t<div class=\"elementor-element elementor-element-4dd266a elementor-widget elementor-widget-image\" data-id=\"4dd266a\" data-element_type=\"widget\" data-e-type=\"widget\" data-widget_type=\"image.default\">\n\t\t\t\t<div class=\"elementor-widget-container\">\n\t\t\t\t\t\t\t\t\t\t\t\t<figure class=\"wp-caption\">\n\t\t\t\t\t\t\t\t\t\t<img fetchpriority=\"high\" decoding=\"async\" width=\"800\" height=\"605\" src=\"https:\/\/quirutoa.com\/wp-content\/uploads\/2020\/11\/Banos-3.jpg\" class=\"attachment-large size-large wp-image-15486\" alt=\"Ba\u00f1os - Ba\u00f1os de Agua Santa - Viajes Ecuador | Quilotoa\" srcset=\"https:\/\/quirutoa.com\/wp-content\/uploads\/2020\/11\/Banos-3.jpg 1024w, https:\/\/quirutoa.com\/wp-content\/uploads\/2020\/11\/Banos-3-300x227.jpg 300w, https:\/\/quirutoa.com\/wp-content\/uploads\/2020\/11\/Banos-3-768x581.jpg 768w\" sizes=\"(max-width: 800px) 100vw, 800px\" \/>\t\t\t\t\t\t\t\t\t\t\t<figcaption class=\"widget-image-caption wp-caption-text\">Tubing en Ba\u00f1os<\/figcaption>\n\t\t\t\t\t\t\t\t\t\t<\/figure>\n\t\t\t\t\t\t\t\t\t<\/div>\n\t\t\t\t<\/div>\n\t\t\t\t<div class=\"elementor-element elementor-element-30b5580 elementor-hidden-desktop elementor-widget-divider--view-line elementor-widget elementor-widget-divider\" data-id=\"30b5580\" data-element_type=\"widget\" data-e-type=\"widget\" data-widget_type=\"divider.default\">\n\t\t\t\t<div class=\"elementor-widget-container\">\n\t\t\t\t\t\t\t<div class=\"elementor-divider\">\n\t\t\t<span class=\"elementor-divider-separator\">\n\t\t\t\t\t\t<\/span>\n\t\t<\/div>\n\t\t\t\t\t\t<\/div>\n\t\t\t\t<\/div>\n\t\t\t\t\t<\/div>\n\t\t<\/div>\n\t\t\t\t<div class=\"elementor-column elementor-col-50 elementor-top-column elementor-element elementor-element-358ce4a\" data-id=\"358ce4a\" data-element_type=\"column\" data-e-type=\"column\" data-settings=\"{&quot;background_background&quot;:&quot;gradient&quot;}\">\n\t\t\t<div class=\"elementor-widget-wrap elementor-element-populated\">\n\t\t\t\t\t\t<div class=\"elementor-element elementor-element-0ddc79d elementor-widget elementor-widget-image\" data-id=\"0ddc79d\" data-element_type=\"widget\" data-e-type=\"widget\" data-widget_type=\"image.default\">\n\t\t\t\t<div class=\"elementor-widget-container\">\n\t\t\t\t\t\t\t\t\t\t\t\t<figure class=\"wp-caption\">\n\t\t\t\t\t\t\t\t\t\t<img decoding=\"async\" width=\"800\" height=\"601\" src=\"https:\/\/quirutoa.com\/wp-content\/uploads\/2020\/11\/Banos-1.jpg\" class=\"attachment-large size-large wp-image-15487\" alt=\"Ba\u00f1os - Ba\u00f1os de Agua Santa - Viajes Ecuador | Quilotoa\" srcset=\"https:\/\/quirutoa.com\/wp-content\/uploads\/2020\/11\/Banos-1.jpg 1024w, https:\/\/quirutoa.com\/wp-content\/uploads\/2020\/11\/Banos-1-300x225.jpg 300w, https:\/\/quirutoa.com\/wp-content\/uploads\/2020\/11\/Banos-1-768x577.jpg 768w\" sizes=\"(max-width: 800px) 100vw, 800px\" \/>\t\t\t\t\t\t\t\t\t\t\t<figcaption class=\"widget-image-caption wp-caption-text\">Ba\u00f1os de Agua Santa<\/figcaption>\n\t\t\t\t\t\t\t\t\t\t<\/figure>\n\t\t\t\t\t\t\t\t\t<\/div>\n\t\t\t\t<\/div>\n\t\t\t\t\t<\/div>\n\t\t<\/div>\n\t\t\t\t\t<\/div>\n\t\t<\/section>\n\t\t\t\t<section class=\"elementor-section elementor-top-section elementor-element elementor-element-2637e38 elementor-section-full_width elementor-section-height-default elementor-section-height-default\" data-id=\"2637e38\" data-element_type=\"section\" data-e-type=\"section\">\n\t\t\t\t\t\t<div class=\"elementor-container elementor-column-gap-default\">\n\t\t\t\t\t<div class=\"elementor-column elementor-col-100 elementor-top-column elementor-element elementor-element-f28f5be\" data-id=\"f28f5be\" data-element_type=\"column\" data-e-type=\"column\">\n\t\t\t<div class=\"elementor-widget-wrap elementor-element-populated\">\n\t\t\t\t\t\t<div class=\"elementor-element elementor-element-0ec84db elementor-widget elementor-widget-text-editor\" data-id=\"0ec84db\" data-element_type=\"widget\" data-e-type=\"widget\" data-widget_type=\"text-editor.default\">\n\t\t\t\t<div class=\"elementor-widget-container\">\n\t\t\t\t\t\t\t\t\t<p><span style=\"font-weight: 400;\">Ba\u00f1os ofrece un clima excepcional durante todo el a\u00f1o. Aqu\u00ed tendr\u00e1 la oportunidad de realizar diferentes actividades de ecoturismo, como visitar sus hermosas cascadas y disfrutar de sus curativas aguas termales. Es el lugar ideal para quienes gustan de practicar deportes de aventura, como rafting, kayak, barranquismo, escalada en roca, puenting, paseos a caballo, caminatas ecol\u00f3gicas, ciclismo de monta\u00f1a, monta\u00f1ismo, camping, parapente. Por esto y mucho m\u00e1s, se ha convertido en una de las ciudades m\u00e1s visitadas de Ecuador.<\/span><\/p>\t\t\t\t\t\t\t\t<\/div>\n\t\t\t\t<\/div>\n\t\t\t\t\t<\/div>\n\t\t<\/div>\n\t\t\t\t\t<\/div>\n\t\t<\/section>\n\t\t\t\t<section class=\"elementor-section elementor-top-section elementor-element elementor-element-27b9ef9 elementor-section-full_width elementor-section-height-default elementor-section-height-default\" data-id=\"27b9ef9\" data-element_type=\"section\" data-e-type=\"section\" data-settings=\"{&quot;shape_divider_bottom&quot;:&quot;opacity-tilt&quot;}\">\n\t\t\t\t\t<div class=\"elementor-shape elementor-shape-bottom\" aria-hidden=\"true\" data-negative=\"false\">\n\t\t\t<svg xmlns=\"http:\/\/www.w3.org\/2000\/svg\" viewBox=\"0 0 2600 131.1\" preserveAspectRatio=\"none\">\n\t<path class=\"elementor-shape-fill\" d=\"M0 0L2600 0 2600 69.1 0 0z\"\/>\n\t<path class=\"elementor-shape-fill\" style=\"opacity:0.5\" d=\"M0 0L2600 0 2600 69.1 0 69.1z\"\/>\n\t<path class=\"elementor-shape-fill\" style=\"opacity:0.25\" d=\"M2600 0L0 0 0 130.1 2600 69.1z\"\/>\n<\/svg>\t\t<\/div>\n\t\t\t\t\t<div class=\"elementor-container elementor-column-gap-default\">\n\t\t\t\t\t<div class=\"elementor-column elementor-col-50 elementor-top-column elementor-element elementor-element-9a99360\" data-id=\"9a99360\" data-element_type=\"column\" data-e-type=\"column\" data-settings=\"{&quot;background_background&quot;:&quot;gradient&quot;}\">\n\t\t\t<div class=\"elementor-widget-wrap elementor-element-populated\">\n\t\t\t\t\t\t<div class=\"elementor-element elementor-element-336fdb1 elementor-widget elementor-widget-image\" data-id=\"336fdb1\" data-element_type=\"widget\" data-e-type=\"widget\" data-widget_type=\"image.default\">\n\t\t\t\t<div class=\"elementor-widget-container\">\n\t\t\t\t\t\t\t\t\t\t\t\t<figure class=\"wp-caption\">\n\t\t\t\t\t\t\t\t\t\t<img decoding=\"async\" width=\"768\" height=\"836\" src=\"https:\/\/quirutoa.com\/wp-content\/uploads\/2020\/11\/Banos-6.jpg\" class=\"attachment-large size-large wp-image-15488\" alt=\"Ba\u00f1os - Ba\u00f1os de Agua Santa - Viajes Ecuador | Quilotoa\" srcset=\"https:\/\/quirutoa.com\/wp-content\/uploads\/2020\/11\/Banos-6.jpg 768w, https:\/\/quirutoa.com\/wp-content\/uploads\/2020\/11\/Banos-6-276x300.jpg 276w\" sizes=\"(max-width: 768px) 100vw, 768px\" \/>\t\t\t\t\t\t\t\t\t\t\t<figcaption class=\"widget-image-caption wp-caption-text\">La Casa del \u00c1rbol en Ba\u00f1os<\/figcaption>\n\t\t\t\t\t\t\t\t\t\t<\/figure>\n\t\t\t\t\t\t\t\t\t<\/div>\n\t\t\t\t<\/div>\n\t\t\t\t<div class=\"elementor-element elementor-element-ddacc8e elementor-hidden-desktop elementor-widget-divider--view-line elementor-widget elementor-widget-divider\" data-id=\"ddacc8e\" data-element_type=\"widget\" data-e-type=\"widget\" data-widget_type=\"divider.default\">\n\t\t\t\t<div class=\"elementor-widget-container\">\n\t\t\t\t\t\t\t<div class=\"elementor-divider\">\n\t\t\t<span class=\"elementor-divider-separator\">\n\t\t\t\t\t\t<\/span>\n\t\t<\/div>\n\t\t\t\t\t\t<\/div>\n\t\t\t\t<\/div>\n\t\t\t\t\t<\/div>\n\t\t<\/div>\n\t\t\t\t<div class=\"elementor-column elementor-col-50 elementor-top-column elementor-element elementor-element-f316383\" data-id=\"f316383\" data-element_type=\"column\" data-e-type=\"column\" data-settings=\"{&quot;background_background&quot;:&quot;gradient&quot;}\">\n\t\t\t<div class=\"elementor-widget-wrap elementor-element-populated\">\n\t\t\t\t\t\t<div class=\"elementor-element elementor-element-ee30218 elementor-widget elementor-widget-image\" data-id=\"ee30218\" data-element_type=\"widget\" data-e-type=\"widget\" data-widget_type=\"image.default\">\n\t\t\t\t<div class=\"elementor-widget-container\">\n\t\t\t\t\t\t\t\t\t\t\t\t<figure class=\"wp-caption\">\n\t\t\t\t\t\t\t\t\t\t<img loading=\"lazy\" decoding=\"async\" width=\"675\" height=\"450\" src=\"https:\/\/quirutoa.com\/wp-content\/uploads\/2020\/11\/Banos.jpg\" class=\"attachment-large size-large wp-image-15489\" alt=\"Ba\u00f1os - Ba\u00f1os de Agua Santa - Viajes Ecuador | Quilotoa\" srcset=\"https:\/\/quirutoa.com\/wp-content\/uploads\/2020\/11\/Banos.jpg 675w, https:\/\/quirutoa.com\/wp-content\/uploads\/2020\/11\/Banos-300x200.jpg 300w\" sizes=\"(max-width: 675px) 100vw, 675px\" \/>\t\t\t\t\t\t\t\t\t\t\t<figcaption class=\"widget-image-caption wp-caption-text\">Canopy Ba\u00f1os<\/figcaption>\n\t\t\t\t\t\t\t\t\t\t<\/figure>\n\t\t\t\t\t\t\t\t\t<\/div>\n\t\t\t\t<\/div>\n\t\t\t\t<div class=\"elementor-element elementor-element-9e4f8d0 elementor-hidden-desktop elementor-widget-divider--view-line elementor-widget elementor-widget-divider\" data-id=\"9e4f8d0\" data-element_type=\"widget\" data-e-type=\"widget\" data-widget_type=\"divider.default\">\n\t\t\t\t<div class=\"elementor-widget-container\">\n\t\t\t\t\t\t\t<div class=\"elementor-divider\">\n\t\t\t<span class=\"elementor-divider-separator\">\n\t\t\t\t\t\t<\/span>\n\t\t<\/div>\n\t\t\t\t\t\t<\/div>\n\t\t\t\t<\/div>\n\t\t\t\t\t<\/div>\n\t\t<\/div>\n\t\t\t\t\t<\/div>\n\t\t<\/section>\n\t\t\t\t<section class=\"elementor-section elementor-top-section elementor-element elementor-element-a5351a4 elementor-section-full_width elementor-section-height-default elementor-section-height-default\" data-id=\"a5351a4\" data-element_type=\"section\" data-e-type=\"section\" data-settings=\"{&quot;background_background&quot;:&quot;classic&quot;}\">\n\t\t\t\t\t\t<div class=\"elementor-container elementor-column-gap-default\">\n\t\t\t\t\t<div class=\"elementor-column elementor-col-100 elementor-top-column elementor-element elementor-element-bdba53f\" data-id=\"bdba53f\" data-element_type=\"column\" data-e-type=\"column\">\n\t\t\t<div class=\"elementor-widget-wrap elementor-element-populated\">\n\t\t\t\t\t\t<div class=\"elementor-element elementor-element-e49e41f elementor-widget elementor-widget-text-editor\" data-id=\"e49e41f\" data-element_type=\"widget\" data-e-type=\"widget\" data-widget_type=\"text-editor.default\">\n\t\t\t\t<div class=\"elementor-widget-container\">\n\t\t\t\t\t\t\t\t\t<p>Servicio de alta calidad garantizado.<\/p><p>WhatsApp | Correo electr\u00f3nico | Llamada telef\u00f3nica<\/p><p>\u00a1P\u00f3ngase en contacto con nosotros y le responderemos en breve!<\/p>\t\t\t\t\t\t\t\t<\/div>\n\t\t\t\t<\/div>\n\t\t\t\t\t<\/div>\n\t\t<\/div>\n\t\t\t\t\t<\/div>\n\t\t<\/section>\n\t\t\t\t<\/div>\n\t\t","protected":false},"excerpt":{"rendered":"<p>Ba\u00f1os de Agua Santa: Tour privado de aventura desde Quito Ba\u00f1os de Agua Santa es una ciudad situada en el oriente de Ecuador. Conocida como la \u201cPuerta de la Amazon\u00eda\u201d, es uno de los principales destinos del pa\u00eds por sus numerosas atracciones y actividades. Recibe el nombre de Ba\u00f1os de Agua Santa por las fuentes [&hellip;]<\/p>\n","protected":false},"author":3,"featured_media":15488,"parent":15422,"menu_order":0,"comment_status":"closed","ping_status":"closed","template":"elementor_header_footer","meta":{"_joinchat":[],"footnotes":""},"class_list":["post-15485","page","type-page","status-publish","has-post-thumbnail","hentry"],"yoast_head":"<!-- This site is optimized with the Yoast SEO plugin v27.3 - https:\/\/yoast.com\/product\/yoast-seo-wordpress\/ -->\n<title>Tour Privado Ba\u00f1os | Aventura y Cascadas | Quirutoa<\/title>\n<meta name=\"description\" content=\"\u00a1Descubre Ba\u00f1os de Agua Santa! Disfruta de un tour privado a la cascada Pail\u00f3n del Diablo, el Columpio del Fin del Mundo.\" \/>\n<meta name=\"robots\" content=\"index, follow, max-snippet:-1, max-image-preview:large, max-video-preview:-1\" \/>\n<link rel=\"canonical\" href=\"https:\/\/quirutoa.com\/es\/tours-en-ecuador\/banos-tour-de-banos-de-agua-santa\/\" \/>\n<meta property=\"og:locale\" content=\"es_ES\" \/>\n<meta property=\"og:type\" content=\"article\" \/>\n<meta property=\"og:title\" content=\"Tour Privado Ba\u00f1os | Aventura y Cascadas | Quirutoa\" \/>\n<meta property=\"og:description\" content=\"\u00a1Descubre Ba\u00f1os de Agua Santa! Disfruta de un tour privado a la cascada Pail\u00f3n del Diablo, el Columpio del Fin del Mundo.\" \/>\n<meta property=\"og:url\" content=\"https:\/\/quirutoa.com\/es\/tours-en-ecuador\/banos-tour-de-banos-de-agua-santa\/\" \/>\n<meta property=\"og:site_name\" content=\"TOURISM TRANSPORTATION IN QUITO\" \/>\n<meta property=\"article:modified_time\" content=\"2026-02-20T16:50:52+00:00\" \/>\n<meta property=\"og:image\" content=\"https:\/\/quirutoa.com\/wp-content\/uploads\/2020\/11\/Banos-6.jpg\" \/>\n\t<meta property=\"og:image:width\" content=\"768\" \/>\n\t<meta property=\"og:image:height\" content=\"836\" \/>\n\t<meta property=\"og:image:type\" content=\"image\/jpeg\" \/>\n<meta name=\"twitter:card\" content=\"summary_large_image\" \/>\n<meta name=\"twitter:label1\" content=\"Tiempo de lectura\" \/>\n\t<meta name=\"twitter:data1\" content=\"1 minuto\" \/>\n<script type=\"application\/ld+json\" class=\"yoast-schema-graph\">{\"@context\":\"https:\\\/\\\/schema.org\",\"@graph\":[{\"@type\":\"WebPage\",\"@id\":\"https:\\\/\\\/quirutoa.com\\\/es\\\/tours-en-ecuador\\\/banos-tour-de-banos-de-agua-santa\\\/\",\"url\":\"https:\\\/\\\/quirutoa.com\\\/es\\\/tours-en-ecuador\\\/banos-tour-de-banos-de-agua-santa\\\/\",\"name\":\"Tour Privado Ba\u00f1os | Aventura y Cascadas | Quirutoa\",\"isPartOf\":{\"@id\":\"https:\\\/\\\/quirutoa.com\\\/es\\\/#website\"},\"primaryImageOfPage\":{\"@id\":\"https:\\\/\\\/quirutoa.com\\\/es\\\/tours-en-ecuador\\\/banos-tour-de-banos-de-agua-santa\\\/#primaryimage\"},\"image\":{\"@id\":\"https:\\\/\\\/quirutoa.com\\\/es\\\/tours-en-ecuador\\\/banos-tour-de-banos-de-agua-santa\\\/#primaryimage\"},\"thumbnailUrl\":\"https:\\\/\\\/quirutoa.com\\\/wp-content\\\/uploads\\\/2020\\\/11\\\/Banos-6.jpg\",\"datePublished\":\"2020-11-02T01:10:56+00:00\",\"dateModified\":\"2026-02-20T16:50:52+00:00\",\"description\":\"\u00a1Descubre Ba\u00f1os de Agua Santa! Disfruta de un tour privado a la cascada Pail\u00f3n del Diablo, el Columpio del Fin del Mundo.\",\"breadcrumb\":{\"@id\":\"https:\\\/\\\/quirutoa.com\\\/es\\\/tours-en-ecuador\\\/banos-tour-de-banos-de-agua-santa\\\/#breadcrumb\"},\"inLanguage\":\"es\",\"potentialAction\":[{\"@type\":\"ReadAction\",\"target\":[\"https:\\\/\\\/quirutoa.com\\\/es\\\/tours-en-ecuador\\\/banos-tour-de-banos-de-agua-santa\\\/\"]}]},{\"@type\":\"ImageObject\",\"inLanguage\":\"es\",\"@id\":\"https:\\\/\\\/quirutoa.com\\\/es\\\/tours-en-ecuador\\\/banos-tour-de-banos-de-agua-santa\\\/#primaryimage\",\"url\":\"https:\\\/\\\/quirutoa.com\\\/wp-content\\\/uploads\\\/2020\\\/11\\\/Banos-6.jpg\",\"contentUrl\":\"https:\\\/\\\/quirutoa.com\\\/wp-content\\\/uploads\\\/2020\\\/11\\\/Banos-6.jpg\",\"width\":768,\"height\":836,\"caption\":\"Ba\u00f1os - Ba\u00f1os de Agua Santa - Viajes Ecuador | Quilotoa\"},{\"@type\":\"BreadcrumbList\",\"@id\":\"https:\\\/\\\/quirutoa.com\\\/es\\\/tours-en-ecuador\\\/banos-tour-de-banos-de-agua-santa\\\/#breadcrumb\",\"itemListElement\":[{\"@type\":\"ListItem\",\"position\":1,\"name\":\"Portada\",\"item\":\"https:\\\/\\\/quirutoa.com\\\/es\\\/inicio\\\/\"},{\"@type\":\"ListItem\",\"position\":2,\"name\":\"TOURS EN ECUADOR\",\"item\":\"https:\\\/\\\/quirutoa.com\\\/es\\\/tours-en-ecuador\\\/\"},{\"@type\":\"ListItem\",\"position\":3,\"name\":\"Ba\u00f1os | Tour de Ba\u00f1os de Agua Santa\"}]},{\"@type\":\"WebSite\",\"@id\":\"https:\\\/\\\/quirutoa.com\\\/es\\\/#website\",\"url\":\"https:\\\/\\\/quirutoa.com\\\/es\\\/\",\"name\":\"TOURISM TRANSPORTATION IN QUITO\",\"description\":\"Lugares turisticos de Ecuador\",\"publisher\":{\"@id\":\"https:\\\/\\\/quirutoa.com\\\/es\\\/#organization\"},\"potentialAction\":[{\"@type\":\"SearchAction\",\"target\":{\"@type\":\"EntryPoint\",\"urlTemplate\":\"https:\\\/\\\/quirutoa.com\\\/es\\\/?s={search_term_string}\"},\"query-input\":{\"@type\":\"PropertyValueSpecification\",\"valueRequired\":true,\"valueName\":\"search_term_string\"}}],\"inLanguage\":\"es\"},{\"@type\":\"Organization\",\"@id\":\"https:\\\/\\\/quirutoa.com\\\/es\\\/#organization\",\"name\":\"TOURISM TRANSPORTATION IN QUITO\",\"url\":\"https:\\\/\\\/quirutoa.com\\\/es\\\/\",\"logo\":{\"@type\":\"ImageObject\",\"inLanguage\":\"es\",\"@id\":\"https:\\\/\\\/quirutoa.com\\\/es\\\/#\\\/schema\\\/logo\\\/image\\\/\",\"url\":\"https:\\\/\\\/quirutoa.com\\\/wp-content\\\/uploads\\\/2021\\\/01\\\/cropped-Logo-1.png\",\"contentUrl\":\"https:\\\/\\\/quirutoa.com\\\/wp-content\\\/uploads\\\/2021\\\/01\\\/cropped-Logo-1.png\",\"width\":217,\"height\":68,\"caption\":\"TOURISM TRANSPORTATION IN QUITO\"},\"image\":{\"@id\":\"https:\\\/\\\/quirutoa.com\\\/es\\\/#\\\/schema\\\/logo\\\/image\\\/\"}}]}<\/script>\n<!-- \/ Yoast SEO plugin. -->","yoast_head_json":{"title":"Tour Privado Ba\u00f1os | Aventura y Cascadas | Quirutoa","description":"\u00a1Descubre Ba\u00f1os de Agua Santa! Disfruta de un tour privado a la cascada Pail\u00f3n del Diablo, el Columpio del Fin del Mundo.","robots":{"index":"index","follow":"follow","max-snippet":"max-snippet:-1","max-image-preview":"max-image-preview:large","max-video-preview":"max-video-preview:-1"},"canonical":"https:\/\/quirutoa.com\/es\/tours-en-ecuador\/banos-tour-de-banos-de-agua-santa\/","og_locale":"es_ES","og_type":"article","og_title":"Tour Privado Ba\u00f1os | Aventura y Cascadas | Quirutoa","og_description":"\u00a1Descubre Ba\u00f1os de Agua Santa! Disfruta de un tour privado a la cascada Pail\u00f3n del Diablo, el Columpio del Fin del Mundo.","og_url":"https:\/\/quirutoa.com\/es\/tours-en-ecuador\/banos-tour-de-banos-de-agua-santa\/","og_site_name":"TOURISM TRANSPORTATION IN QUITO","article_modified_time":"2026-02-20T16:50:52+00:00","og_image":[{"width":768,"height":836,"url":"https:\/\/quirutoa.com\/wp-content\/uploads\/2020\/11\/Banos-6.jpg","type":"image\/jpeg"}],"twitter_card":"summary_large_image","twitter_misc":{"Tiempo de lectura":"1 minuto"},"schema":{"@context":"https:\/\/schema.org","@graph":[{"@type":"WebPage","@id":"https:\/\/quirutoa.com\/es\/tours-en-ecuador\/banos-tour-de-banos-de-agua-santa\/","url":"https:\/\/quirutoa.com\/es\/tours-en-ecuador\/banos-tour-de-banos-de-agua-santa\/","name":"Tour Privado Ba\u00f1os | Aventura y Cascadas | Quirutoa","isPartOf":{"@id":"https:\/\/quirutoa.com\/es\/#website"},"primaryImageOfPage":{"@id":"https:\/\/quirutoa.com\/es\/tours-en-ecuador\/banos-tour-de-banos-de-agua-santa\/#primaryimage"},"image":{"@id":"https:\/\/quirutoa.com\/es\/tours-en-ecuador\/banos-tour-de-banos-de-agua-santa\/#primaryimage"},"thumbnailUrl":"https:\/\/quirutoa.com\/wp-content\/uploads\/2020\/11\/Banos-6.jpg","datePublished":"2020-11-02T01:10:56+00:00","dateModified":"2026-02-20T16:50:52+00:00","description":"\u00a1Descubre Ba\u00f1os de Agua Santa! Disfruta de un tour privado a la cascada Pail\u00f3n del Diablo, el Columpio del Fin del Mundo.","breadcrumb":{"@id":"https:\/\/quirutoa.com\/es\/tours-en-ecuador\/banos-tour-de-banos-de-agua-santa\/#breadcrumb"},"inLanguage":"es","potentialAction":[{"@type":"ReadAction","target":["https:\/\/quirutoa.com\/es\/tours-en-ecuador\/banos-tour-de-banos-de-agua-santa\/"]}]},{"@type":"ImageObject","inLanguage":"es","@id":"https:\/\/quirutoa.com\/es\/tours-en-ecuador\/banos-tour-de-banos-de-agua-santa\/#primaryimage","url":"https:\/\/quirutoa.com\/wp-content\/uploads\/2020\/11\/Banos-6.jpg","contentUrl":"https:\/\/quirutoa.com\/wp-content\/uploads\/2020\/11\/Banos-6.jpg","width":768,"height":836,"caption":"Ba\u00f1os - Ba\u00f1os de Agua Santa - Viajes Ecuador | Quilotoa"},{"@type":"BreadcrumbList","@id":"https:\/\/quirutoa.com\/es\/tours-en-ecuador\/banos-tour-de-banos-de-agua-santa\/#breadcrumb","itemListElement":[{"@type":"ListItem","position":1,"name":"Portada","item":"https:\/\/quirutoa.com\/es\/inicio\/"},{"@type":"ListItem","position":2,"name":"TOURS EN ECUADOR","item":"https:\/\/quirutoa.com\/es\/tours-en-ecuador\/"},{"@type":"ListItem","position":3,"name":"Ba\u00f1os | Tour de Ba\u00f1os de Agua Santa"}]},{"@type":"WebSite","@id":"https:\/\/quirutoa.com\/es\/#website","url":"https:\/\/quirutoa.com\/es\/","name":"TOURISM TRANSPORTATION IN QUITO","description":"Lugares turisticos de Ecuador","publisher":{"@id":"https:\/\/quirutoa.com\/es\/#organization"},"potentialAction":[{"@type":"SearchAction","target":{"@type":"EntryPoint","urlTemplate":"https:\/\/quirutoa.com\/es\/?s={search_term_string}"},"query-input":{"@type":"PropertyValueSpecification","valueRequired":true,"valueName":"search_term_string"}}],"inLanguage":"es"},{"@type":"Organization","@id":"https:\/\/quirutoa.com\/es\/#organization","name":"TOURISM TRANSPORTATION IN QUITO","url":"https:\/\/quirutoa.com\/es\/","logo":{"@type":"ImageObject","inLanguage":"es","@id":"https:\/\/quirutoa.com\/es\/#\/schema\/logo\/image\/","url":"https:\/\/quirutoa.com\/wp-content\/uploads\/2021\/01\/cropped-Logo-1.png","contentUrl":"https:\/\/quirutoa.com\/wp-content\/uploads\/2021\/01\/cropped-Logo-1.png","width":217,"height":68,"caption":"TOURISM TRANSPORTATION IN QUITO"},"image":{"@id":"https:\/\/quirutoa.com\/es\/#\/schema\/logo\/image\/"}}]}},"_links":{"self":[{"href":"https:\/\/quirutoa.com\/es\/wp-json\/wp\/v2\/pages\/15485","targetHints":{"allow":["GET"]}}],"collection":[{"href":"https:\/\/quirutoa.com\/es\/wp-json\/wp\/v2\/pages"}],"about":[{"href":"https:\/\/quirutoa.com\/es\/wp-json\/wp\/v2\/types\/page"}],"author":[{"embeddable":true,"href":"https:\/\/quirutoa.com\/es\/wp-json\/wp\/v2\/users\/3"}],"replies":[{"embeddable":true,"href":"https:\/\/quirutoa.com\/es\/wp-json\/wp\/v2\/comments?post=15485"}],"version-history":[{"count":0,"href":"https:\/\/quirutoa.com\/es\/wp-json\/wp\/v2\/pages\/15485\/revisions"}],"up":[{"embeddable":true,"href":"https:\/\/quirutoa.com\/es\/wp-json\/wp\/v2\/pages\/15422"}],"wp:featuredmedia":[{"embeddable":true,"href":"https:\/\/quirutoa.com\/es\/wp-json\/wp\/v2\/media\/15488"}],"wp:attachment":[{"href":"https:\/\/quirutoa.com\/es\/wp-json\/wp\/v2\/media?parent=15485"}],"curies":[{"name":"wp","href":"https:\/\/api.w.org\/{rel}","templated":true}]}}