{"id":15491,"date":"2020-10-05T20:59:29","date_gmt":"2020-10-06T01:59:29","guid":{"rendered":"https:\/\/quirutoa.com\/tours-en-ecuador\/tour-del-chocolate-en-mindo\/"},"modified":"2026-02-20T11:32:44","modified_gmt":"2026-02-20T16:32:44","slug":"tour-del-chocolate-en-mindo","status":"publish","type":"page","link":"https:\/\/quirutoa.com\/es\/tours-en-ecuador\/tour-del-chocolate-en-mindo\/","title":{"rendered":"Tour del chocolate en Mindo"},"content":{"rendered":"\t\t<div data-elementor-type=\"wp-post\" data-elementor-id=\"15491\" class=\"elementor elementor-15491 elementor-10233\" data-elementor-post-type=\"page\">\n\t\t\t\t\t\t<section class=\"elementor-section elementor-top-section elementor-element elementor-element-95afd0e elementor-section-full_width elementor-section-height-default elementor-section-height-default\" data-id=\"95afd0e\" data-element_type=\"section\" data-e-type=\"section\">\n\t\t\t\t\t\t<div class=\"elementor-container elementor-column-gap-default\">\n\t\t\t\t\t<div class=\"elementor-column elementor-col-100 elementor-top-column elementor-element elementor-element-bf9731e\" data-id=\"bf9731e\" data-element_type=\"column\" data-e-type=\"column\">\n\t\t\t<div class=\"elementor-widget-wrap elementor-element-populated\">\n\t\t\t\t\t\t<div class=\"elementor-element elementor-element-96194ed elementor-widget elementor-widget-heading\" data-id=\"96194ed\" data-element_type=\"widget\" data-e-type=\"widget\" data-widget_type=\"heading.default\">\n\t\t\t\t<div class=\"elementor-widget-container\">\n\t\t\t\t\t<h1 class=\"elementor-heading-title elementor-size-default\">Degustaci\u00f3n de chocolate ecuatoriano y taller artesanal<\/h1>\t\t\t\t<\/div>\n\t\t\t\t<\/div>\n\t\t\t\t<div class=\"elementor-element elementor-element-f33d442 elementor-widget elementor-widget-image\" data-id=\"f33d442\" data-element_type=\"widget\" data-e-type=\"widget\" data-widget_type=\"image.default\">\n\t\t\t\t<div class=\"elementor-widget-container\">\n\t\t\t\t\t\t\t\t\t\t\t\t\t\t\t<img fetchpriority=\"high\" decoding=\"async\" width=\"800\" height=\"398\" src=\"https:\/\/quirutoa.com\/wp-content\/uploads\/2021\/01\/Chocolate-9.jpg\" class=\"attachment-large size-large wp-image-15433\" alt=\"Tour de chocolate - Mindo - Ecuador | Quirutoa\" srcset=\"https:\/\/quirutoa.com\/wp-content\/uploads\/2021\/01\/Chocolate-9.jpg 1024w, https:\/\/quirutoa.com\/wp-content\/uploads\/2021\/01\/Chocolate-9-300x149.jpg 300w, https:\/\/quirutoa.com\/wp-content\/uploads\/2021\/01\/Chocolate-9-768x383.jpg 768w\" sizes=\"(max-width: 800px) 100vw, 800px\" \/>\t\t\t\t\t\t\t\t\t\t\t\t\t\t\t<\/div>\n\t\t\t\t<\/div>\n\t\t\t\t<div class=\"elementor-element elementor-element-aad39b0 elementor-widget elementor-widget-text-editor\" data-id=\"aad39b0\" data-element_type=\"widget\" data-e-type=\"widget\" data-widget_type=\"text-editor.default\">\n\t\t\t\t<div class=\"elementor-widget-container\">\n\t\t\t\t\t\t\t\t\t<p><span style=\"font-weight: 400;\">Ecuador ofrece al mundo una ruta tur\u00edstica del cacao, donde los visitantes pueden ser testigos del trabajo manual que se realiza para lograr la mejor calidad en un producto cuyo valor es intr\u00ednseco a su gen\u00e9tica, pero sin la mano de ese agricultor de rostro curtido por el sol y pasi\u00f3n por su tierra, no ser\u00eda posible.<\/span><\/p>\t\t\t\t\t\t\t\t<\/div>\n\t\t\t\t<\/div>\n\t\t\t\t<div class=\"elementor-element elementor-element-67feb06 elementor-widget elementor-widget-heading\" data-id=\"67feb06\" data-element_type=\"widget\" data-e-type=\"widget\" data-widget_type=\"heading.default\">\n\t\t\t\t<div class=\"elementor-widget-container\">\n\t\t\t\t\t<h2 class=\"elementor-heading-title elementor-size-default\">Viajar por Ecuador - Cultura y naturaleza<\/h2>\t\t\t\t<\/div>\n\t\t\t\t<\/div>\n\t\t\t\t<div class=\"elementor-element elementor-element-374499e elementor-widget elementor-widget-text-editor\" data-id=\"374499e\" data-element_type=\"widget\" data-e-type=\"widget\" data-widget_type=\"text-editor.default\">\n\t\t\t\t<div class=\"elementor-widget-container\">\n\t\t\t\t\t\t\t\t\t<p><span style=\"font-weight: 400;\">El chocolate de Ecuador es conocido por ser uno de los mejores del mundo. Los chocolateros del pa\u00eds han ganado un reconocimiento creciente en los \u00faltimos a\u00f1os con sus tabletas, galardonadas por sus sorprendentes sabores y aromas. <\/span><\/p>\t\t\t\t\t\t\t\t<\/div>\n\t\t\t\t<\/div>\n\t\t\t\t\t<\/div>\n\t\t<\/div>\n\t\t\t\t\t<\/div>\n\t\t<\/section>\n\t\t\t\t<section class=\"elementor-section elementor-top-section elementor-element elementor-element-17f3db5 elementor-section-full_width elementor-section-height-default elementor-section-height-default\" data-id=\"17f3db5\" data-element_type=\"section\" data-e-type=\"section\" data-settings=\"{&quot;shape_divider_bottom&quot;:&quot;opacity-tilt&quot;}\">\n\t\t\t\t\t<div class=\"elementor-shape elementor-shape-bottom\" aria-hidden=\"true\" data-negative=\"false\">\n\t\t\t<svg xmlns=\"http:\/\/www.w3.org\/2000\/svg\" viewBox=\"0 0 2600 131.1\" preserveAspectRatio=\"none\">\n\t<path class=\"elementor-shape-fill\" d=\"M0 0L2600 0 2600 69.1 0 0z\"\/>\n\t<path class=\"elementor-shape-fill\" style=\"opacity:0.5\" d=\"M0 0L2600 0 2600 69.1 0 69.1z\"\/>\n\t<path class=\"elementor-shape-fill\" style=\"opacity:0.25\" d=\"M2600 0L0 0 0 130.1 2600 69.1z\"\/>\n<\/svg>\t\t<\/div>\n\t\t\t\t\t<div class=\"elementor-container elementor-column-gap-default\">\n\t\t\t\t\t<div class=\"elementor-column elementor-col-50 elementor-top-column elementor-element elementor-element-7dcb69d\" data-id=\"7dcb69d\" data-element_type=\"column\" data-e-type=\"column\" data-settings=\"{&quot;background_background&quot;:&quot;gradient&quot;}\">\n\t\t\t<div class=\"elementor-widget-wrap elementor-element-populated\">\n\t\t\t\t\t\t<div class=\"elementor-element elementor-element-0001815 elementor-widget elementor-widget-image\" data-id=\"0001815\" data-element_type=\"widget\" data-e-type=\"widget\" data-widget_type=\"image.default\">\n\t\t\t\t<div class=\"elementor-widget-container\">\n\t\t\t\t\t\t\t\t\t\t\t\t<figure class=\"wp-caption\">\n\t\t\t\t\t\t\t\t\t\t<img decoding=\"async\" width=\"800\" height=\"419\" src=\"https:\/\/quirutoa.com\/wp-content\/uploads\/2020\/10\/Chocolate.jpg\" class=\"attachment-large size-large wp-image-15492\" alt=\"Tour del chocolate - Viajar por Ecuador | Quirutoa\" srcset=\"https:\/\/quirutoa.com\/wp-content\/uploads\/2020\/10\/Chocolate.jpg 1024w, https:\/\/quirutoa.com\/wp-content\/uploads\/2020\/10\/Chocolate-300x157.jpg 300w, https:\/\/quirutoa.com\/wp-content\/uploads\/2020\/10\/Chocolate-768x402.jpg 768w\" sizes=\"(max-width: 800px) 100vw, 800px\" \/>\t\t\t\t\t\t\t\t\t\t\t<figcaption class=\"widget-image-caption wp-caption-text\">Producci\u00f3n de cacao<\/figcaption>\n\t\t\t\t\t\t\t\t\t\t<\/figure>\n\t\t\t\t\t\t\t\t\t<\/div>\n\t\t\t\t<\/div>\n\t\t\t\t<div class=\"elementor-element elementor-element-deaf214 elementor-hidden-desktop elementor-widget-divider--view-line elementor-widget elementor-widget-divider\" data-id=\"deaf214\" data-element_type=\"widget\" data-e-type=\"widget\" data-widget_type=\"divider.default\">\n\t\t\t\t<div class=\"elementor-widget-container\">\n\t\t\t\t\t\t\t<div class=\"elementor-divider\">\n\t\t\t<span class=\"elementor-divider-separator\">\n\t\t\t\t\t\t<\/span>\n\t\t<\/div>\n\t\t\t\t\t\t<\/div>\n\t\t\t\t<\/div>\n\t\t\t\t\t<\/div>\n\t\t<\/div>\n\t\t\t\t<div class=\"elementor-column elementor-col-50 elementor-top-column elementor-element elementor-element-4d084f2\" data-id=\"4d084f2\" data-element_type=\"column\" data-e-type=\"column\" data-settings=\"{&quot;background_background&quot;:&quot;gradient&quot;}\">\n\t\t\t<div class=\"elementor-widget-wrap elementor-element-populated\">\n\t\t\t\t\t\t<div class=\"elementor-element elementor-element-24e2716 elementor-widget elementor-widget-image\" data-id=\"24e2716\" data-element_type=\"widget\" data-e-type=\"widget\" data-widget_type=\"image.default\">\n\t\t\t\t<div class=\"elementor-widget-container\">\n\t\t\t\t\t\t\t\t\t\t\t\t<figure class=\"wp-caption\">\n\t\t\t\t\t\t\t\t\t\t<img decoding=\"async\" width=\"263\" height=\"200\" src=\"https:\/\/quirutoa.com\/wp-content\/uploads\/2020\/10\/Chocolate-8.jpg\" class=\"attachment-large size-large wp-image-15493\" alt=\"Tour del chocolate - Viajar por Ecuador | Quirutoa\" \/>\t\t\t\t\t\t\t\t\t\t\t<figcaption class=\"widget-image-caption wp-caption-text\">Tour de chocolate<\/figcaption>\n\t\t\t\t\t\t\t\t\t\t<\/figure>\n\t\t\t\t\t\t\t\t\t<\/div>\n\t\t\t\t<\/div>\n\t\t\t\t\t<\/div>\n\t\t<\/div>\n\t\t\t\t\t<\/div>\n\t\t<\/section>\n\t\t\t\t<section class=\"elementor-section elementor-top-section elementor-element elementor-element-b5089ea elementor-section-full_width elementor-section-height-default elementor-section-height-default\" data-id=\"b5089ea\" data-element_type=\"section\" data-e-type=\"section\" data-settings=\"{&quot;background_background&quot;:&quot;classic&quot;}\">\n\t\t\t\t\t\t<div class=\"elementor-container elementor-column-gap-default\">\n\t\t\t\t\t<div class=\"elementor-column elementor-col-100 elementor-top-column elementor-element elementor-element-9dccc10\" data-id=\"9dccc10\" data-element_type=\"column\" data-e-type=\"column\">\n\t\t\t<div class=\"elementor-widget-wrap elementor-element-populated\">\n\t\t\t\t\t\t<div class=\"elementor-element elementor-element-5745b4f elementor-widget elementor-widget-text-editor\" data-id=\"5745b4f\" data-element_type=\"widget\" data-e-type=\"widget\" data-widget_type=\"text-editor.default\">\n\t\t\t\t<div class=\"elementor-widget-container\">\n\t\t\t\t\t\t\t\t\t<p>Servicio de alta calidad garantizado.<\/p><p>WhatsApp | Correo electr\u00f3nico | Llamada telef\u00f3nica<\/p><p>\u00a1P\u00f3ngase en contacto con nosotros y le responderemos en breve!<\/p>\t\t\t\t\t\t\t\t<\/div>\n\t\t\t\t<\/div>\n\t\t\t\t\t<\/div>\n\t\t<\/div>\n\t\t\t\t\t<\/div>\n\t\t<\/section>\n\t\t\t\t<\/div>\n\t\t","protected":false},"excerpt":{"rendered":"<p>Degustaci\u00f3n de chocolate ecuatoriano y taller artesanal Ecuador ofrece al mundo una ruta tur\u00edstica del cacao, donde los visitantes pueden ser testigos del trabajo manual que se realiza para lograr la mejor calidad en un producto cuyo valor es intr\u00ednseco a su gen\u00e9tica, pero sin la mano de ese agricultor de rostro curtido por el [&hellip;]<\/p>\n","protected":false},"author":3,"featured_media":15492,"parent":15422,"menu_order":0,"comment_status":"closed","ping_status":"closed","template":"elementor_header_footer","meta":{"_joinchat":[],"footnotes":""},"class_list":["post-15491","page","type-page","status-publish","has-post-thumbnail","hentry"],"yoast_head":"<!-- This site is optimized with the Yoast SEO plugin v27.3 - https:\/\/yoast.com\/product\/yoast-seo-wordpress\/ -->\n<title>Tour de Chocolate en Ecuador | Cata y Taller Privado | Quirutoa<\/title>\n<meta name=\"description\" content=\"Descubra los secretos del mejor cacao del mundo. \u00danase a nuestro tour privado de chocolate en Ecuador para disfrutar de una experiencia completa y degustaciones premium.\" \/>\n<meta name=\"robots\" content=\"index, follow, max-snippet:-1, max-image-preview:large, max-video-preview:-1\" \/>\n<link rel=\"canonical\" href=\"https:\/\/quirutoa.com\/es\/tours-en-ecuador\/tour-del-chocolate-en-mindo\/\" \/>\n<meta property=\"og:locale\" content=\"es_ES\" \/>\n<meta property=\"og:type\" content=\"article\" \/>\n<meta property=\"og:title\" content=\"Tour de Chocolate en Ecuador | Cata y Taller Privado | Quirutoa\" \/>\n<meta property=\"og:description\" content=\"Descubra los secretos del mejor cacao del mundo. \u00danase a nuestro tour privado de chocolate en Ecuador para disfrutar de una experiencia completa y degustaciones premium.\" \/>\n<meta property=\"og:url\" content=\"https:\/\/quirutoa.com\/es\/tours-en-ecuador\/tour-del-chocolate-en-mindo\/\" \/>\n<meta property=\"og:site_name\" content=\"TOURISM TRANSPORTATION IN QUITO\" \/>\n<meta property=\"article:modified_time\" content=\"2026-02-20T16:32:44+00:00\" \/>\n<meta property=\"og:image\" content=\"https:\/\/quirutoa.com\/wp-content\/uploads\/2020\/10\/Chocolate.jpg\" \/>\n\t<meta property=\"og:image:width\" content=\"1024\" \/>\n\t<meta property=\"og:image:height\" content=\"536\" \/>\n\t<meta property=\"og:image:type\" content=\"image\/jpeg\" \/>\n<meta name=\"twitter:card\" content=\"summary_large_image\" \/>\n<meta name=\"twitter:label1\" content=\"Tiempo de lectura\" \/>\n\t<meta name=\"twitter:data1\" content=\"1 minuto\" \/>\n<script type=\"application\/ld+json\" class=\"yoast-schema-graph\">{\"@context\":\"https:\\\/\\\/schema.org\",\"@graph\":[{\"@type\":\"WebPage\",\"@id\":\"https:\\\/\\\/quirutoa.com\\\/es\\\/tours-en-ecuador\\\/tour-del-chocolate-en-mindo\\\/\",\"url\":\"https:\\\/\\\/quirutoa.com\\\/es\\\/tours-en-ecuador\\\/tour-del-chocolate-en-mindo\\\/\",\"name\":\"Tour de Chocolate en Ecuador | Cata y Taller Privado | Quirutoa\",\"isPartOf\":{\"@id\":\"https:\\\/\\\/quirutoa.com\\\/es\\\/#website\"},\"primaryImageOfPage\":{\"@id\":\"https:\\\/\\\/quirutoa.com\\\/es\\\/tours-en-ecuador\\\/tour-del-chocolate-en-mindo\\\/#primaryimage\"},\"image\":{\"@id\":\"https:\\\/\\\/quirutoa.com\\\/es\\\/tours-en-ecuador\\\/tour-del-chocolate-en-mindo\\\/#primaryimage\"},\"thumbnailUrl\":\"https:\\\/\\\/quirutoa.com\\\/wp-content\\\/uploads\\\/2020\\\/10\\\/Chocolate.jpg\",\"datePublished\":\"2020-10-06T01:59:29+00:00\",\"dateModified\":\"2026-02-20T16:32:44+00:00\",\"description\":\"Descubra los secretos del mejor cacao del mundo. \u00danase a nuestro tour privado de chocolate en Ecuador para disfrutar de una experiencia completa y degustaciones premium.\",\"breadcrumb\":{\"@id\":\"https:\\\/\\\/quirutoa.com\\\/es\\\/tours-en-ecuador\\\/tour-del-chocolate-en-mindo\\\/#breadcrumb\"},\"inLanguage\":\"es\",\"potentialAction\":[{\"@type\":\"ReadAction\",\"target\":[\"https:\\\/\\\/quirutoa.com\\\/es\\\/tours-en-ecuador\\\/tour-del-chocolate-en-mindo\\\/\"]}]},{\"@type\":\"ImageObject\",\"inLanguage\":\"es\",\"@id\":\"https:\\\/\\\/quirutoa.com\\\/es\\\/tours-en-ecuador\\\/tour-del-chocolate-en-mindo\\\/#primaryimage\",\"url\":\"https:\\\/\\\/quirutoa.com\\\/wp-content\\\/uploads\\\/2020\\\/10\\\/Chocolate.jpg\",\"contentUrl\":\"https:\\\/\\\/quirutoa.com\\\/wp-content\\\/uploads\\\/2020\\\/10\\\/Chocolate.jpg\",\"width\":1024,\"height\":536,\"caption\":\"Tour del chocolate - Viajar por Ecuador | Quirutoa\"},{\"@type\":\"BreadcrumbList\",\"@id\":\"https:\\\/\\\/quirutoa.com\\\/es\\\/tours-en-ecuador\\\/tour-del-chocolate-en-mindo\\\/#breadcrumb\",\"itemListElement\":[{\"@type\":\"ListItem\",\"position\":1,\"name\":\"Portada\",\"item\":\"https:\\\/\\\/quirutoa.com\\\/es\\\/inicio\\\/\"},{\"@type\":\"ListItem\",\"position\":2,\"name\":\"TOURS EN ECUADOR\",\"item\":\"https:\\\/\\\/quirutoa.com\\\/es\\\/tours-en-ecuador\\\/\"},{\"@type\":\"ListItem\",\"position\":3,\"name\":\"Tour del chocolate en Mindo\"}]},{\"@type\":\"WebSite\",\"@id\":\"https:\\\/\\\/quirutoa.com\\\/es\\\/#website\",\"url\":\"https:\\\/\\\/quirutoa.com\\\/es\\\/\",\"name\":\"TOURISM TRANSPORTATION IN QUITO\",\"description\":\"Lugares turisticos de Ecuador\",\"publisher\":{\"@id\":\"https:\\\/\\\/quirutoa.com\\\/es\\\/#organization\"},\"potentialAction\":[{\"@type\":\"SearchAction\",\"target\":{\"@type\":\"EntryPoint\",\"urlTemplate\":\"https:\\\/\\\/quirutoa.com\\\/es\\\/?s={search_term_string}\"},\"query-input\":{\"@type\":\"PropertyValueSpecification\",\"valueRequired\":true,\"valueName\":\"search_term_string\"}}],\"inLanguage\":\"es\"},{\"@type\":\"Organization\",\"@id\":\"https:\\\/\\\/quirutoa.com\\\/es\\\/#organization\",\"name\":\"TOURISM TRANSPORTATION IN QUITO\",\"url\":\"https:\\\/\\\/quirutoa.com\\\/es\\\/\",\"logo\":{\"@type\":\"ImageObject\",\"inLanguage\":\"es\",\"@id\":\"https:\\\/\\\/quirutoa.com\\\/es\\\/#\\\/schema\\\/logo\\\/image\\\/\",\"url\":\"https:\\\/\\\/quirutoa.com\\\/wp-content\\\/uploads\\\/2021\\\/01\\\/cropped-Logo-1.png\",\"contentUrl\":\"https:\\\/\\\/quirutoa.com\\\/wp-content\\\/uploads\\\/2021\\\/01\\\/cropped-Logo-1.png\",\"width\":217,\"height\":68,\"caption\":\"TOURISM TRANSPORTATION IN QUITO\"},\"image\":{\"@id\":\"https:\\\/\\\/quirutoa.com\\\/es\\\/#\\\/schema\\\/logo\\\/image\\\/\"}}]}<\/script>\n<!-- \/ Yoast SEO plugin. -->","yoast_head_json":{"title":"Tour de Chocolate en Ecuador | Cata y Taller Privado | Quirutoa","description":"Descubra los secretos del mejor cacao del mundo. \u00danase a nuestro tour privado de chocolate en Ecuador para disfrutar de una experiencia completa y degustaciones premium.","robots":{"index":"index","follow":"follow","max-snippet":"max-snippet:-1","max-image-preview":"max-image-preview:large","max-video-preview":"max-video-preview:-1"},"canonical":"https:\/\/quirutoa.com\/es\/tours-en-ecuador\/tour-del-chocolate-en-mindo\/","og_locale":"es_ES","og_type":"article","og_title":"Tour de Chocolate en Ecuador | Cata y Taller Privado | Quirutoa","og_description":"Descubra los secretos del mejor cacao del mundo. \u00danase a nuestro tour privado de chocolate en Ecuador para disfrutar de una experiencia completa y degustaciones premium.","og_url":"https:\/\/quirutoa.com\/es\/tours-en-ecuador\/tour-del-chocolate-en-mindo\/","og_site_name":"TOURISM TRANSPORTATION IN QUITO","article_modified_time":"2026-02-20T16:32:44+00:00","og_image":[{"width":1024,"height":536,"url":"https:\/\/quirutoa.com\/wp-content\/uploads\/2020\/10\/Chocolate.jpg","type":"image\/jpeg"}],"twitter_card":"summary_large_image","twitter_misc":{"Tiempo de lectura":"1 minuto"},"schema":{"@context":"https:\/\/schema.org","@graph":[{"@type":"WebPage","@id":"https:\/\/quirutoa.com\/es\/tours-en-ecuador\/tour-del-chocolate-en-mindo\/","url":"https:\/\/quirutoa.com\/es\/tours-en-ecuador\/tour-del-chocolate-en-mindo\/","name":"Tour de Chocolate en Ecuador | Cata y Taller Privado | Quirutoa","isPartOf":{"@id":"https:\/\/quirutoa.com\/es\/#website"},"primaryImageOfPage":{"@id":"https:\/\/quirutoa.com\/es\/tours-en-ecuador\/tour-del-chocolate-en-mindo\/#primaryimage"},"image":{"@id":"https:\/\/quirutoa.com\/es\/tours-en-ecuador\/tour-del-chocolate-en-mindo\/#primaryimage"},"thumbnailUrl":"https:\/\/quirutoa.com\/wp-content\/uploads\/2020\/10\/Chocolate.jpg","datePublished":"2020-10-06T01:59:29+00:00","dateModified":"2026-02-20T16:32:44+00:00","description":"Descubra los secretos del mejor cacao del mundo. \u00danase a nuestro tour privado de chocolate en Ecuador para disfrutar de una experiencia completa y degustaciones premium.","breadcrumb":{"@id":"https:\/\/quirutoa.com\/es\/tours-en-ecuador\/tour-del-chocolate-en-mindo\/#breadcrumb"},"inLanguage":"es","potentialAction":[{"@type":"ReadAction","target":["https:\/\/quirutoa.com\/es\/tours-en-ecuador\/tour-del-chocolate-en-mindo\/"]}]},{"@type":"ImageObject","inLanguage":"es","@id":"https:\/\/quirutoa.com\/es\/tours-en-ecuador\/tour-del-chocolate-en-mindo\/#primaryimage","url":"https:\/\/quirutoa.com\/wp-content\/uploads\/2020\/10\/Chocolate.jpg","contentUrl":"https:\/\/quirutoa.com\/wp-content\/uploads\/2020\/10\/Chocolate.jpg","width":1024,"height":536,"caption":"Tour del chocolate - Viajar por Ecuador | Quirutoa"},{"@type":"BreadcrumbList","@id":"https:\/\/quirutoa.com\/es\/tours-en-ecuador\/tour-del-chocolate-en-mindo\/#breadcrumb","itemListElement":[{"@type":"ListItem","position":1,"name":"Portada","item":"https:\/\/quirutoa.com\/es\/inicio\/"},{"@type":"ListItem","position":2,"name":"TOURS EN ECUADOR","item":"https:\/\/quirutoa.com\/es\/tours-en-ecuador\/"},{"@type":"ListItem","position":3,"name":"Tour del chocolate en Mindo"}]},{"@type":"WebSite","@id":"https:\/\/quirutoa.com\/es\/#website","url":"https:\/\/quirutoa.com\/es\/","name":"TOURISM TRANSPORTATION IN QUITO","description":"Lugares turisticos de Ecuador","publisher":{"@id":"https:\/\/quirutoa.com\/es\/#organization"},"potentialAction":[{"@type":"SearchAction","target":{"@type":"EntryPoint","urlTemplate":"https:\/\/quirutoa.com\/es\/?s={search_term_string}"},"query-input":{"@type":"PropertyValueSpecification","valueRequired":true,"valueName":"search_term_string"}}],"inLanguage":"es"},{"@type":"Organization","@id":"https:\/\/quirutoa.com\/es\/#organization","name":"TOURISM TRANSPORTATION IN QUITO","url":"https:\/\/quirutoa.com\/es\/","logo":{"@type":"ImageObject","inLanguage":"es","@id":"https:\/\/quirutoa.com\/es\/#\/schema\/logo\/image\/","url":"https:\/\/quirutoa.com\/wp-content\/uploads\/2021\/01\/cropped-Logo-1.png","contentUrl":"https:\/\/quirutoa.com\/wp-content\/uploads\/2021\/01\/cropped-Logo-1.png","width":217,"height":68,"caption":"TOURISM TRANSPORTATION IN QUITO"},"image":{"@id":"https:\/\/quirutoa.com\/es\/#\/schema\/logo\/image\/"}}]}},"_links":{"self":[{"href":"https:\/\/quirutoa.com\/es\/wp-json\/wp\/v2\/pages\/15491","targetHints":{"allow":["GET"]}}],"collection":[{"href":"https:\/\/quirutoa.com\/es\/wp-json\/wp\/v2\/pages"}],"about":[{"href":"https:\/\/quirutoa.com\/es\/wp-json\/wp\/v2\/types\/page"}],"author":[{"embeddable":true,"href":"https:\/\/quirutoa.com\/es\/wp-json\/wp\/v2\/users\/3"}],"replies":[{"embeddable":true,"href":"https:\/\/quirutoa.com\/es\/wp-json\/wp\/v2\/comments?post=15491"}],"version-history":[{"count":0,"href":"https:\/\/quirutoa.com\/es\/wp-json\/wp\/v2\/pages\/15491\/revisions"}],"up":[{"embeddable":true,"href":"https:\/\/quirutoa.com\/es\/wp-json\/wp\/v2\/pages\/15422"}],"wp:featuredmedia":[{"embeddable":true,"href":"https:\/\/quirutoa.com\/es\/wp-json\/wp\/v2\/media\/15492"}],"wp:attachment":[{"href":"https:\/\/quirutoa.com\/es\/wp-json\/wp\/v2\/media?parent=15491"}],"curies":[{"name":"wp","href":"https:\/\/api.w.org\/{rel}","templated":true}]}}