{"id":15509,"date":"2020-10-15T03:30:23","date_gmt":"2020-10-15T08:30:23","guid":{"rendered":"https:\/\/quirutoa.com\/tours-en-ecuador\/tour-del-volcan-cotopaxi\/"},"modified":"2026-02-20T11:31:42","modified_gmt":"2026-02-20T16:31:42","slug":"tour-del-volcan-cotopaxi","status":"publish","type":"page","link":"https:\/\/quirutoa.com\/es\/tours-en-ecuador\/tour-del-volcan-cotopaxi\/","title":{"rendered":"Tour del Volc\u00e1n Cotopaxi"},"content":{"rendered":"\t\t<div data-elementor-type=\"wp-post\" data-elementor-id=\"15509\" class=\"elementor elementor-15509 elementor-7753\" data-elementor-post-type=\"page\">\n\t\t\t\t\t\t<section class=\"elementor-section elementor-top-section elementor-element elementor-element-703fbb6 elementor-section-full_width elementor-section-height-default elementor-section-height-default\" data-id=\"703fbb6\" data-element_type=\"section\" data-e-type=\"section\">\n\t\t\t\t\t\t<div class=\"elementor-container elementor-column-gap-default\">\n\t\t\t\t\t<div class=\"elementor-column elementor-col-100 elementor-top-column elementor-element elementor-element-c612cae\" data-id=\"c612cae\" data-element_type=\"column\" data-e-type=\"column\">\n\t\t\t<div class=\"elementor-widget-wrap elementor-element-populated\">\n\t\t\t\t\t\t<div class=\"elementor-element elementor-element-e2ae157 elementor-widget elementor-widget-heading\" data-id=\"e2ae157\" data-element_type=\"widget\" data-e-type=\"widget\" data-widget_type=\"heading.default\">\n\t\t\t\t<div class=\"elementor-widget-container\">\n\t\t\t\t\t<h1 class=\"elementor-heading-title elementor-size-default\">Excursi\u00f3n privada de un d\u00eda al Parque Nacional Cotopaxi desde Quito<\/h1>\t\t\t\t<\/div>\n\t\t\t\t<\/div>\n\t\t\t\t<div class=\"elementor-element elementor-element-12b7c54 elementor-widget elementor-widget-text-editor\" data-id=\"12b7c54\" data-element_type=\"widget\" data-e-type=\"widget\" data-widget_type=\"text-editor.default\">\n\t\t\t\t<div class=\"elementor-widget-container\">\n\t\t\t\t\t\t\t\t\t<p><span style=\"font-weight: 400;\">El volc\u00e1n Cotopaxi se encuentra en la cordillera de los Andes, a unos 50 km al sur de la ciudad de Quito. Alcanza una altura de 5.897 metros, lo que lo convierte en el segundo volc\u00e1n m\u00e1s alto de Ecuador y uno de los m\u00e1s elevados del mundo. La actividad de este volc\u00e1n ha sido monitoreada desde 1738, registrando m\u00e1s de 50 erupciones hasta la fecha. La \u00faltima ocurri\u00f3 en agosto de 2015 y se mantuvo activo durante casi un a\u00f1o. Las autoridades ecuatorianas cerraron el acceso a la zona hasta 2017, cuando se realiz\u00f3 una gran reapertura.    <\/span><\/p><p><span style=\"font-weight: 400;\">En un d\u00eda despejado, se puede apreciar el Cotopaxi desde Quito, \u00a1es asombroso! El primer europeo que intent\u00f3 escalarlo, aunque sin \u00e9xito, fue Alexander Von Humboldt en 1802. \u00bfEst\u00e1 listo para intentarlo usted mismo?  <\/span><\/p>\t\t\t\t\t\t\t\t<\/div>\n\t\t\t\t<\/div>\n\t\t\t\t\t<\/div>\n\t\t<\/div>\n\t\t\t\t\t<\/div>\n\t\t<\/section>\n\t\t\t\t<section class=\"elementor-section elementor-top-section elementor-element elementor-element-5fb42d9 elementor-section-full_width elementor-section-height-default elementor-section-height-default\" data-id=\"5fb42d9\" data-element_type=\"section\" data-e-type=\"section\" data-settings=\"{&quot;shape_divider_bottom&quot;:&quot;opacity-tilt&quot;}\">\n\t\t\t\t\t<div class=\"elementor-shape elementor-shape-bottom\" aria-hidden=\"true\" data-negative=\"false\">\n\t\t\t<svg xmlns=\"http:\/\/www.w3.org\/2000\/svg\" viewBox=\"0 0 2600 131.1\" preserveAspectRatio=\"none\">\n\t<path class=\"elementor-shape-fill\" d=\"M0 0L2600 0 2600 69.1 0 0z\"\/>\n\t<path class=\"elementor-shape-fill\" style=\"opacity:0.5\" d=\"M0 0L2600 0 2600 69.1 0 69.1z\"\/>\n\t<path class=\"elementor-shape-fill\" style=\"opacity:0.25\" d=\"M2600 0L0 0 0 130.1 2600 69.1z\"\/>\n<\/svg>\t\t<\/div>\n\t\t\t\t\t<div class=\"elementor-container elementor-column-gap-default\">\n\t\t\t\t\t<div class=\"elementor-column elementor-col-50 elementor-top-column elementor-element elementor-element-816286b\" data-id=\"816286b\" data-element_type=\"column\" data-e-type=\"column\" data-settings=\"{&quot;background_background&quot;:&quot;gradient&quot;}\">\n\t\t\t<div class=\"elementor-widget-wrap elementor-element-populated\">\n\t\t\t\t\t\t<div class=\"elementor-element elementor-element-b416ead elementor-widget elementor-widget-image\" data-id=\"b416ead\" data-element_type=\"widget\" data-e-type=\"widget\" data-widget_type=\"image.default\">\n\t\t\t\t<div class=\"elementor-widget-container\">\n\t\t\t\t\t\t\t\t\t\t\t\t<figure class=\"wp-caption\">\n\t\t\t\t\t\t\t\t\t\t<img fetchpriority=\"high\" decoding=\"async\" width=\"563\" height=\"480\" src=\"https:\/\/quirutoa.com\/wp-content\/uploads\/2020\/10\/Cotopaxi-4.jpg\" class=\"attachment-large size-large wp-image-15510\" alt=\"Volc\u00e1n Cotopaxi - Caminata \u00c9pica - Viajes Ecuador | Quirutoa\" srcset=\"https:\/\/quirutoa.com\/wp-content\/uploads\/2020\/10\/Cotopaxi-4.jpg 563w, https:\/\/quirutoa.com\/wp-content\/uploads\/2020\/10\/Cotopaxi-4-300x256.jpg 300w\" sizes=\"(max-width: 563px) 100vw, 563px\" \/>\t\t\t\t\t\t\t\t\t\t\t<figcaption class=\"widget-image-caption wp-caption-text\">Volc\u00e1n Cotopaxi<\/figcaption>\n\t\t\t\t\t\t\t\t\t\t<\/figure>\n\t\t\t\t\t\t\t\t\t<\/div>\n\t\t\t\t<\/div>\n\t\t\t\t<div class=\"elementor-element elementor-element-78d9469 elementor-hidden-desktop elementor-widget-divider--view-line elementor-widget elementor-widget-divider\" data-id=\"78d9469\" data-element_type=\"widget\" data-e-type=\"widget\" data-widget_type=\"divider.default\">\n\t\t\t\t<div class=\"elementor-widget-container\">\n\t\t\t\t\t\t\t<div class=\"elementor-divider\">\n\t\t\t<span class=\"elementor-divider-separator\">\n\t\t\t\t\t\t<\/span>\n\t\t<\/div>\n\t\t\t\t\t\t<\/div>\n\t\t\t\t<\/div>\n\t\t\t\t\t<\/div>\n\t\t<\/div>\n\t\t\t\t<div class=\"elementor-column elementor-col-50 elementor-top-column elementor-element elementor-element-eeb9a63\" data-id=\"eeb9a63\" data-element_type=\"column\" data-e-type=\"column\" data-settings=\"{&quot;background_background&quot;:&quot;gradient&quot;}\">\n\t\t\t<div class=\"elementor-widget-wrap elementor-element-populated\">\n\t\t\t\t\t\t<div class=\"elementor-element elementor-element-c0b7748 elementor-widget elementor-widget-image\" data-id=\"c0b7748\" data-element_type=\"widget\" data-e-type=\"widget\" data-widget_type=\"image.default\">\n\t\t\t\t<div class=\"elementor-widget-container\">\n\t\t\t\t\t\t\t\t\t\t\t\t<figure class=\"wp-caption\">\n\t\t\t\t\t\t\t\t\t\t<img decoding=\"async\" width=\"634\" height=\"540\" src=\"https:\/\/quirutoa.com\/wp-content\/uploads\/2020\/10\/Cotopaxi-8.jpg\" class=\"attachment-large size-large wp-image-15511\" alt=\"Volc\u00e1n Cotopaxi - Caminata \u00c9pica - Viajes Ecuador | Quirutoa\" srcset=\"https:\/\/quirutoa.com\/wp-content\/uploads\/2020\/10\/Cotopaxi-8.jpg 634w, https:\/\/quirutoa.com\/wp-content\/uploads\/2020\/10\/Cotopaxi-8-300x256.jpg 300w\" sizes=\"(max-width: 634px) 100vw, 634px\" \/>\t\t\t\t\t\t\t\t\t\t\t<figcaption class=\"widget-image-caption wp-caption-text\">Volc\u00e1n Cotopaxi<\/figcaption>\n\t\t\t\t\t\t\t\t\t\t<\/figure>\n\t\t\t\t\t\t\t\t\t<\/div>\n\t\t\t\t<\/div>\n\t\t\t\t\t<\/div>\n\t\t<\/div>\n\t\t\t\t\t<\/div>\n\t\t<\/section>\n\t\t\t\t<section class=\"elementor-section elementor-top-section elementor-element elementor-element-9fa4f17 elementor-section-full_width elementor-section-height-default elementor-section-height-default\" data-id=\"9fa4f17\" data-element_type=\"section\" data-e-type=\"section\">\n\t\t\t\t\t\t<div class=\"elementor-container elementor-column-gap-default\">\n\t\t\t\t\t<div class=\"elementor-column elementor-col-100 elementor-top-column elementor-element elementor-element-1765f3c\" data-id=\"1765f3c\" data-element_type=\"column\" data-e-type=\"column\">\n\t\t\t<div class=\"elementor-widget-wrap elementor-element-populated\">\n\t\t\t\t\t\t<div class=\"elementor-element elementor-element-1a7268a elementor-widget elementor-widget-heading\" data-id=\"1a7268a\" data-element_type=\"widget\" data-e-type=\"widget\" data-widget_type=\"heading.default\">\n\t\t\t\t<div class=\"elementor-widget-container\">\n\t\t\t\t\t<h2 class=\"elementor-heading-title elementor-size-default\">Caminata al Volc\u00e1n Cotopaxi - Los mejores lugares para visitar en Ecuador<\/h2>\t\t\t\t<\/div>\n\t\t\t\t<\/div>\n\t\t\t\t<div class=\"elementor-element elementor-element-6b47dfc elementor-widget elementor-widget-text-editor\" data-id=\"6b47dfc\" data-element_type=\"widget\" data-e-type=\"widget\" data-widget_type=\"text-editor.default\">\n\t\t\t\t<div class=\"elementor-widget-container\">\n\t\t\t\t\t\t\t\t\t<p><span style=\"font-weight: 400;\">Cuenta con sitios naturales como el Parque Nacional Cotopaxi, donde se ubica el activo volc\u00e1n Cotopaxi de fascinante belleza, que ofrece una vista panor\u00e1mica muy hermosa, una variedad excepcional de especies de flora y fauna, y a sus pies, la laguna de Limpiopungo. Su volc\u00e1n, sus r\u00edos, pueblos antiguos y modernos, monumentos, iglesias, las estrechas calles de su capital, sitios de pesca, restaurantes, mont\u00edculos incas, santuarios, sus lagunas, ferias y sitios hist\u00f3ricos le invitan a conversar y extasiarse ante sus maravillas. <\/span><\/p>\t\t\t\t\t\t\t\t<\/div>\n\t\t\t\t<\/div>\n\t\t\t\t\t<\/div>\n\t\t<\/div>\n\t\t\t\t\t<\/div>\n\t\t<\/section>\n\t\t\t\t<section class=\"elementor-section elementor-top-section elementor-element elementor-element-14fb33a elementor-section-full_width elementor-section-height-default elementor-section-height-default\" data-id=\"14fb33a\" data-element_type=\"section\" data-e-type=\"section\" data-settings=\"{&quot;shape_divider_bottom&quot;:&quot;opacity-tilt&quot;}\">\n\t\t\t\t\t<div class=\"elementor-shape elementor-shape-bottom\" aria-hidden=\"true\" data-negative=\"false\">\n\t\t\t<svg xmlns=\"http:\/\/www.w3.org\/2000\/svg\" viewBox=\"0 0 2600 131.1\" preserveAspectRatio=\"none\">\n\t<path class=\"elementor-shape-fill\" d=\"M0 0L2600 0 2600 69.1 0 0z\"\/>\n\t<path class=\"elementor-shape-fill\" style=\"opacity:0.5\" d=\"M0 0L2600 0 2600 69.1 0 69.1z\"\/>\n\t<path class=\"elementor-shape-fill\" style=\"opacity:0.25\" d=\"M2600 0L0 0 0 130.1 2600 69.1z\"\/>\n<\/svg>\t\t<\/div>\n\t\t\t\t\t<div class=\"elementor-container elementor-column-gap-default\">\n\t\t\t\t\t<div class=\"elementor-column elementor-col-50 elementor-top-column elementor-element elementor-element-77c6ce6\" data-id=\"77c6ce6\" data-element_type=\"column\" data-e-type=\"column\" data-settings=\"{&quot;background_background&quot;:&quot;gradient&quot;}\">\n\t\t\t<div class=\"elementor-widget-wrap elementor-element-populated\">\n\t\t\t\t\t\t<div class=\"elementor-element elementor-element-7f07643 elementor-widget elementor-widget-image\" data-id=\"7f07643\" data-element_type=\"widget\" data-e-type=\"widget\" data-widget_type=\"image.default\">\n\t\t\t\t<div class=\"elementor-widget-container\">\n\t\t\t\t\t\t\t\t\t\t\t\t<figure class=\"wp-caption\">\n\t\t\t\t\t\t\t\t\t\t<img decoding=\"async\" width=\"800\" height=\"746\" src=\"https:\/\/quirutoa.com\/wp-content\/uploads\/2021\/01\/Cotopaxi-2.jpg\" class=\"attachment-large size-large wp-image-15429\" alt=\"Volc\u00e1n Cotopaxi - Ruta \u00e9pica | Quirutoa\" srcset=\"https:\/\/quirutoa.com\/wp-content\/uploads\/2021\/01\/Cotopaxi-2.jpg 824w, https:\/\/quirutoa.com\/wp-content\/uploads\/2021\/01\/Cotopaxi-2-300x280.jpg 300w, https:\/\/quirutoa.com\/wp-content\/uploads\/2021\/01\/Cotopaxi-2-768x716.jpg 768w\" sizes=\"(max-width: 800px) 100vw, 800px\" \/>\t\t\t\t\t\t\t\t\t\t\t<figcaption class=\"widget-image-caption wp-caption-text\">Volc\u00e1n Cotopaxi<\/figcaption>\n\t\t\t\t\t\t\t\t\t\t<\/figure>\n\t\t\t\t\t\t\t\t\t<\/div>\n\t\t\t\t<\/div>\n\t\t\t\t<div class=\"elementor-element elementor-element-d4d2f1b elementor-hidden-desktop elementor-widget-divider--view-line elementor-widget elementor-widget-divider\" data-id=\"d4d2f1b\" data-element_type=\"widget\" data-e-type=\"widget\" data-widget_type=\"divider.default\">\n\t\t\t\t<div class=\"elementor-widget-container\">\n\t\t\t\t\t\t\t<div class=\"elementor-divider\">\n\t\t\t<span class=\"elementor-divider-separator\">\n\t\t\t\t\t\t<\/span>\n\t\t<\/div>\n\t\t\t\t\t\t<\/div>\n\t\t\t\t<\/div>\n\t\t\t\t\t<\/div>\n\t\t<\/div>\n\t\t\t\t<div class=\"elementor-column elementor-col-50 elementor-top-column elementor-element elementor-element-3ee17aa\" data-id=\"3ee17aa\" data-element_type=\"column\" data-e-type=\"column\" data-settings=\"{&quot;background_background&quot;:&quot;gradient&quot;}\">\n\t\t\t<div class=\"elementor-widget-wrap elementor-element-populated\">\n\t\t\t\t\t\t<div class=\"elementor-element elementor-element-215a056 elementor-widget elementor-widget-image\" data-id=\"215a056\" data-element_type=\"widget\" data-e-type=\"widget\" data-widget_type=\"image.default\">\n\t\t\t\t<div class=\"elementor-widget-container\">\n\t\t\t\t\t\t\t\t\t\t\t\t<figure class=\"wp-caption\">\n\t\t\t\t\t\t\t\t\t\t<img loading=\"lazy\" decoding=\"async\" width=\"800\" height=\"726\" src=\"https:\/\/quirutoa.com\/wp-content\/uploads\/2020\/10\/Cotopaxi-1.jpg\" class=\"attachment-large size-large wp-image-15512\" alt=\"Volc\u00e1n Cotopaxi - Caminata \u00c9pica - Viajes Ecuador | Quirutoa\" srcset=\"https:\/\/quirutoa.com\/wp-content\/uploads\/2020\/10\/Cotopaxi-1.jpg 846w, https:\/\/quirutoa.com\/wp-content\/uploads\/2020\/10\/Cotopaxi-1-300x272.jpg 300w, https:\/\/quirutoa.com\/wp-content\/uploads\/2020\/10\/Cotopaxi-1-768x697.jpg 768w\" sizes=\"(max-width: 800px) 100vw, 800px\" \/>\t\t\t\t\t\t\t\t\t\t\t<figcaption class=\"widget-image-caption wp-caption-text\">Volc\u00e1n Cotopaxi<\/figcaption>\n\t\t\t\t\t\t\t\t\t\t<\/figure>\n\t\t\t\t\t\t\t\t\t<\/div>\n\t\t\t\t<\/div>\n\t\t\t\t\t<\/div>\n\t\t<\/div>\n\t\t\t\t\t<\/div>\n\t\t<\/section>\n\t\t\t\t<section class=\"elementor-section elementor-top-section elementor-element elementor-element-9e96a29 elementor-section-full_width elementor-section-height-default elementor-section-height-default\" data-id=\"9e96a29\" data-element_type=\"section\" data-e-type=\"section\" data-settings=\"{&quot;background_background&quot;:&quot;classic&quot;}\">\n\t\t\t\t\t\t<div class=\"elementor-container elementor-column-gap-default\">\n\t\t\t\t\t<div class=\"elementor-column elementor-col-100 elementor-top-column elementor-element elementor-element-ad9d60c\" data-id=\"ad9d60c\" data-element_type=\"column\" data-e-type=\"column\">\n\t\t\t<div class=\"elementor-widget-wrap elementor-element-populated\">\n\t\t\t\t\t\t<div class=\"elementor-element elementor-element-d0ab85c elementor-widget elementor-widget-text-editor\" data-id=\"d0ab85c\" data-element_type=\"widget\" data-e-type=\"widget\" data-widget_type=\"text-editor.default\">\n\t\t\t\t<div class=\"elementor-widget-container\">\n\t\t\t\t\t\t\t\t\t<p>Servicio de alta calidad garantizado.<\/p><p>WhatsApp | Correo electr\u00f3nico | Llamada telef\u00f3nica<\/p><p>\u00a1P\u00f3ngase en contacto con nosotros y le responderemos en breve!<\/p>\t\t\t\t\t\t\t\t<\/div>\n\t\t\t\t<\/div>\n\t\t\t\t\t<\/div>\n\t\t<\/div>\n\t\t\t\t\t<\/div>\n\t\t<\/section>\n\t\t\t\t<\/div>\n\t\t","protected":false},"excerpt":{"rendered":"<p>Excursi\u00f3n privada de un d\u00eda al Parque Nacional Cotopaxi desde Quito El volc\u00e1n Cotopaxi se encuentra en la cordillera de los Andes, a unos 50 km al sur de la ciudad de Quito. Alcanza una altura de 5.897 metros, lo que lo convierte en el segundo volc\u00e1n m\u00e1s alto de Ecuador y uno de los [&hellip;]<\/p>\n","protected":false},"author":3,"featured_media":15510,"parent":15422,"menu_order":0,"comment_status":"open","ping_status":"open","template":"elementor_header_footer","meta":{"_joinchat":[],"footnotes":""},"class_list":["post-15509","page","type-page","status-publish","has-post-thumbnail","hentry"],"yoast_head":"<!-- This site is optimized with the Yoast SEO plugin v27.3 - https:\/\/yoast.com\/product\/yoast-seo-wordpress\/ -->\n<title>Tour al Parque Nacional Cotopaxi | Excursi\u00f3n privada al volc\u00e1n | Quirutoa<\/title>\n<meta name=\"description\" content=\"Visite los volcanes activos m\u00e1s altos del mundo. Disfrute de un tour privado al Cotopaxi con caminata al refugio, vistas a la laguna de Limpiopungo y gu\u00edas biling\u00fces.\" \/>\n<meta name=\"robots\" content=\"index, follow, max-snippet:-1, max-image-preview:large, max-video-preview:-1\" \/>\n<link rel=\"canonical\" href=\"https:\/\/quirutoa.com\/es\/tours-en-ecuador\/tour-del-volcan-cotopaxi\/\" \/>\n<meta property=\"og:locale\" content=\"es_ES\" \/>\n<meta property=\"og:type\" content=\"article\" \/>\n<meta property=\"og:title\" content=\"Tour al Parque Nacional Cotopaxi | Excursi\u00f3n privada al volc\u00e1n | Quirutoa\" \/>\n<meta property=\"og:description\" content=\"Visite los volcanes activos m\u00e1s altos del mundo. Disfrute de un tour privado al Cotopaxi con caminata al refugio, vistas a la laguna de Limpiopungo y gu\u00edas biling\u00fces.\" \/>\n<meta property=\"og:url\" content=\"https:\/\/quirutoa.com\/es\/tours-en-ecuador\/tour-del-volcan-cotopaxi\/\" \/>\n<meta property=\"og:site_name\" content=\"TOURISM TRANSPORTATION IN QUITO\" \/>\n<meta property=\"article:modified_time\" content=\"2026-02-20T16:31:42+00:00\" \/>\n<meta property=\"og:image\" content=\"https:\/\/quirutoa.com\/wp-content\/uploads\/2020\/10\/Cotopaxi-4.jpg\" \/>\n\t<meta property=\"og:image:width\" content=\"563\" \/>\n\t<meta property=\"og:image:height\" content=\"480\" \/>\n\t<meta property=\"og:image:type\" content=\"image\/jpeg\" \/>\n<meta name=\"twitter:card\" content=\"summary_large_image\" \/>\n<meta name=\"twitter:label1\" content=\"Tiempo de lectura\" \/>\n\t<meta name=\"twitter:data1\" content=\"1 minuto\" \/>\n<script type=\"application\/ld+json\" class=\"yoast-schema-graph\">{\"@context\":\"https:\\\/\\\/schema.org\",\"@graph\":[{\"@type\":\"WebPage\",\"@id\":\"https:\\\/\\\/quirutoa.com\\\/es\\\/tours-en-ecuador\\\/tour-del-volcan-cotopaxi\\\/\",\"url\":\"https:\\\/\\\/quirutoa.com\\\/es\\\/tours-en-ecuador\\\/tour-del-volcan-cotopaxi\\\/\",\"name\":\"Tour al Parque Nacional Cotopaxi | Excursi\u00f3n privada al volc\u00e1n | Quirutoa\",\"isPartOf\":{\"@id\":\"https:\\\/\\\/quirutoa.com\\\/es\\\/#website\"},\"primaryImageOfPage\":{\"@id\":\"https:\\\/\\\/quirutoa.com\\\/es\\\/tours-en-ecuador\\\/tour-del-volcan-cotopaxi\\\/#primaryimage\"},\"image\":{\"@id\":\"https:\\\/\\\/quirutoa.com\\\/es\\\/tours-en-ecuador\\\/tour-del-volcan-cotopaxi\\\/#primaryimage\"},\"thumbnailUrl\":\"https:\\\/\\\/quirutoa.com\\\/wp-content\\\/uploads\\\/2020\\\/10\\\/Cotopaxi-4.jpg\",\"datePublished\":\"2020-10-15T08:30:23+00:00\",\"dateModified\":\"2026-02-20T16:31:42+00:00\",\"description\":\"Visite los volcanes activos m\u00e1s altos del mundo. Disfrute de un tour privado al Cotopaxi con caminata al refugio, vistas a la laguna de Limpiopungo y gu\u00edas biling\u00fces.\",\"breadcrumb\":{\"@id\":\"https:\\\/\\\/quirutoa.com\\\/es\\\/tours-en-ecuador\\\/tour-del-volcan-cotopaxi\\\/#breadcrumb\"},\"inLanguage\":\"es\",\"potentialAction\":[{\"@type\":\"ReadAction\",\"target\":[\"https:\\\/\\\/quirutoa.com\\\/es\\\/tours-en-ecuador\\\/tour-del-volcan-cotopaxi\\\/\"]}]},{\"@type\":\"ImageObject\",\"inLanguage\":\"es\",\"@id\":\"https:\\\/\\\/quirutoa.com\\\/es\\\/tours-en-ecuador\\\/tour-del-volcan-cotopaxi\\\/#primaryimage\",\"url\":\"https:\\\/\\\/quirutoa.com\\\/wp-content\\\/uploads\\\/2020\\\/10\\\/Cotopaxi-4.jpg\",\"contentUrl\":\"https:\\\/\\\/quirutoa.com\\\/wp-content\\\/uploads\\\/2020\\\/10\\\/Cotopaxi-4.jpg\",\"width\":563,\"height\":480,\"caption\":\"Volc\u00e1n Cotopaxi - Caminata \u00c9pica - Viajes Ecuador | Quirutoa\"},{\"@type\":\"BreadcrumbList\",\"@id\":\"https:\\\/\\\/quirutoa.com\\\/es\\\/tours-en-ecuador\\\/tour-del-volcan-cotopaxi\\\/#breadcrumb\",\"itemListElement\":[{\"@type\":\"ListItem\",\"position\":1,\"name\":\"Portada\",\"item\":\"https:\\\/\\\/quirutoa.com\\\/es\\\/inicio\\\/\"},{\"@type\":\"ListItem\",\"position\":2,\"name\":\"TOURS EN ECUADOR\",\"item\":\"https:\\\/\\\/quirutoa.com\\\/es\\\/tours-en-ecuador\\\/\"},{\"@type\":\"ListItem\",\"position\":3,\"name\":\"Tour del Volc\u00e1n Cotopaxi\"}]},{\"@type\":\"WebSite\",\"@id\":\"https:\\\/\\\/quirutoa.com\\\/es\\\/#website\",\"url\":\"https:\\\/\\\/quirutoa.com\\\/es\\\/\",\"name\":\"TOURISM TRANSPORTATION IN QUITO\",\"description\":\"Lugares turisticos de Ecuador\",\"publisher\":{\"@id\":\"https:\\\/\\\/quirutoa.com\\\/es\\\/#organization\"},\"potentialAction\":[{\"@type\":\"SearchAction\",\"target\":{\"@type\":\"EntryPoint\",\"urlTemplate\":\"https:\\\/\\\/quirutoa.com\\\/es\\\/?s={search_term_string}\"},\"query-input\":{\"@type\":\"PropertyValueSpecification\",\"valueRequired\":true,\"valueName\":\"search_term_string\"}}],\"inLanguage\":\"es\"},{\"@type\":\"Organization\",\"@id\":\"https:\\\/\\\/quirutoa.com\\\/es\\\/#organization\",\"name\":\"TOURISM TRANSPORTATION IN QUITO\",\"url\":\"https:\\\/\\\/quirutoa.com\\\/es\\\/\",\"logo\":{\"@type\":\"ImageObject\",\"inLanguage\":\"es\",\"@id\":\"https:\\\/\\\/quirutoa.com\\\/es\\\/#\\\/schema\\\/logo\\\/image\\\/\",\"url\":\"https:\\\/\\\/quirutoa.com\\\/wp-content\\\/uploads\\\/2021\\\/01\\\/cropped-Logo-1.png\",\"contentUrl\":\"https:\\\/\\\/quirutoa.com\\\/wp-content\\\/uploads\\\/2021\\\/01\\\/cropped-Logo-1.png\",\"width\":217,\"height\":68,\"caption\":\"TOURISM TRANSPORTATION IN QUITO\"},\"image\":{\"@id\":\"https:\\\/\\\/quirutoa.com\\\/es\\\/#\\\/schema\\\/logo\\\/image\\\/\"}}]}<\/script>\n<!-- \/ Yoast SEO plugin. -->","yoast_head_json":{"title":"Tour al Parque Nacional Cotopaxi | Excursi\u00f3n privada al volc\u00e1n | Quirutoa","description":"Visite los volcanes activos m\u00e1s altos del mundo. Disfrute de un tour privado al Cotopaxi con caminata al refugio, vistas a la laguna de Limpiopungo y gu\u00edas biling\u00fces.","robots":{"index":"index","follow":"follow","max-snippet":"max-snippet:-1","max-image-preview":"max-image-preview:large","max-video-preview":"max-video-preview:-1"},"canonical":"https:\/\/quirutoa.com\/es\/tours-en-ecuador\/tour-del-volcan-cotopaxi\/","og_locale":"es_ES","og_type":"article","og_title":"Tour al Parque Nacional Cotopaxi | Excursi\u00f3n privada al volc\u00e1n | Quirutoa","og_description":"Visite los volcanes activos m\u00e1s altos del mundo. Disfrute de un tour privado al Cotopaxi con caminata al refugio, vistas a la laguna de Limpiopungo y gu\u00edas biling\u00fces.","og_url":"https:\/\/quirutoa.com\/es\/tours-en-ecuador\/tour-del-volcan-cotopaxi\/","og_site_name":"TOURISM TRANSPORTATION IN QUITO","article_modified_time":"2026-02-20T16:31:42+00:00","og_image":[{"width":563,"height":480,"url":"https:\/\/quirutoa.com\/wp-content\/uploads\/2020\/10\/Cotopaxi-4.jpg","type":"image\/jpeg"}],"twitter_card":"summary_large_image","twitter_misc":{"Tiempo de lectura":"1 minuto"},"schema":{"@context":"https:\/\/schema.org","@graph":[{"@type":"WebPage","@id":"https:\/\/quirutoa.com\/es\/tours-en-ecuador\/tour-del-volcan-cotopaxi\/","url":"https:\/\/quirutoa.com\/es\/tours-en-ecuador\/tour-del-volcan-cotopaxi\/","name":"Tour al Parque Nacional Cotopaxi | Excursi\u00f3n privada al volc\u00e1n | Quirutoa","isPartOf":{"@id":"https:\/\/quirutoa.com\/es\/#website"},"primaryImageOfPage":{"@id":"https:\/\/quirutoa.com\/es\/tours-en-ecuador\/tour-del-volcan-cotopaxi\/#primaryimage"},"image":{"@id":"https:\/\/quirutoa.com\/es\/tours-en-ecuador\/tour-del-volcan-cotopaxi\/#primaryimage"},"thumbnailUrl":"https:\/\/quirutoa.com\/wp-content\/uploads\/2020\/10\/Cotopaxi-4.jpg","datePublished":"2020-10-15T08:30:23+00:00","dateModified":"2026-02-20T16:31:42+00:00","description":"Visite los volcanes activos m\u00e1s altos del mundo. Disfrute de un tour privado al Cotopaxi con caminata al refugio, vistas a la laguna de Limpiopungo y gu\u00edas biling\u00fces.","breadcrumb":{"@id":"https:\/\/quirutoa.com\/es\/tours-en-ecuador\/tour-del-volcan-cotopaxi\/#breadcrumb"},"inLanguage":"es","potentialAction":[{"@type":"ReadAction","target":["https:\/\/quirutoa.com\/es\/tours-en-ecuador\/tour-del-volcan-cotopaxi\/"]}]},{"@type":"ImageObject","inLanguage":"es","@id":"https:\/\/quirutoa.com\/es\/tours-en-ecuador\/tour-del-volcan-cotopaxi\/#primaryimage","url":"https:\/\/quirutoa.com\/wp-content\/uploads\/2020\/10\/Cotopaxi-4.jpg","contentUrl":"https:\/\/quirutoa.com\/wp-content\/uploads\/2020\/10\/Cotopaxi-4.jpg","width":563,"height":480,"caption":"Volc\u00e1n Cotopaxi - Caminata \u00c9pica - Viajes Ecuador | Quirutoa"},{"@type":"BreadcrumbList","@id":"https:\/\/quirutoa.com\/es\/tours-en-ecuador\/tour-del-volcan-cotopaxi\/#breadcrumb","itemListElement":[{"@type":"ListItem","position":1,"name":"Portada","item":"https:\/\/quirutoa.com\/es\/inicio\/"},{"@type":"ListItem","position":2,"name":"TOURS EN ECUADOR","item":"https:\/\/quirutoa.com\/es\/tours-en-ecuador\/"},{"@type":"ListItem","position":3,"name":"Tour del Volc\u00e1n Cotopaxi"}]},{"@type":"WebSite","@id":"https:\/\/quirutoa.com\/es\/#website","url":"https:\/\/quirutoa.com\/es\/","name":"TOURISM TRANSPORTATION IN QUITO","description":"Lugares turisticos de Ecuador","publisher":{"@id":"https:\/\/quirutoa.com\/es\/#organization"},"potentialAction":[{"@type":"SearchAction","target":{"@type":"EntryPoint","urlTemplate":"https:\/\/quirutoa.com\/es\/?s={search_term_string}"},"query-input":{"@type":"PropertyValueSpecification","valueRequired":true,"valueName":"search_term_string"}}],"inLanguage":"es"},{"@type":"Organization","@id":"https:\/\/quirutoa.com\/es\/#organization","name":"TOURISM TRANSPORTATION IN QUITO","url":"https:\/\/quirutoa.com\/es\/","logo":{"@type":"ImageObject","inLanguage":"es","@id":"https:\/\/quirutoa.com\/es\/#\/schema\/logo\/image\/","url":"https:\/\/quirutoa.com\/wp-content\/uploads\/2021\/01\/cropped-Logo-1.png","contentUrl":"https:\/\/quirutoa.com\/wp-content\/uploads\/2021\/01\/cropped-Logo-1.png","width":217,"height":68,"caption":"TOURISM TRANSPORTATION IN QUITO"},"image":{"@id":"https:\/\/quirutoa.com\/es\/#\/schema\/logo\/image\/"}}]}},"_links":{"self":[{"href":"https:\/\/quirutoa.com\/es\/wp-json\/wp\/v2\/pages\/15509","targetHints":{"allow":["GET"]}}],"collection":[{"href":"https:\/\/quirutoa.com\/es\/wp-json\/wp\/v2\/pages"}],"about":[{"href":"https:\/\/quirutoa.com\/es\/wp-json\/wp\/v2\/types\/page"}],"author":[{"embeddable":true,"href":"https:\/\/quirutoa.com\/es\/wp-json\/wp\/v2\/users\/3"}],"replies":[{"embeddable":true,"href":"https:\/\/quirutoa.com\/es\/wp-json\/wp\/v2\/comments?post=15509"}],"version-history":[{"count":0,"href":"https:\/\/quirutoa.com\/es\/wp-json\/wp\/v2\/pages\/15509\/revisions"}],"up":[{"embeddable":true,"href":"https:\/\/quirutoa.com\/es\/wp-json\/wp\/v2\/pages\/15422"}],"wp:featuredmedia":[{"embeddable":true,"href":"https:\/\/quirutoa.com\/es\/wp-json\/wp\/v2\/media\/15510"}],"wp:attachment":[{"href":"https:\/\/quirutoa.com\/es\/wp-json\/wp\/v2\/media?parent=15509"}],"curies":[{"name":"wp","href":"https:\/\/api.w.org\/{rel}","templated":true}]}}