{"id":15544,"date":"2017-05-28T15:36:17","date_gmt":"2017-05-28T20:36:17","guid":{"rendered":"https:\/\/quirutoa.com\/contacto\/"},"modified":"2026-02-20T11:50:55","modified_gmt":"2026-02-20T16:50:55","slug":"contacto","status":"publish","type":"page","link":"https:\/\/quirutoa.com\/es\/contacto\/","title":{"rendered":"CONTACTO"},"content":{"rendered":"\t\t<div data-elementor-type=\"wp-page\" data-elementor-id=\"15544\" class=\"elementor elementor-15544 elementor-5209\" data-elementor-post-type=\"page\">\n\t\t\t\t\t\t<section class=\"elementor-section elementor-top-section elementor-element elementor-element-adf005e elementor-section-full_width elementor-section-height-default elementor-section-height-default\" data-id=\"adf005e\" data-element_type=\"section\" data-e-type=\"section\" data-settings=\"{&quot;background_background&quot;:&quot;classic&quot;,&quot;shape_divider_bottom&quot;:&quot;opacity-tilt&quot;}\">\n\t\t\t\t\t<div class=\"elementor-shape elementor-shape-bottom\" aria-hidden=\"true\" data-negative=\"false\">\n\t\t\t<svg xmlns=\"http:\/\/www.w3.org\/2000\/svg\" viewBox=\"0 0 2600 131.1\" preserveAspectRatio=\"none\">\n\t<path class=\"elementor-shape-fill\" d=\"M0 0L2600 0 2600 69.1 0 0z\"\/>\n\t<path class=\"elementor-shape-fill\" style=\"opacity:0.5\" d=\"M0 0L2600 0 2600 69.1 0 69.1z\"\/>\n\t<path class=\"elementor-shape-fill\" style=\"opacity:0.25\" d=\"M2600 0L0 0 0 130.1 2600 69.1z\"\/>\n<\/svg>\t\t<\/div>\n\t\t\t\t\t<div class=\"elementor-container elementor-column-gap-default\">\n\t\t\t\t\t<div class=\"elementor-column elementor-col-100 elementor-top-column elementor-element elementor-element-71e0b9d\" data-id=\"71e0b9d\" data-element_type=\"column\" data-e-type=\"column\">\n\t\t\t<div class=\"elementor-widget-wrap elementor-element-populated\">\n\t\t\t\t\t\t<div class=\"elementor-element elementor-element-c2539a3 elementor-widget elementor-widget-heading\" data-id=\"c2539a3\" data-element_type=\"widget\" data-e-type=\"widget\" data-widget_type=\"heading.default\">\n\t\t\t\t<div class=\"elementor-widget-container\">\n\t\t\t\t\t<h1 class=\"elementor-heading-title elementor-size-default\">Contacto Gu\u00edas de viaje en Ecuador<\/h1>\t\t\t\t<\/div>\n\t\t\t\t<\/div>\n\t\t\t\t\t<\/div>\n\t\t<\/div>\n\t\t\t\t\t<\/div>\n\t\t<\/section>\n\t\t\t\t<section class=\"elementor-section elementor-top-section elementor-element elementor-element-dde7d86 elementor-section-full_width elementor-section-height-default elementor-section-height-default\" data-id=\"dde7d86\" data-element_type=\"section\" data-e-type=\"section\" data-settings=\"{&quot;shape_divider_bottom&quot;:&quot;opacity-tilt&quot;}\">\n\t\t\t\t\t<div class=\"elementor-shape elementor-shape-bottom\" aria-hidden=\"true\" data-negative=\"false\">\n\t\t\t<svg xmlns=\"http:\/\/www.w3.org\/2000\/svg\" viewBox=\"0 0 2600 131.1\" preserveAspectRatio=\"none\">\n\t<path class=\"elementor-shape-fill\" d=\"M0 0L2600 0 2600 69.1 0 0z\"\/>\n\t<path class=\"elementor-shape-fill\" style=\"opacity:0.5\" d=\"M0 0L2600 0 2600 69.1 0 69.1z\"\/>\n\t<path class=\"elementor-shape-fill\" style=\"opacity:0.25\" d=\"M2600 0L0 0 0 130.1 2600 69.1z\"\/>\n<\/svg>\t\t<\/div>\n\t\t\t\t\t<div class=\"elementor-container elementor-column-gap-default\">\n\t\t\t\t\t<div class=\"elementor-column elementor-col-50 elementor-top-column elementor-element elementor-element-ad0f844\" data-id=\"ad0f844\" data-element_type=\"column\" data-e-type=\"column\">\n\t\t\t<div class=\"elementor-widget-wrap elementor-element-populated\">\n\t\t\t\t\t\t<div class=\"elementor-element elementor-element-fb07171 elementor-widget elementor-widget-heading\" data-id=\"fb07171\" data-element_type=\"widget\" data-e-type=\"widget\" data-widget_type=\"heading.default\">\n\t\t\t\t<div class=\"elementor-widget-container\">\n\t\t\t\t\t<h2 class=\"elementor-heading-title elementor-size-default\">Quirutoa Traslados &amp; Turismo SC.<\/h2>\t\t\t\t<\/div>\n\t\t\t\t<\/div>\n\t\t\t\t<div class=\"elementor-element elementor-element-fd0caf5 elementor-widget elementor-widget-text-editor\" data-id=\"fd0caf5\" data-element_type=\"widget\" data-e-type=\"widget\" data-widget_type=\"text-editor.default\">\n\t\t\t\t<div class=\"elementor-widget-container\">\n\t\t\t\t\t\t\t\t\t<p>Transporte privado.<br> Eventos tur\u00edsticos.<br> Alquiler de coches.<\/p><p><a href=\"https:\/\/quirutoa.com\/es\/servicios\/\">Servicios<\/a><\/p>\t\t\t\t\t\t\t\t<\/div>\n\t\t\t\t<\/div>\n\t\t\t\t<div class=\"elementor-element elementor-element-0e2b941 elementor-widget-divider--view-line elementor-widget elementor-widget-divider\" data-id=\"0e2b941\" data-element_type=\"widget\" data-e-type=\"widget\" data-widget_type=\"divider.default\">\n\t\t\t\t<div class=\"elementor-widget-container\">\n\t\t\t\t\t\t\t<div class=\"elementor-divider\">\n\t\t\t<span class=\"elementor-divider-separator\">\n\t\t\t\t\t\t<\/span>\n\t\t<\/div>\n\t\t\t\t\t\t<\/div>\n\t\t\t\t<\/div>\n\t\t\t\t<div class=\"elementor-element elementor-element-ac79a73 elementor-widget elementor-widget-text-editor\" data-id=\"ac79a73\" data-element_type=\"widget\" data-e-type=\"widget\" data-widget_type=\"text-editor.default\">\n\t\t\t\t<div class=\"elementor-widget-container\">\n\t\t\t\t\t\t\t\t\t<p>Correo electr\u00f3nico: info@quirutoa.com<br> Tel\u00e9fono: +593 991 277 325<\/p>\t\t\t\t\t\t\t\t<\/div>\n\t\t\t\t<\/div>\n\t\t\t\t<div class=\"elementor-element elementor-element-2e2707a elementor-hidden-desktop elementor-widget-divider--view-line elementor-widget elementor-widget-divider\" data-id=\"2e2707a\" data-element_type=\"widget\" data-e-type=\"widget\" data-widget_type=\"divider.default\">\n\t\t\t\t<div class=\"elementor-widget-container\">\n\t\t\t\t\t\t\t<div class=\"elementor-divider\">\n\t\t\t<span class=\"elementor-divider-separator\">\n\t\t\t\t\t\t<\/span>\n\t\t<\/div>\n\t\t\t\t\t\t<\/div>\n\t\t\t\t<\/div>\n\t\t\t\t<div class=\"elementor-element elementor-element-f473dee elementor-widget elementor-widget-heading\" data-id=\"f473dee\" data-element_type=\"widget\" data-e-type=\"widget\" data-widget_type=\"heading.default\">\n\t\t\t\t<div class=\"elementor-widget-container\">\n\t\t\t\t\t<h2 class=\"elementor-heading-title elementor-size-default\">Gu\u00edas de viajes locales<\/h2>\t\t\t\t<\/div>\n\t\t\t\t<\/div>\n\t\t\t\t<div class=\"elementor-element elementor-element-8a65cf8 elementor-widget elementor-widget-text-editor\" data-id=\"8a65cf8\" data-element_type=\"widget\" data-e-type=\"widget\" data-widget_type=\"text-editor.default\">\n\t\t\t\t<div class=\"elementor-widget-container\">\n\t\t\t\t\t\t\t\t\t<p>Servicio de alta calidad garantizado.<\/p><p><strong>WhatsApp | Correo electr\u00f3nico | Llamada telef\u00f3nica<\/strong><\/p><p>\u00a1P\u00f3ngase en contacto con nosotros y le responderemos en breve!<\/p>\t\t\t\t\t\t\t\t<\/div>\n\t\t\t\t<\/div>\n\t\t\t\t<div class=\"elementor-element elementor-element-0dc63bf elementor-widget elementor-widget-text-editor\" data-id=\"0dc63bf\" data-element_type=\"widget\" data-e-type=\"widget\" data-widget_type=\"text-editor.default\">\n\t\t\t\t<div class=\"elementor-widget-container\">\n\t\t\t\t\t\t\t\t\t<p><span style=\"font-weight: bold; color: #4c5a6e;\"><font style=\"vertical-align: inherit;\"><font style=\"vertical-align: inherit;\"><font style=\"vertical-align: inherit;\"><font style=\"vertical-align: inherit;\" class=\"\"><font style=\"vertical-align: inherit;\"><font class=\"\" style=\"vertical-align: inherit;\">Formas de pago  <\/font><\/font><\/font><\/font><\/font><\/font><br><\/span><span style=\"color: #4c5a6e;\"><font style=\"vertical-align: inherit;\"><font style=\"vertical-align: inherit;\"><font style=\"vertical-align: inherit;\"><font style=\"vertical-align: inherit;\" class=\"\"><font style=\"vertical-align: inherit;\"><font class=\"\" style=\"vertical-align: inherit;\">Efectivo.  <\/font><\/font><\/font><\/font><\/font><\/font><\/span><br style=\"color: #4c5a6e;\"><span style=\"color: #4c5a6e;\"><font style=\"vertical-align: inherit;\"><font style=\"vertical-align: inherit;\"><font style=\"vertical-align: inherit;\"><font style=\"vertical-align: inherit;\" class=\"\"><font style=\"vertical-align: inherit;\"><font class=\"goog-text-highlight\" style=\"vertical-align: inherit;\">Transferencia bancaria.&nbsp;<\/font><\/font><\/font><\/font><\/font><\/font><\/span><br style=\"color: #4c5a6e;\"><span style=\"color: #4c5a6e;\"><font style=\"vertical-align: inherit;\"><font style=\"vertical-align: inherit;\"><font style=\"vertical-align: inherit;\"><font style=\"vertical-align: inherit;\"><font style=\"vertical-align: inherit;\"><font style=\"vertical-align: inherit;\">Western Union o MoneyGram.  <\/font><\/font><\/font><\/font><\/font><\/font><\/span><br style=\"color: #4c5a6e;\"><span style=\"color: #4c5a6e;\"><font style=\"vertical-align: inherit;\"><font style=\"vertical-align: inherit;\"><font style=\"vertical-align: inherit;\"><font style=\"vertical-align: inherit;\" class=\"\"><font style=\"vertical-align: inherit;\"><font style=\"vertical-align: inherit;\">Tarjetas de d\u00e9bito y cr\u00e9dito.<\/font><\/font><\/font><\/font><\/font><\/font><\/span><\/p>\n<p><span style=\"color: #4c5a6e;\"><br><\/span><\/p>\t\t\t\t\t\t\t\t<\/div>\n\t\t\t\t<\/div>\n\t\t\t\t<div class=\"elementor-element elementor-element-673b5a8 elementor-widget elementor-widget-spacer\" data-id=\"673b5a8\" data-element_type=\"widget\" data-e-type=\"widget\" data-widget_type=\"spacer.default\">\n\t\t\t\t<div class=\"elementor-widget-container\">\n\t\t\t\t\t\t\t<div class=\"elementor-spacer\">\n\t\t\t<div class=\"elementor-spacer-inner\"><\/div>\n\t\t<\/div>\n\t\t\t\t\t\t<\/div>\n\t\t\t\t<\/div>\n\t\t\t\t\t<\/div>\n\t\t<\/div>\n\t\t\t\t<div class=\"elementor-column elementor-col-50 elementor-top-column elementor-element elementor-element-6277fb7\" data-id=\"6277fb7\" data-element_type=\"column\" data-e-type=\"column\">\n\t\t\t<div class=\"elementor-widget-wrap elementor-element-populated\">\n\t\t\t\t\t\t<div class=\"elementor-element elementor-element-9ebd7fe elementor-button-align-stretch elementor-widget elementor-widget-form\" data-id=\"9ebd7fe\" data-element_type=\"widget\" data-e-type=\"widget\" data-settings=\"{&quot;step_next_label&quot;:&quot;Siguiente&quot;,&quot;step_previous_label&quot;:&quot;Anterior&quot;,&quot;button_width&quot;:&quot;100&quot;,&quot;step_type&quot;:&quot;number_text&quot;,&quot;step_icon_shape&quot;:&quot;circle&quot;}\" data-widget_type=\"form.default\">\n\t\t\t\t<div class=\"elementor-widget-container\">\n\t\t\t\t\t\t\t<form class=\"elementor-form\" method=\"post\" name=\"Nuevo formulario\" aria-label=\"Nuevo formulario\">\n\t\t\t<input type=\"hidden\" name=\"post_id\" value=\"15544\"\/>\n\t\t\t<input type=\"hidden\" name=\"form_id\" value=\"9ebd7fe\"\/>\n\t\t\t<input type=\"hidden\" name=\"referer_title\" value=\"Contacta con Gu\u00edas de Viaje en Quito - Ecuador | Traslados y Turismo en Quirutoa\" \/>\n\n\t\t\t\t\t\t\t<input type=\"hidden\" name=\"queried_id\" value=\"15544\"\/>\n\t\t\t\n\t\t\t<div class=\"elementor-form-fields-wrapper elementor-labels-above\">\n\t\t\t\t\t\t\t\t<div class=\"elementor-field-type-text elementor-field-group elementor-column elementor-field-group-name elementor-col-100 elementor-field-required\">\n\t\t\t\t\t\t\t\t\t\t\t\t\t<input size=\"1\" type=\"text\" name=\"form_fields[name]\" id=\"form-field-name\" class=\"elementor-field elementor-size-sm  elementor-field-textual\" placeholder=\"Nombre y apellidos\" required=\"required\">\n\t\t\t\t\t\t\t\t\t\t\t<\/div>\n\t\t\t\t\t\t\t\t<div class=\"elementor-field-type-email elementor-field-group elementor-column elementor-field-group-email elementor-col-100 elementor-field-required\">\n\t\t\t\t\t\t\t\t\t\t\t\t\t<input size=\"1\" type=\"email\" name=\"form_fields[email]\" id=\"form-field-email\" class=\"elementor-field elementor-size-sm  elementor-field-textual\" placeholder=\"Correo electr\u00f3nico\" required=\"required\">\n\t\t\t\t\t\t\t\t\t\t\t<\/div>\n\t\t\t\t\t\t\t\t<div class=\"elementor-field-type-tel elementor-field-group elementor-column elementor-field-group-field_feb03c1 elementor-col-100 elementor-field-required\">\n\t\t\t\t\t\t\t<input size=\"1\" type=\"tel\" name=\"form_fields[field_feb03c1]\" id=\"form-field-field_feb03c1\" class=\"elementor-field elementor-size-sm  elementor-field-textual\" placeholder=\"N\u00famero de tel\u00e9fono\" required=\"required\" pattern=\"[0-9()#&amp;+*-=.]+\" title=\"Solo se aceptan n\u00fameros y caracteres de tel\u00e9fono (#,-,*,etc).\">\n\n\t\t\t\t\t\t<\/div>\n\t\t\t\t\t\t\t\t<div class=\"elementor-field-type-textarea elementor-field-group elementor-column elementor-field-group-message elementor-col-100\">\n\t\t\t\t\t<textarea class=\"elementor-field-textual elementor-field  elementor-size-sm\" name=\"form_fields[message]\" id=\"form-field-message\" rows=\"3\" placeholder=\"Mensaje\"><\/textarea>\t\t\t\t<\/div>\n\t\t\t\t\t\t\t\t<div class=\"elementor-field-group elementor-column elementor-field-type-submit elementor-col-100 e-form__buttons\">\n\t\t\t\t\t<button class=\"elementor-button elementor-size-sm elementor-animation-grow\" type=\"submit\">\n\t\t\t\t\t\t<span class=\"elementor-button-content-wrapper\">\n\t\t\t\t\t\t\t\t\t\t\t\t\t\t\t\t\t\t\t\t\t\t<span class=\"elementor-button-text\">Enviar<\/span>\n\t\t\t\t\t\t\t\t\t\t\t\t\t<\/span>\n\t\t\t\t\t<\/button>\n\t\t\t\t<\/div>\n\t\t\t<\/div>\n\t\t<\/form>\n\t\t\t\t\t\t<\/div>\n\t\t\t\t<\/div>\n\t\t\t\t\t<\/div>\n\t\t<\/div>\n\t\t\t\t\t<\/div>\n\t\t<\/section>\n\t\t\t\t<\/div>\n\t\t","protected":false},"excerpt":{"rendered":"<p>Contacto Gu\u00edas de viaje en Ecuador Quirutoa Traslados &amp; Turismo SC. Transporte privado. Eventos tur\u00edsticos. Alquiler de coches. Servicios Correo electr\u00f3nico: info@quirutoa.com Tel\u00e9fono: +593 991 277 325 Gu\u00edas de viajes locales Servicio de alta calidad garantizado. WhatsApp | Correo electr\u00f3nico | Llamada telef\u00f3nica \u00a1P\u00f3ngase en contacto con nosotros y le responderemos en breve! Formas de [&hellip;]<\/p>\n","protected":false},"author":1,"featured_media":0,"parent":0,"menu_order":0,"comment_status":"closed","ping_status":"closed","template":"elementor_header_footer","meta":{"_joinchat":[],"footnotes":""},"class_list":["post-15544","page","type-page","status-publish","hentry"],"yoast_head":"<!-- This site is optimized with the Yoast SEO plugin v27.3 - https:\/\/yoast.com\/product\/yoast-seo-wordpress\/ -->\n<title>Contacta con Gu\u00edas de Viaje en Quito - Ecuador | Traslados y Turismo en Quirutoa<\/title>\n<meta name=\"description\" content=\"Contacta con gu\u00edas de viaje en Ecuador, locales que esperan ayudarte a explorar las maravillas del pa\u00eds. \u00a1Cont\u00e1ctanos ahora!\" \/>\n<meta name=\"robots\" content=\"noindex, follow\" \/>\n<meta property=\"og:locale\" content=\"es_ES\" \/>\n<meta property=\"og:type\" content=\"article\" \/>\n<meta property=\"og:title\" content=\"Contacta con Gu\u00edas de Viaje en Quito - Ecuador | Traslados y Turismo en Quirutoa\" \/>\n<meta property=\"og:description\" content=\"Contacta con gu\u00edas de viaje en Ecuador, locales que esperan ayudarte a explorar las maravillas del pa\u00eds. \u00a1Cont\u00e1ctanos ahora!\" \/>\n<meta property=\"og:url\" content=\"https:\/\/quirutoa.com\/es\/contacto\/\" \/>\n<meta property=\"og:site_name\" content=\"TOURISM TRANSPORTATION IN QUITO\" \/>\n<meta property=\"article:modified_time\" content=\"2026-02-20T16:50:55+00:00\" \/>\n<meta name=\"twitter:card\" content=\"summary_large_image\" \/>\n<script type=\"application\/ld+json\" class=\"yoast-schema-graph\">{\"@context\":\"https:\\\/\\\/schema.org\",\"@graph\":[{\"@type\":\"WebPage\",\"@id\":\"https:\\\/\\\/quirutoa.com\\\/es\\\/contacto\\\/\",\"url\":\"https:\\\/\\\/quirutoa.com\\\/es\\\/contacto\\\/\",\"name\":\"Contacta con Gu\u00edas de Viaje en Quito - Ecuador | Traslados y Turismo en Quirutoa\",\"isPartOf\":{\"@id\":\"https:\\\/\\\/quirutoa.com\\\/es\\\/#website\"},\"datePublished\":\"2017-05-28T20:36:17+00:00\",\"dateModified\":\"2026-02-20T16:50:55+00:00\",\"description\":\"Contacta con gu\u00edas de viaje en Ecuador, locales que esperan ayudarte a explorar las maravillas del pa\u00eds. \u00a1Cont\u00e1ctanos ahora!\",\"breadcrumb\":{\"@id\":\"https:\\\/\\\/quirutoa.com\\\/es\\\/contacto\\\/#breadcrumb\"},\"inLanguage\":\"es\",\"potentialAction\":[{\"@type\":\"ReadAction\",\"target\":[\"https:\\\/\\\/quirutoa.com\\\/es\\\/contacto\\\/\"]}]},{\"@type\":\"BreadcrumbList\",\"@id\":\"https:\\\/\\\/quirutoa.com\\\/es\\\/contacto\\\/#breadcrumb\",\"itemListElement\":[{\"@type\":\"ListItem\",\"position\":1,\"name\":\"Portada\",\"item\":\"https:\\\/\\\/quirutoa.com\\\/es\\\/inicio\\\/\"},{\"@type\":\"ListItem\",\"position\":2,\"name\":\"CONTACTO\"}]},{\"@type\":\"WebSite\",\"@id\":\"https:\\\/\\\/quirutoa.com\\\/es\\\/#website\",\"url\":\"https:\\\/\\\/quirutoa.com\\\/es\\\/\",\"name\":\"TOURISM TRANSPORTATION IN QUITO\",\"description\":\"Lugares turisticos de Ecuador\",\"publisher\":{\"@id\":\"https:\\\/\\\/quirutoa.com\\\/es\\\/#organization\"},\"potentialAction\":[{\"@type\":\"SearchAction\",\"target\":{\"@type\":\"EntryPoint\",\"urlTemplate\":\"https:\\\/\\\/quirutoa.com\\\/es\\\/?s={search_term_string}\"},\"query-input\":{\"@type\":\"PropertyValueSpecification\",\"valueRequired\":true,\"valueName\":\"search_term_string\"}}],\"inLanguage\":\"es\"},{\"@type\":\"Organization\",\"@id\":\"https:\\\/\\\/quirutoa.com\\\/es\\\/#organization\",\"name\":\"TOURISM TRANSPORTATION IN QUITO\",\"url\":\"https:\\\/\\\/quirutoa.com\\\/es\\\/\",\"logo\":{\"@type\":\"ImageObject\",\"inLanguage\":\"es\",\"@id\":\"https:\\\/\\\/quirutoa.com\\\/es\\\/#\\\/schema\\\/logo\\\/image\\\/\",\"url\":\"https:\\\/\\\/quirutoa.com\\\/wp-content\\\/uploads\\\/2021\\\/01\\\/cropped-Logo-1.png\",\"contentUrl\":\"https:\\\/\\\/quirutoa.com\\\/wp-content\\\/uploads\\\/2021\\\/01\\\/cropped-Logo-1.png\",\"width\":217,\"height\":68,\"caption\":\"TOURISM TRANSPORTATION IN QUITO\"},\"image\":{\"@id\":\"https:\\\/\\\/quirutoa.com\\\/es\\\/#\\\/schema\\\/logo\\\/image\\\/\"}}]}<\/script>\n<!-- \/ Yoast SEO plugin. -->","yoast_head_json":{"title":"Contacta con Gu\u00edas de Viaje en Quito - Ecuador | Traslados y Turismo en Quirutoa","description":"Contacta con gu\u00edas de viaje en Ecuador, locales que esperan ayudarte a explorar las maravillas del pa\u00eds. \u00a1Cont\u00e1ctanos ahora!","robots":{"index":"noindex","follow":"follow"},"og_locale":"es_ES","og_type":"article","og_title":"Contacta con Gu\u00edas de Viaje en Quito - Ecuador | Traslados y Turismo en Quirutoa","og_description":"Contacta con gu\u00edas de viaje en Ecuador, locales que esperan ayudarte a explorar las maravillas del pa\u00eds. \u00a1Cont\u00e1ctanos ahora!","og_url":"https:\/\/quirutoa.com\/es\/contacto\/","og_site_name":"TOURISM TRANSPORTATION IN QUITO","article_modified_time":"2026-02-20T16:50:55+00:00","twitter_card":"summary_large_image","schema":{"@context":"https:\/\/schema.org","@graph":[{"@type":"WebPage","@id":"https:\/\/quirutoa.com\/es\/contacto\/","url":"https:\/\/quirutoa.com\/es\/contacto\/","name":"Contacta con Gu\u00edas de Viaje en Quito - Ecuador | Traslados y Turismo en Quirutoa","isPartOf":{"@id":"https:\/\/quirutoa.com\/es\/#website"},"datePublished":"2017-05-28T20:36:17+00:00","dateModified":"2026-02-20T16:50:55+00:00","description":"Contacta con gu\u00edas de viaje en Ecuador, locales que esperan ayudarte a explorar las maravillas del pa\u00eds. \u00a1Cont\u00e1ctanos ahora!","breadcrumb":{"@id":"https:\/\/quirutoa.com\/es\/contacto\/#breadcrumb"},"inLanguage":"es","potentialAction":[{"@type":"ReadAction","target":["https:\/\/quirutoa.com\/es\/contacto\/"]}]},{"@type":"BreadcrumbList","@id":"https:\/\/quirutoa.com\/es\/contacto\/#breadcrumb","itemListElement":[{"@type":"ListItem","position":1,"name":"Portada","item":"https:\/\/quirutoa.com\/es\/inicio\/"},{"@type":"ListItem","position":2,"name":"CONTACTO"}]},{"@type":"WebSite","@id":"https:\/\/quirutoa.com\/es\/#website","url":"https:\/\/quirutoa.com\/es\/","name":"TOURISM TRANSPORTATION IN QUITO","description":"Lugares turisticos de Ecuador","publisher":{"@id":"https:\/\/quirutoa.com\/es\/#organization"},"potentialAction":[{"@type":"SearchAction","target":{"@type":"EntryPoint","urlTemplate":"https:\/\/quirutoa.com\/es\/?s={search_term_string}"},"query-input":{"@type":"PropertyValueSpecification","valueRequired":true,"valueName":"search_term_string"}}],"inLanguage":"es"},{"@type":"Organization","@id":"https:\/\/quirutoa.com\/es\/#organization","name":"TOURISM TRANSPORTATION IN QUITO","url":"https:\/\/quirutoa.com\/es\/","logo":{"@type":"ImageObject","inLanguage":"es","@id":"https:\/\/quirutoa.com\/es\/#\/schema\/logo\/image\/","url":"https:\/\/quirutoa.com\/wp-content\/uploads\/2021\/01\/cropped-Logo-1.png","contentUrl":"https:\/\/quirutoa.com\/wp-content\/uploads\/2021\/01\/cropped-Logo-1.png","width":217,"height":68,"caption":"TOURISM TRANSPORTATION IN QUITO"},"image":{"@id":"https:\/\/quirutoa.com\/es\/#\/schema\/logo\/image\/"}}]}},"_links":{"self":[{"href":"https:\/\/quirutoa.com\/es\/wp-json\/wp\/v2\/pages\/15544","targetHints":{"allow":["GET"]}}],"collection":[{"href":"https:\/\/quirutoa.com\/es\/wp-json\/wp\/v2\/pages"}],"about":[{"href":"https:\/\/quirutoa.com\/es\/wp-json\/wp\/v2\/types\/page"}],"author":[{"embeddable":true,"href":"https:\/\/quirutoa.com\/es\/wp-json\/wp\/v2\/users\/1"}],"replies":[{"embeddable":true,"href":"https:\/\/quirutoa.com\/es\/wp-json\/wp\/v2\/comments?post=15544"}],"version-history":[{"count":0,"href":"https:\/\/quirutoa.com\/es\/wp-json\/wp\/v2\/pages\/15544\/revisions"}],"wp:attachment":[{"href":"https:\/\/quirutoa.com\/es\/wp-json\/wp\/v2\/media?parent=15544"}],"curies":[{"name":"wp","href":"https:\/\/api.w.org\/{rel}","templated":true}]}}