{"id":15546,"date":"2021-01-10T21:29:49","date_gmt":"2021-01-11T02:29:49","guid":{"rendered":"https:\/\/quirutoa.com\/contacto-galapagos\/"},"modified":"2026-02-20T10:56:07","modified_gmt":"2026-02-20T15:56:07","slug":"contacto-galapagos","status":"publish","type":"page","link":"https:\/\/quirutoa.com\/es\/contacto-galapagos\/","title":{"rendered":"CONTACTO GAL\u00c1PAGOS"},"content":{"rendered":"\t\t<div data-elementor-type=\"wp-page\" data-elementor-id=\"15546\" class=\"elementor elementor-15546 elementor-12535\" data-elementor-post-type=\"page\">\n\t\t\t\t\t\t<section class=\"elementor-section elementor-top-section elementor-element elementor-element-1a2c6fb elementor-section-full_width elementor-section-height-default elementor-section-height-default\" data-id=\"1a2c6fb\" data-element_type=\"section\" data-e-type=\"section\" data-settings=\"{&quot;background_background&quot;:&quot;classic&quot;,&quot;shape_divider_bottom&quot;:&quot;opacity-tilt&quot;}\">\n\t\t\t\t\t<div class=\"elementor-shape elementor-shape-bottom\" aria-hidden=\"true\" data-negative=\"false\">\n\t\t\t<svg xmlns=\"http:\/\/www.w3.org\/2000\/svg\" viewBox=\"0 0 2600 131.1\" preserveAspectRatio=\"none\">\n\t<path class=\"elementor-shape-fill\" d=\"M0 0L2600 0 2600 69.1 0 0z\"\/>\n\t<path class=\"elementor-shape-fill\" style=\"opacity:0.5\" d=\"M0 0L2600 0 2600 69.1 0 69.1z\"\/>\n\t<path class=\"elementor-shape-fill\" style=\"opacity:0.25\" d=\"M2600 0L0 0 0 130.1 2600 69.1z\"\/>\n<\/svg>\t\t<\/div>\n\t\t\t\t\t<div class=\"elementor-container elementor-column-gap-default\">\n\t\t\t\t\t<div class=\"elementor-column elementor-col-100 elementor-top-column elementor-element elementor-element-3ca8bfa\" data-id=\"3ca8bfa\" data-element_type=\"column\" data-e-type=\"column\">\n\t\t\t<div class=\"elementor-widget-wrap elementor-element-populated\">\n\t\t\t\t\t\t<div class=\"elementor-element elementor-element-64839a8 elementor-widget elementor-widget-heading\" data-id=\"64839a8\" data-element_type=\"widget\" data-e-type=\"widget\" data-widget_type=\"heading.default\">\n\t\t\t\t<div class=\"elementor-widget-container\">\n\t\t\t\t\t<h1 class=\"elementor-heading-title elementor-size-default\">Reserva tu lugar en Gal\u00e1pagos<\/h1>\t\t\t\t<\/div>\n\t\t\t\t<\/div>\n\t\t\t\t\t<\/div>\n\t\t<\/div>\n\t\t\t\t\t<\/div>\n\t\t<\/section>\n\t\t\t\t<section class=\"elementor-section elementor-top-section elementor-element elementor-element-dfa3e9c elementor-section-full_width elementor-section-height-default elementor-section-height-default\" data-id=\"dfa3e9c\" data-element_type=\"section\" data-e-type=\"section\" data-settings=\"{&quot;shape_divider_bottom&quot;:&quot;opacity-tilt&quot;}\">\n\t\t\t\t\t<div class=\"elementor-shape elementor-shape-bottom\" aria-hidden=\"true\" data-negative=\"false\">\n\t\t\t<svg xmlns=\"http:\/\/www.w3.org\/2000\/svg\" viewBox=\"0 0 2600 131.1\" preserveAspectRatio=\"none\">\n\t<path class=\"elementor-shape-fill\" d=\"M0 0L2600 0 2600 69.1 0 0z\"\/>\n\t<path class=\"elementor-shape-fill\" style=\"opacity:0.5\" d=\"M0 0L2600 0 2600 69.1 0 69.1z\"\/>\n\t<path class=\"elementor-shape-fill\" style=\"opacity:0.25\" d=\"M2600 0L0 0 0 130.1 2600 69.1z\"\/>\n<\/svg>\t\t<\/div>\n\t\t\t\t\t<div class=\"elementor-container elementor-column-gap-default\">\n\t\t\t\t\t<div class=\"elementor-column elementor-col-50 elementor-top-column elementor-element elementor-element-31cfc76\" data-id=\"31cfc76\" data-element_type=\"column\" data-e-type=\"column\">\n\t\t\t<div class=\"elementor-widget-wrap elementor-element-populated\">\n\t\t\t\t\t\t<div class=\"elementor-element elementor-element-6483c51 elementor-widget elementor-widget-heading\" data-id=\"6483c51\" data-element_type=\"widget\" data-e-type=\"widget\" data-widget_type=\"heading.default\">\n\t\t\t\t<div class=\"elementor-widget-container\">\n\t\t\t\t\t<h2 class=\"elementor-heading-title elementor-size-default\">Quirutoa Traslados &amp; Turismo SC.<\/h2>\t\t\t\t<\/div>\n\t\t\t\t<\/div>\n\t\t\t\t<div class=\"elementor-element elementor-element-4593aa2 elementor-widget elementor-widget-text-editor\" data-id=\"4593aa2\" data-element_type=\"widget\" data-e-type=\"widget\" data-widget_type=\"text-editor.default\">\n\t\t\t\t<div class=\"elementor-widget-container\">\n\t\t\t\t\t\t\t\t\t<p>Transporte privado.<br> Eventos tur\u00edsticos.<br> Alquiler de coches.<\/p><p><a href=\"https:\/\/quirutoa.com\/es\/servicios\/\">Servicios<\/a><\/p>\t\t\t\t\t\t\t\t<\/div>\n\t\t\t\t<\/div>\n\t\t\t\t<div class=\"elementor-element elementor-element-c38e7fc elementor-widget-divider--view-line elementor-widget elementor-widget-divider\" data-id=\"c38e7fc\" data-element_type=\"widget\" data-e-type=\"widget\" data-widget_type=\"divider.default\">\n\t\t\t\t<div class=\"elementor-widget-container\">\n\t\t\t\t\t\t\t<div class=\"elementor-divider\">\n\t\t\t<span class=\"elementor-divider-separator\">\n\t\t\t\t\t\t<\/span>\n\t\t<\/div>\n\t\t\t\t\t\t<\/div>\n\t\t\t\t<\/div>\n\t\t\t\t<div class=\"elementor-element elementor-element-0592ad0 elementor-widget elementor-widget-text-editor\" data-id=\"0592ad0\" data-element_type=\"widget\" data-e-type=\"widget\" data-widget_type=\"text-editor.default\">\n\t\t\t\t<div class=\"elementor-widget-container\">\n\t\t\t\t\t\t\t\t\t<p>Correo electr\u00f3nico: info@quirutoa.com<br> Tel\u00e9fono: +593 991 277 325<\/p>\t\t\t\t\t\t\t\t<\/div>\n\t\t\t\t<\/div>\n\t\t\t\t<div class=\"elementor-element elementor-element-89fc6c9 elementor-hidden-desktop elementor-widget-divider--view-line elementor-widget elementor-widget-divider\" data-id=\"89fc6c9\" data-element_type=\"widget\" data-e-type=\"widget\" data-widget_type=\"divider.default\">\n\t\t\t\t<div class=\"elementor-widget-container\">\n\t\t\t\t\t\t\t<div class=\"elementor-divider\">\n\t\t\t<span class=\"elementor-divider-separator\">\n\t\t\t\t\t\t<\/span>\n\t\t<\/div>\n\t\t\t\t\t\t<\/div>\n\t\t\t\t<\/div>\n\t\t\t\t<div class=\"elementor-element elementor-element-78b40fe elementor-widget elementor-widget-heading\" data-id=\"78b40fe\" data-element_type=\"widget\" data-e-type=\"widget\" data-widget_type=\"heading.default\">\n\t\t\t\t<div class=\"elementor-widget-container\">\n\t\t\t\t\t<h2 class=\"elementor-heading-title elementor-size-default\">Gu\u00edas de viajes locales<\/h2>\t\t\t\t<\/div>\n\t\t\t\t<\/div>\n\t\t\t\t<div class=\"elementor-element elementor-element-f8347c1 elementor-widget elementor-widget-text-editor\" data-id=\"f8347c1\" data-element_type=\"widget\" data-e-type=\"widget\" data-widget_type=\"text-editor.default\">\n\t\t\t\t<div class=\"elementor-widget-container\">\n\t\t\t\t\t\t\t\t\t<p>Servicio de alta calidad garantizado.<\/p><p><strong>WhatsApp | Correo electr\u00f3nico | Llamada telef\u00f3nica<\/strong><\/p><p>\u00a1P\u00f3ngase en contacto con nosotros y le responderemos en breve!<\/p>\t\t\t\t\t\t\t\t<\/div>\n\t\t\t\t<\/div>\n\t\t\t\t<div class=\"elementor-element elementor-element-f55e32e elementor-hidden-desktop elementor-widget-divider--view-line elementor-widget elementor-widget-divider\" data-id=\"f55e32e\" data-element_type=\"widget\" data-e-type=\"widget\" data-widget_type=\"divider.default\">\n\t\t\t\t<div class=\"elementor-widget-container\">\n\t\t\t\t\t\t\t<div class=\"elementor-divider\">\n\t\t\t<span class=\"elementor-divider-separator\">\n\t\t\t\t\t\t<\/span>\n\t\t<\/div>\n\t\t\t\t\t\t<\/div>\n\t\t\t\t<\/div>\n\t\t\t\t\t<\/div>\n\t\t<\/div>\n\t\t\t\t<div class=\"elementor-column elementor-col-50 elementor-top-column elementor-element elementor-element-6581f4d\" data-id=\"6581f4d\" data-element_type=\"column\" data-e-type=\"column\">\n\t\t\t<div class=\"elementor-widget-wrap elementor-element-populated\">\n\t\t\t\t\t\t<div class=\"elementor-element elementor-element-23cb707 elementor-button-align-stretch elementor-widget elementor-widget-form\" data-id=\"23cb707\" data-element_type=\"widget\" data-e-type=\"widget\" data-settings=\"{&quot;step_next_label&quot;:&quot;Siguiente&quot;,&quot;step_previous_label&quot;:&quot;Anterior&quot;,&quot;button_width&quot;:&quot;100&quot;,&quot;step_type&quot;:&quot;number_text&quot;,&quot;step_icon_shape&quot;:&quot;circle&quot;}\" data-widget_type=\"form.default\">\n\t\t\t\t<div class=\"elementor-widget-container\">\n\t\t\t\t\t\t\t<form class=\"elementor-form\" method=\"post\" name=\"Nuevo formulario\" aria-label=\"Nuevo formulario\">\n\t\t\t<input type=\"hidden\" name=\"post_id\" value=\"15546\"\/>\n\t\t\t<input type=\"hidden\" name=\"form_id\" value=\"23cb707\"\/>\n\t\t\t<input type=\"hidden\" name=\"referer_title\" value=\"CONTACTO GAL\u00c1PAGOS - TOURISM TRANSPORTATION IN QUITO\" \/>\n\n\t\t\t\t\t\t\t<input type=\"hidden\" name=\"queried_id\" value=\"15546\"\/>\n\t\t\t\n\t\t\t<div class=\"elementor-form-fields-wrapper elementor-labels-above\">\n\t\t\t\t\t\t\t\t<div class=\"elementor-field-type-text elementor-field-group elementor-column elementor-field-group-name elementor-col-100 elementor-field-required\">\n\t\t\t\t\t\t\t\t\t\t\t\t\t<input size=\"1\" type=\"text\" name=\"form_fields[name]\" id=\"form-field-name\" class=\"elementor-field elementor-size-sm  elementor-field-textual\" placeholder=\"Nombre y apellidos\" required=\"required\">\n\t\t\t\t\t\t\t\t\t\t\t<\/div>\n\t\t\t\t\t\t\t\t<div class=\"elementor-field-type-email elementor-field-group elementor-column elementor-field-group-email elementor-col-100 elementor-field-required\">\n\t\t\t\t\t\t\t\t\t\t\t\t\t<input size=\"1\" type=\"email\" name=\"form_fields[email]\" id=\"form-field-email\" class=\"elementor-field elementor-size-sm  elementor-field-textual\" placeholder=\"Correo electr\u00f3nico\" required=\"required\">\n\t\t\t\t\t\t\t\t\t\t\t<\/div>\n\t\t\t\t\t\t\t\t<div class=\"elementor-field-type-tel elementor-field-group elementor-column elementor-field-group-field_feb03c1 elementor-col-100 elementor-field-required\">\n\t\t\t\t\t\t\t<input size=\"1\" type=\"tel\" name=\"form_fields[field_feb03c1]\" id=\"form-field-field_feb03c1\" class=\"elementor-field elementor-size-sm  elementor-field-textual\" placeholder=\"N\u00famero de tel\u00e9fono\" required=\"required\" pattern=\"[0-9()#&amp;+*-=.]+\" title=\"Solo se aceptan n\u00fameros y caracteres de tel\u00e9fono (#,-,*,etc).\">\n\n\t\t\t\t\t\t<\/div>\n\t\t\t\t\t\t\t\t<div class=\"elementor-field-type-select elementor-field-group elementor-column elementor-field-group-field_415f547 elementor-col-100 elementor-field-required\">\n\t\t\t\t\t\t\t<div class=\"elementor-field elementor-select-wrapper remove-before \">\n\t\t\t<div class=\"select-caret-down-wrapper\">\n\t\t\t\t<i aria-hidden=\"true\" class=\"eicon-caret-down\"><\/i>\t\t\t<\/div>\n\t\t\t<select name=\"form_fields[field_415f547]\" id=\"form-field-field_415f547\" class=\"elementor-field-textual elementor-size-sm\" required=\"required\">\n\t\t\t\t\t\t\t\t\t<option value=\"Seleccione un tour\">Seleccione un tour<\/option>\n\t\t\t\t\t\t\t\t\t<option value=\" TOUR A SANTA CRUZ GAL\u00c1PAGOS \u2013 4 D\u00cdAS\"> TOUR A SANTA CRUZ GAL\u00c1PAGOS \u2013 4 D\u00cdAS<\/option>\n\t\t\t\t\t\t\t\t\t<option value=\" SAN CRIST\u00d3BAL Y SANTA CRUZ GAL\u00c1PAGOS \u2013 5 D\u00cdAS\"> SAN CRIST\u00d3BAL Y SANTA CRUZ GAL\u00c1PAGOS \u2013 5 D\u00cdAS<\/option>\n\t\t\t\t\t\t\t\t\t<option value=\" SANTA CRUZ E ISABELA GAL\u00c1PAGOS \u2013 5 D\u00cdAS\"> SANTA CRUZ E ISABELA GAL\u00c1PAGOS \u2013 5 D\u00cdAS<\/option>\n\t\t\t\t\t\t\t\t\t<option value=\" SAN CRIST\u00d3BAL Y SANTA CRUZ GAL\u00c1PAGOS \u2013 6 D\u00cdAS\"> SAN CRIST\u00d3BAL Y SANTA CRUZ GAL\u00c1PAGOS \u2013 6 D\u00cdAS<\/option>\n\t\t\t\t\t\t\t\t\t<option value=\" GAL\u00c1PAGOS EXPLORANDO 5 ISLAS \u2013 8 D\u00cdAS\"> GAL\u00c1PAGOS EXPLORANDO 5 ISLAS \u2013 8 D\u00cdAS<\/option>\n\t\t\t\t\t\t\t\t\t<option value=\" BUCEO EN GAL\u00c1PAGOS \u2013 5 D\u00cdAS\"> BUCEO EN GAL\u00c1PAGOS \u2013 5 D\u00cdAS<\/option>\n\t\t\t\t\t\t\t\t\t<option value=\" MULTIDEPORTES EN GAL\u00c1PAGOS \u2013 5 D\u00cdAS\"> MULTIDEPORTES EN GAL\u00c1PAGOS \u2013 5 D\u00cdAS<\/option>\n\t\t\t\t\t\t\t\t\t<option value=\" MULTIDEPORTES EN GAL\u00c1PAGOS \u2013 8 D\u00cdAS  \"> MULTIDEPORTES EN GAL\u00c1PAGOS \u2013 8 D\u00cdAS  <\/option>\n\t\t\t\t\t\t\t<\/select>\n\t\t<\/div>\n\t\t\t\t\t\t<\/div>\n\t\t\t\t\t\t\t\t<div class=\"elementor-field-group elementor-column elementor-field-type-submit elementor-col-100 e-form__buttons\">\n\t\t\t\t\t<button class=\"elementor-button elementor-size-sm elementor-animation-grow\" type=\"submit\">\n\t\t\t\t\t\t<span class=\"elementor-button-content-wrapper\">\n\t\t\t\t\t\t\t\t\t\t\t\t\t\t\t\t\t\t\t\t\t\t<span class=\"elementor-button-text\">Enviar<\/span>\n\t\t\t\t\t\t\t\t\t\t\t\t\t<\/span>\n\t\t\t\t\t<\/button>\n\t\t\t\t<\/div>\n\t\t\t<\/div>\n\t\t<\/form>\n\t\t\t\t\t\t<\/div>\n\t\t\t\t<\/div>\n\t\t\t\t\t<\/div>\n\t\t<\/div>\n\t\t\t\t\t<\/div>\n\t\t<\/section>\n\t\t\t\t<\/div>\n\t\t","protected":false},"excerpt":{"rendered":"<p>Reserva tu lugar en Gal\u00e1pagos Quirutoa Traslados &amp; Turismo SC. Transporte privado. Eventos tur\u00edsticos. Alquiler de coches. Servicios Correo electr\u00f3nico: info@quirutoa.com Tel\u00e9fono: +593 991 277 325 Gu\u00edas de viajes locales Servicio de alta calidad garantizado. WhatsApp | Correo electr\u00f3nico | Llamada telef\u00f3nica \u00a1P\u00f3ngase en contacto con nosotros y le responderemos en breve!<\/p>\n","protected":false},"author":3,"featured_media":0,"parent":0,"menu_order":0,"comment_status":"closed","ping_status":"closed","template":"elementor_header_footer","meta":{"_joinchat":[],"footnotes":""},"class_list":["post-15546","page","type-page","status-publish","hentry"],"yoast_head":"<!-- This site is optimized with the Yoast SEO plugin v27.3 - https:\/\/yoast.com\/product\/yoast-seo-wordpress\/ -->\n<title>CONTACTO GAL\u00c1PAGOS - TOURISM TRANSPORTATION IN QUITO<\/title>\n<meta name=\"description\" content=\"Descubra las Islas Gal\u00e1pagos con Quirutoa Transfers &amp; Tourism. Experimente una fauna \u00fanica y playas v\u00edrgenes.\" \/>\n<meta name=\"robots\" content=\"index, follow, max-snippet:-1, max-image-preview:large, max-video-preview:-1\" \/>\n<link rel=\"canonical\" href=\"https:\/\/quirutoa.com\/es\/contacto-galapagos\/\" \/>\n<meta property=\"og:locale\" content=\"es_ES\" \/>\n<meta property=\"og:type\" content=\"article\" \/>\n<meta property=\"og:title\" content=\"CONTACTO GAL\u00c1PAGOS - TOURISM TRANSPORTATION IN QUITO\" \/>\n<meta property=\"og:description\" content=\"Descubra las Islas Gal\u00e1pagos con Quirutoa Transfers &amp; Tourism. Experimente una fauna \u00fanica y playas v\u00edrgenes.\" \/>\n<meta property=\"og:url\" content=\"https:\/\/quirutoa.com\/es\/contacto-galapagos\/\" \/>\n<meta property=\"og:site_name\" content=\"TOURISM TRANSPORTATION IN QUITO\" \/>\n<meta property=\"article:modified_time\" content=\"2026-02-20T15:56:07+00:00\" \/>\n<meta name=\"twitter:card\" content=\"summary_large_image\" \/>\n<script type=\"application\/ld+json\" class=\"yoast-schema-graph\">{\"@context\":\"https:\\\/\\\/schema.org\",\"@graph\":[{\"@type\":\"WebPage\",\"@id\":\"https:\\\/\\\/quirutoa.com\\\/es\\\/contacto-galapagos\\\/\",\"url\":\"https:\\\/\\\/quirutoa.com\\\/es\\\/contacto-galapagos\\\/\",\"name\":\"CONTACTO GAL\u00c1PAGOS - TOURISM TRANSPORTATION IN QUITO\",\"isPartOf\":{\"@id\":\"https:\\\/\\\/quirutoa.com\\\/es\\\/#website\"},\"datePublished\":\"2021-01-11T02:29:49+00:00\",\"dateModified\":\"2026-02-20T15:56:07+00:00\",\"description\":\"Descubra las Islas Gal\u00e1pagos con Quirutoa Transfers & Tourism. Experimente una fauna \u00fanica y playas v\u00edrgenes.\",\"breadcrumb\":{\"@id\":\"https:\\\/\\\/quirutoa.com\\\/es\\\/contacto-galapagos\\\/#breadcrumb\"},\"inLanguage\":\"es\",\"potentialAction\":[{\"@type\":\"ReadAction\",\"target\":[\"https:\\\/\\\/quirutoa.com\\\/es\\\/contacto-galapagos\\\/\"]}]},{\"@type\":\"BreadcrumbList\",\"@id\":\"https:\\\/\\\/quirutoa.com\\\/es\\\/contacto-galapagos\\\/#breadcrumb\",\"itemListElement\":[{\"@type\":\"ListItem\",\"position\":1,\"name\":\"Portada\",\"item\":\"https:\\\/\\\/quirutoa.com\\\/es\\\/inicio\\\/\"},{\"@type\":\"ListItem\",\"position\":2,\"name\":\"CONTACTO GAL\u00c1PAGOS\"}]},{\"@type\":\"WebSite\",\"@id\":\"https:\\\/\\\/quirutoa.com\\\/es\\\/#website\",\"url\":\"https:\\\/\\\/quirutoa.com\\\/es\\\/\",\"name\":\"TOURISM TRANSPORTATION IN QUITO\",\"description\":\"Lugares turisticos de Ecuador\",\"publisher\":{\"@id\":\"https:\\\/\\\/quirutoa.com\\\/es\\\/#organization\"},\"potentialAction\":[{\"@type\":\"SearchAction\",\"target\":{\"@type\":\"EntryPoint\",\"urlTemplate\":\"https:\\\/\\\/quirutoa.com\\\/es\\\/?s={search_term_string}\"},\"query-input\":{\"@type\":\"PropertyValueSpecification\",\"valueRequired\":true,\"valueName\":\"search_term_string\"}}],\"inLanguage\":\"es\"},{\"@type\":\"Organization\",\"@id\":\"https:\\\/\\\/quirutoa.com\\\/es\\\/#organization\",\"name\":\"TOURISM TRANSPORTATION IN QUITO\",\"url\":\"https:\\\/\\\/quirutoa.com\\\/es\\\/\",\"logo\":{\"@type\":\"ImageObject\",\"inLanguage\":\"es\",\"@id\":\"https:\\\/\\\/quirutoa.com\\\/es\\\/#\\\/schema\\\/logo\\\/image\\\/\",\"url\":\"https:\\\/\\\/quirutoa.com\\\/wp-content\\\/uploads\\\/2021\\\/01\\\/cropped-Logo-1.png\",\"contentUrl\":\"https:\\\/\\\/quirutoa.com\\\/wp-content\\\/uploads\\\/2021\\\/01\\\/cropped-Logo-1.png\",\"width\":217,\"height\":68,\"caption\":\"TOURISM TRANSPORTATION IN QUITO\"},\"image\":{\"@id\":\"https:\\\/\\\/quirutoa.com\\\/es\\\/#\\\/schema\\\/logo\\\/image\\\/\"}}]}<\/script>\n<!-- \/ Yoast SEO plugin. -->","yoast_head_json":{"title":"CONTACTO GAL\u00c1PAGOS - TOURISM TRANSPORTATION IN QUITO","description":"Descubra las Islas Gal\u00e1pagos con Quirutoa Transfers & Tourism. Experimente una fauna \u00fanica y playas v\u00edrgenes.","robots":{"index":"index","follow":"follow","max-snippet":"max-snippet:-1","max-image-preview":"max-image-preview:large","max-video-preview":"max-video-preview:-1"},"canonical":"https:\/\/quirutoa.com\/es\/contacto-galapagos\/","og_locale":"es_ES","og_type":"article","og_title":"CONTACTO GAL\u00c1PAGOS - TOURISM TRANSPORTATION IN QUITO","og_description":"Descubra las Islas Gal\u00e1pagos con Quirutoa Transfers & Tourism. Experimente una fauna \u00fanica y playas v\u00edrgenes.","og_url":"https:\/\/quirutoa.com\/es\/contacto-galapagos\/","og_site_name":"TOURISM TRANSPORTATION IN QUITO","article_modified_time":"2026-02-20T15:56:07+00:00","twitter_card":"summary_large_image","schema":{"@context":"https:\/\/schema.org","@graph":[{"@type":"WebPage","@id":"https:\/\/quirutoa.com\/es\/contacto-galapagos\/","url":"https:\/\/quirutoa.com\/es\/contacto-galapagos\/","name":"CONTACTO GAL\u00c1PAGOS - TOURISM TRANSPORTATION IN QUITO","isPartOf":{"@id":"https:\/\/quirutoa.com\/es\/#website"},"datePublished":"2021-01-11T02:29:49+00:00","dateModified":"2026-02-20T15:56:07+00:00","description":"Descubra las Islas Gal\u00e1pagos con Quirutoa Transfers & Tourism. Experimente una fauna \u00fanica y playas v\u00edrgenes.","breadcrumb":{"@id":"https:\/\/quirutoa.com\/es\/contacto-galapagos\/#breadcrumb"},"inLanguage":"es","potentialAction":[{"@type":"ReadAction","target":["https:\/\/quirutoa.com\/es\/contacto-galapagos\/"]}]},{"@type":"BreadcrumbList","@id":"https:\/\/quirutoa.com\/es\/contacto-galapagos\/#breadcrumb","itemListElement":[{"@type":"ListItem","position":1,"name":"Portada","item":"https:\/\/quirutoa.com\/es\/inicio\/"},{"@type":"ListItem","position":2,"name":"CONTACTO GAL\u00c1PAGOS"}]},{"@type":"WebSite","@id":"https:\/\/quirutoa.com\/es\/#website","url":"https:\/\/quirutoa.com\/es\/","name":"TOURISM TRANSPORTATION IN QUITO","description":"Lugares turisticos de Ecuador","publisher":{"@id":"https:\/\/quirutoa.com\/es\/#organization"},"potentialAction":[{"@type":"SearchAction","target":{"@type":"EntryPoint","urlTemplate":"https:\/\/quirutoa.com\/es\/?s={search_term_string}"},"query-input":{"@type":"PropertyValueSpecification","valueRequired":true,"valueName":"search_term_string"}}],"inLanguage":"es"},{"@type":"Organization","@id":"https:\/\/quirutoa.com\/es\/#organization","name":"TOURISM TRANSPORTATION IN QUITO","url":"https:\/\/quirutoa.com\/es\/","logo":{"@type":"ImageObject","inLanguage":"es","@id":"https:\/\/quirutoa.com\/es\/#\/schema\/logo\/image\/","url":"https:\/\/quirutoa.com\/wp-content\/uploads\/2021\/01\/cropped-Logo-1.png","contentUrl":"https:\/\/quirutoa.com\/wp-content\/uploads\/2021\/01\/cropped-Logo-1.png","width":217,"height":68,"caption":"TOURISM TRANSPORTATION IN QUITO"},"image":{"@id":"https:\/\/quirutoa.com\/es\/#\/schema\/logo\/image\/"}}]}},"_links":{"self":[{"href":"https:\/\/quirutoa.com\/es\/wp-json\/wp\/v2\/pages\/15546","targetHints":{"allow":["GET"]}}],"collection":[{"href":"https:\/\/quirutoa.com\/es\/wp-json\/wp\/v2\/pages"}],"about":[{"href":"https:\/\/quirutoa.com\/es\/wp-json\/wp\/v2\/types\/page"}],"author":[{"embeddable":true,"href":"https:\/\/quirutoa.com\/es\/wp-json\/wp\/v2\/users\/3"}],"replies":[{"embeddable":true,"href":"https:\/\/quirutoa.com\/es\/wp-json\/wp\/v2\/comments?post=15546"}],"version-history":[{"count":0,"href":"https:\/\/quirutoa.com\/es\/wp-json\/wp\/v2\/pages\/15546\/revisions"}],"wp:attachment":[{"href":"https:\/\/quirutoa.com\/es\/wp-json\/wp\/v2\/media?parent=15546"}],"curies":[{"name":"wp","href":"https:\/\/api.w.org\/{rel}","templated":true}]}}