{"id":15591,"date":"2020-08-20T18:19:42","date_gmt":"2020-08-20T23:19:42","guid":{"rendered":"https:\/\/quirutoa.com\/transporte-privado-de-quito-a-ambato\/"},"modified":"2026-02-20T11:22:18","modified_gmt":"2026-02-20T16:22:18","slug":"transporte-privado-de-quito-a-ambato","status":"publish","type":"page","link":"https:\/\/quirutoa.com\/es\/transporte-privado-de-quito-a-ambato\/","title":{"rendered":"Transporte privado: Quito a Ambato"},"content":{"rendered":"\n<figure class=\"wp-block-image size-large\"><img fetchpriority=\"high\" decoding=\"async\" width=\"1024\" height=\"273\" src=\"https:\/\/quirutoa.com\/wp-content\/uploads\/2021\/01\/Landscapes-2.jpg\" alt=\"Traslados y servicios tur&#xED;sticos en Quirutoa\" class=\"wp-image-12515\" srcset=\"https:\/\/quirutoa.com\/wp-content\/uploads\/2021\/01\/Landscapes-2.jpg 1024w, https:\/\/quirutoa.com\/wp-content\/uploads\/2021\/01\/Landscapes-2-300x80.jpg 300w, https:\/\/quirutoa.com\/wp-content\/uploads\/2021\/01\/Landscapes-2-768x205.jpg 768w\" sizes=\"(max-width: 1024px) 100vw, 1024px\" \/><\/figure>\n<p>Quilotoa Transfers es una plataforma l\u00edder especializada en transporte tur\u00edstico, corporativo y privado en todo Ecuador, con un firme compromiso con la calidad del servicio. Con sede en Quito, ofrecemos viajes sin contratiempos a cualquier ciudad del pa\u00eds, garantizando la excelencia en traslados privados para empresas, instituciones y grupos. <\/p>\n<p>Nuestra diversa flota incluye SUV ejecutivas, camionetas de pasajeros, minivans y autobuses grandes. Ya sea que visite el pa\u00eds por primera vez, asista a una reuni\u00f3n de negocios o explore las maravillas naturales del pa\u00eds, estamos completamente equipados para gestionar todas sus necesidades de transporte y log\u00edstica en Quito y sus alrededores. <\/p>\n<p>Cont\u00e1ctanos v\u00eda WhatsApp: +593 991 277 325<\/p>\n\n<figure class=\"wp-block-image size-large is-resized\"><img decoding=\"async\" width=\"752\" height=\"250\" src=\"https:\/\/quirutoa.com\/wp-content\/uploads\/2021\/01\/Vehicles-7.png\" alt=\"Veh&#xED;culos - Transporte en Quito | Traslados Quirutoa\" class=\"wp-image-12608\" style=\"width:389px;height:129px\" srcset=\"https:\/\/quirutoa.com\/wp-content\/uploads\/2021\/01\/Vehicles-7.png 752w, https:\/\/quirutoa.com\/wp-content\/uploads\/2021\/01\/Vehicles-7-300x100.png 300w\" sizes=\"(max-width: 752px) 100vw, 752px\" \/><\/figure>\n","protected":false},"excerpt":{"rendered":"<p>Quilotoa Transfers es una plataforma l\u00edder especializada en transporte tur\u00edstico, corporativo y privado en todo Ecuador, con un firme compromiso con la calidad del servicio. Con sede en Quito, ofrecemos viajes sin contratiempos a cualquier ciudad del pa\u00eds, garantizando la excelencia en traslados privados para empresas, instituciones y grupos. Nuestra diversa flota incluye SUV ejecutivas, [&hellip;]<\/p>\n","protected":false},"author":3,"featured_media":0,"parent":0,"menu_order":0,"comment_status":"closed","ping_status":"closed","template":"","meta":{"_joinchat":[],"footnotes":""},"class_list":["post-15591","page","type-page","status-publish","hentry"],"yoast_head":"<!-- This site is optimized with the Yoast SEO plugin v27.3 - https:\/\/yoast.com\/product\/yoast-seo-wordpress\/ -->\n<title>Transporte privado de Quito a Ambato | Traslados seguros | Quirutoa<\/title>\n<meta name=\"description\" content=\"Viaje seguro de Quito a Ambato con nuestro servicio de transporte privado. Conductores profesionales, recogida puerta a puerta.\" \/>\n<meta name=\"robots\" content=\"index, follow, max-snippet:-1, max-image-preview:large, max-video-preview:-1\" \/>\n<link rel=\"canonical\" href=\"https:\/\/quirutoa.com\/es\/transporte-privado-de-quito-a-ambato\/\" \/>\n<meta property=\"og:locale\" content=\"es_ES\" \/>\n<meta property=\"og:type\" content=\"article\" \/>\n<meta property=\"og:title\" content=\"Transporte privado de Quito a Ambato | Traslados seguros | Quirutoa\" \/>\n<meta property=\"og:description\" content=\"Viaje seguro de Quito a Ambato con nuestro servicio de transporte privado. Conductores profesionales, recogida puerta a puerta.\" \/>\n<meta property=\"og:url\" content=\"https:\/\/quirutoa.com\/es\/transporte-privado-de-quito-a-ambato\/\" \/>\n<meta property=\"og:site_name\" content=\"TOURISM TRANSPORTATION IN QUITO\" \/>\n<meta property=\"article:modified_time\" content=\"2026-02-20T16:22:18+00:00\" \/>\n<meta property=\"og:image\" content=\"https:\/\/quirutoa.com\/wp-content\/uploads\/2021\/01\/Landscapes-2.jpg\" \/>\n\t<meta property=\"og:image:width\" content=\"1024\" \/>\n\t<meta property=\"og:image:height\" content=\"273\" \/>\n\t<meta property=\"og:image:type\" content=\"image\/jpeg\" \/>\n<meta name=\"twitter:card\" content=\"summary_large_image\" \/>\n<meta name=\"twitter:label1\" content=\"Tiempo de lectura\" \/>\n\t<meta name=\"twitter:data1\" content=\"1 minuto\" \/>\n<script type=\"application\/ld+json\" class=\"yoast-schema-graph\">{\"@context\":\"https:\\\/\\\/schema.org\",\"@graph\":[{\"@type\":\"WebPage\",\"@id\":\"https:\\\/\\\/quirutoa.com\\\/es\\\/transporte-privado-de-quito-a-ambato\\\/\",\"url\":\"https:\\\/\\\/quirutoa.com\\\/es\\\/transporte-privado-de-quito-a-ambato\\\/\",\"name\":\"Transporte privado de Quito a Ambato | Traslados seguros | Quirutoa\",\"isPartOf\":{\"@id\":\"https:\\\/\\\/quirutoa.com\\\/es\\\/#website\"},\"primaryImageOfPage\":{\"@id\":\"https:\\\/\\\/quirutoa.com\\\/es\\\/transporte-privado-de-quito-a-ambato\\\/#primaryimage\"},\"image\":{\"@id\":\"https:\\\/\\\/quirutoa.com\\\/es\\\/transporte-privado-de-quito-a-ambato\\\/#primaryimage\"},\"thumbnailUrl\":\"https:\\\/\\\/quirutoa.com\\\/wp-content\\\/uploads\\\/2021\\\/01\\\/Landscapes-2.jpg\",\"datePublished\":\"2020-08-20T23:19:42+00:00\",\"dateModified\":\"2026-02-20T16:22:18+00:00\",\"description\":\"Viaje seguro de Quito a Ambato con nuestro servicio de transporte privado. Conductores profesionales, recogida puerta a puerta.\",\"breadcrumb\":{\"@id\":\"https:\\\/\\\/quirutoa.com\\\/es\\\/transporte-privado-de-quito-a-ambato\\\/#breadcrumb\"},\"inLanguage\":\"es\",\"potentialAction\":[{\"@type\":\"ReadAction\",\"target\":[\"https:\\\/\\\/quirutoa.com\\\/es\\\/transporte-privado-de-quito-a-ambato\\\/\"]}]},{\"@type\":\"ImageObject\",\"inLanguage\":\"es\",\"@id\":\"https:\\\/\\\/quirutoa.com\\\/es\\\/transporte-privado-de-quito-a-ambato\\\/#primaryimage\",\"url\":\"https:\\\/\\\/quirutoa.com\\\/wp-content\\\/uploads\\\/2021\\\/01\\\/Landscapes-2.jpg\",\"contentUrl\":\"https:\\\/\\\/quirutoa.com\\\/wp-content\\\/uploads\\\/2021\\\/01\\\/Landscapes-2.jpg\"},{\"@type\":\"BreadcrumbList\",\"@id\":\"https:\\\/\\\/quirutoa.com\\\/es\\\/transporte-privado-de-quito-a-ambato\\\/#breadcrumb\",\"itemListElement\":[{\"@type\":\"ListItem\",\"position\":1,\"name\":\"Portada\",\"item\":\"https:\\\/\\\/quirutoa.com\\\/es\\\/inicio\\\/\"},{\"@type\":\"ListItem\",\"position\":2,\"name\":\"Transporte privado: Quito a Ambato\"}]},{\"@type\":\"WebSite\",\"@id\":\"https:\\\/\\\/quirutoa.com\\\/es\\\/#website\",\"url\":\"https:\\\/\\\/quirutoa.com\\\/es\\\/\",\"name\":\"TOURISM TRANSPORTATION IN QUITO\",\"description\":\"Lugares turisticos de Ecuador\",\"publisher\":{\"@id\":\"https:\\\/\\\/quirutoa.com\\\/es\\\/#organization\"},\"potentialAction\":[{\"@type\":\"SearchAction\",\"target\":{\"@type\":\"EntryPoint\",\"urlTemplate\":\"https:\\\/\\\/quirutoa.com\\\/es\\\/?s={search_term_string}\"},\"query-input\":{\"@type\":\"PropertyValueSpecification\",\"valueRequired\":true,\"valueName\":\"search_term_string\"}}],\"inLanguage\":\"es\"},{\"@type\":\"Organization\",\"@id\":\"https:\\\/\\\/quirutoa.com\\\/es\\\/#organization\",\"name\":\"TOURISM TRANSPORTATION IN QUITO\",\"url\":\"https:\\\/\\\/quirutoa.com\\\/es\\\/\",\"logo\":{\"@type\":\"ImageObject\",\"inLanguage\":\"es\",\"@id\":\"https:\\\/\\\/quirutoa.com\\\/es\\\/#\\\/schema\\\/logo\\\/image\\\/\",\"url\":\"https:\\\/\\\/quirutoa.com\\\/wp-content\\\/uploads\\\/2021\\\/01\\\/cropped-Logo-1.png\",\"contentUrl\":\"https:\\\/\\\/quirutoa.com\\\/wp-content\\\/uploads\\\/2021\\\/01\\\/cropped-Logo-1.png\",\"width\":217,\"height\":68,\"caption\":\"TOURISM TRANSPORTATION IN QUITO\"},\"image\":{\"@id\":\"https:\\\/\\\/quirutoa.com\\\/es\\\/#\\\/schema\\\/logo\\\/image\\\/\"}}]}<\/script>\n<!-- \/ Yoast SEO plugin. -->","yoast_head_json":{"title":"Transporte privado de Quito a Ambato | Traslados seguros | Quirutoa","description":"Viaje seguro de Quito a Ambato con nuestro servicio de transporte privado. Conductores profesionales, recogida puerta a puerta.","robots":{"index":"index","follow":"follow","max-snippet":"max-snippet:-1","max-image-preview":"max-image-preview:large","max-video-preview":"max-video-preview:-1"},"canonical":"https:\/\/quirutoa.com\/es\/transporte-privado-de-quito-a-ambato\/","og_locale":"es_ES","og_type":"article","og_title":"Transporte privado de Quito a Ambato | Traslados seguros | Quirutoa","og_description":"Viaje seguro de Quito a Ambato con nuestro servicio de transporte privado. Conductores profesionales, recogida puerta a puerta.","og_url":"https:\/\/quirutoa.com\/es\/transporte-privado-de-quito-a-ambato\/","og_site_name":"TOURISM TRANSPORTATION IN QUITO","article_modified_time":"2026-02-20T16:22:18+00:00","og_image":[{"width":1024,"height":273,"url":"https:\/\/quirutoa.com\/wp-content\/uploads\/2021\/01\/Landscapes-2.jpg","type":"image\/jpeg"}],"twitter_card":"summary_large_image","twitter_misc":{"Tiempo de lectura":"1 minuto"},"schema":{"@context":"https:\/\/schema.org","@graph":[{"@type":"WebPage","@id":"https:\/\/quirutoa.com\/es\/transporte-privado-de-quito-a-ambato\/","url":"https:\/\/quirutoa.com\/es\/transporte-privado-de-quito-a-ambato\/","name":"Transporte privado de Quito a Ambato | Traslados seguros | Quirutoa","isPartOf":{"@id":"https:\/\/quirutoa.com\/es\/#website"},"primaryImageOfPage":{"@id":"https:\/\/quirutoa.com\/es\/transporte-privado-de-quito-a-ambato\/#primaryimage"},"image":{"@id":"https:\/\/quirutoa.com\/es\/transporte-privado-de-quito-a-ambato\/#primaryimage"},"thumbnailUrl":"https:\/\/quirutoa.com\/wp-content\/uploads\/2021\/01\/Landscapes-2.jpg","datePublished":"2020-08-20T23:19:42+00:00","dateModified":"2026-02-20T16:22:18+00:00","description":"Viaje seguro de Quito a Ambato con nuestro servicio de transporte privado. Conductores profesionales, recogida puerta a puerta.","breadcrumb":{"@id":"https:\/\/quirutoa.com\/es\/transporte-privado-de-quito-a-ambato\/#breadcrumb"},"inLanguage":"es","potentialAction":[{"@type":"ReadAction","target":["https:\/\/quirutoa.com\/es\/transporte-privado-de-quito-a-ambato\/"]}]},{"@type":"ImageObject","inLanguage":"es","@id":"https:\/\/quirutoa.com\/es\/transporte-privado-de-quito-a-ambato\/#primaryimage","url":"https:\/\/quirutoa.com\/wp-content\/uploads\/2021\/01\/Landscapes-2.jpg","contentUrl":"https:\/\/quirutoa.com\/wp-content\/uploads\/2021\/01\/Landscapes-2.jpg"},{"@type":"BreadcrumbList","@id":"https:\/\/quirutoa.com\/es\/transporte-privado-de-quito-a-ambato\/#breadcrumb","itemListElement":[{"@type":"ListItem","position":1,"name":"Portada","item":"https:\/\/quirutoa.com\/es\/inicio\/"},{"@type":"ListItem","position":2,"name":"Transporte privado: Quito a Ambato"}]},{"@type":"WebSite","@id":"https:\/\/quirutoa.com\/es\/#website","url":"https:\/\/quirutoa.com\/es\/","name":"TOURISM TRANSPORTATION IN QUITO","description":"Lugares turisticos de Ecuador","publisher":{"@id":"https:\/\/quirutoa.com\/es\/#organization"},"potentialAction":[{"@type":"SearchAction","target":{"@type":"EntryPoint","urlTemplate":"https:\/\/quirutoa.com\/es\/?s={search_term_string}"},"query-input":{"@type":"PropertyValueSpecification","valueRequired":true,"valueName":"search_term_string"}}],"inLanguage":"es"},{"@type":"Organization","@id":"https:\/\/quirutoa.com\/es\/#organization","name":"TOURISM TRANSPORTATION IN QUITO","url":"https:\/\/quirutoa.com\/es\/","logo":{"@type":"ImageObject","inLanguage":"es","@id":"https:\/\/quirutoa.com\/es\/#\/schema\/logo\/image\/","url":"https:\/\/quirutoa.com\/wp-content\/uploads\/2021\/01\/cropped-Logo-1.png","contentUrl":"https:\/\/quirutoa.com\/wp-content\/uploads\/2021\/01\/cropped-Logo-1.png","width":217,"height":68,"caption":"TOURISM TRANSPORTATION IN QUITO"},"image":{"@id":"https:\/\/quirutoa.com\/es\/#\/schema\/logo\/image\/"}}]}},"_links":{"self":[{"href":"https:\/\/quirutoa.com\/es\/wp-json\/wp\/v2\/pages\/15591","targetHints":{"allow":["GET"]}}],"collection":[{"href":"https:\/\/quirutoa.com\/es\/wp-json\/wp\/v2\/pages"}],"about":[{"href":"https:\/\/quirutoa.com\/es\/wp-json\/wp\/v2\/types\/page"}],"author":[{"embeddable":true,"href":"https:\/\/quirutoa.com\/es\/wp-json\/wp\/v2\/users\/3"}],"replies":[{"embeddable":true,"href":"https:\/\/quirutoa.com\/es\/wp-json\/wp\/v2\/comments?post=15591"}],"version-history":[{"count":0,"href":"https:\/\/quirutoa.com\/es\/wp-json\/wp\/v2\/pages\/15591\/revisions"}],"wp:attachment":[{"href":"https:\/\/quirutoa.com\/es\/wp-json\/wp\/v2\/media?parent=15591"}],"curies":[{"name":"wp","href":"https:\/\/api.w.org\/{rel}","templated":true}]}}