{"id":15598,"date":"2020-07-26T16:55:33","date_gmt":"2020-07-26T21:55:33","guid":{"rendered":"https:\/\/quirutoa.com\/transporte-para-grupos-en-quito\/"},"modified":"2026-02-20T11:50:56","modified_gmt":"2026-02-20T16:50:56","slug":"transporte-para-grupos-en-quito","status":"publish","type":"page","link":"https:\/\/quirutoa.com\/es\/transporte-para-grupos-en-quito\/","title":{"rendered":"Transporte grupal en Quito"},"content":{"rendered":"\n<figure class=\"wp-block-image size-large\"><img fetchpriority=\"high\" decoding=\"async\" width=\"1024\" height=\"273\" src=\"https:\/\/quirutoa.com\/wp-content\/uploads\/2021\/01\/Landscapes-2.jpg\" alt=\"Traslados y servicios tur&#xED;sticos en Quirutoa\" class=\"wp-image-12515\" srcset=\"https:\/\/quirutoa.com\/wp-content\/uploads\/2021\/01\/Landscapes-2.jpg 1024w, https:\/\/quirutoa.com\/wp-content\/uploads\/2021\/01\/Landscapes-2-300x80.jpg 300w, https:\/\/quirutoa.com\/wp-content\/uploads\/2021\/01\/Landscapes-2-768x205.jpg 768w\" sizes=\"(max-width: 1024px) 100vw, 1024px\" \/><\/figure>\n<p data-path-to-node=\"3\">Ofrecemos servicios integrales de transporte, incluyendo llegadas y salidas del aeropuerto, as\u00ed como traslados a hoteles, hostales, haciendas, albergues y alojamientos especializados. Tambi\u00e9n ofrecemos tours a los destinos tur\u00edsticos m\u00e1s emblem\u00e1ticos de Ecuador. Para reservar, simplemente env\u00edenos los datos de su vuelo (nombre, fecha, hora, aerol\u00ednea y n\u00famero de vuelo).  <\/p>\n<p data-path-to-node=\"4\"><b data-path-to-node=\"4\" data-index-in-node=\"0\">Destinos:<\/b> Quito, Papallacta, Mindo, Otavalo, Cotacachi, Ibarra, Santuario de Las Lajas (frontera con Colombia), Cotopaxi, Latacunga, Isinliv\u00ed, Laguna del Quilotoa, Ambato, Salinas de Guaranda, Ba\u00f1os de Agua Santa, Puyo, Tena, Puerto Misahuall\u00ed, El Coca, Lago Agrio, Riobamba, Alaus\u00ed (Tren de la Nariz del Diablo), Ruinas de Ingapirca, Cuenca, Parque Nacional Cajas, Guayaquil, Monta\u00f1ita, Ol\u00f3n, Puerto L\u00f3pez, Manta, Tonsupa, Mompiche, y viceversa.<\/p>\n<p data-path-to-node=\"5\">Ofrecemos veh\u00edculos c\u00f3modos y modernos y un equipo profesional de <b data-path-to-node=\"5\" data-index-in-node=\"65\">personal biling\u00fce<\/b> para garantizar una experiencia de viaje perfecta.<\/p>\n<p data-path-to-node=\"6\"><b data-path-to-node=\"6\" data-index-in-node=\"0\">Cont\u00e1ctanos v\u00eda WhatsApp:<\/b> <a class=\"ng-star-inserted\" href=\"https:\/\/www.google.com\/search?q=https:\/\/wa.me\/593991277325\" target=\"_blank\" rel=\"noopener\" data-hveid=\"0\" data-ved=\"0CAAQ_4QMahcKEwjViq_bnOOSAxUAAAAAHQAAAAAQLQ\">+593 991 277 325<\/a><\/p>\n\n<figure class=\"wp-block-image size-large is-resized\"><img decoding=\"async\" width=\"752\" height=\"250\" src=\"https:\/\/quirutoa.com\/wp-content\/uploads\/2021\/01\/Vehicles-7.png\" alt=\"Veh&#xED;culos - Transporte en Quito | Traslados Quirutoa\" class=\"wp-image-12608\" style=\"width:436px;height:146px\" srcset=\"https:\/\/quirutoa.com\/wp-content\/uploads\/2021\/01\/Vehicles-7.png 752w, https:\/\/quirutoa.com\/wp-content\/uploads\/2021\/01\/Vehicles-7-300x100.png 300w\" sizes=\"(max-width: 752px) 100vw, 752px\" \/><\/figure>\n\n<p><\/p>\n","protected":false},"excerpt":{"rendered":"<p>Ofrecemos servicios integrales de transporte, incluyendo llegadas y salidas del aeropuerto, as\u00ed como traslados a hoteles, hostales, haciendas, albergues y alojamientos especializados. Tambi\u00e9n ofrecemos tours a los destinos tur\u00edsticos m\u00e1s emblem\u00e1ticos de Ecuador. Para reservar, simplemente env\u00edenos los datos de su vuelo (nombre, fecha, hora, aerol\u00ednea y n\u00famero de vuelo). Destinos: Quito, Papallacta, Mindo, Otavalo, [&hellip;]<\/p>\n","protected":false},"author":3,"featured_media":0,"parent":0,"menu_order":0,"comment_status":"closed","ping_status":"closed","template":"","meta":{"_joinchat":[],"footnotes":""},"class_list":["post-15598","page","type-page","status-publish","hentry"],"yoast_head":"<!-- This site is optimized with the Yoast SEO plugin v27.4 - https:\/\/yoast.com\/product\/yoast-seo-wordpress\/ -->\n<title>Transporte para grupos en Quito | Alquiler de furgonetas y autobuses privados | Quirutoa<\/title>\n<meta name=\"description\" content=\"\u00bfNecesita transporte grupal confiable en Quito? Ofrecemos camionetas y autobuses privados para tours, eventos y traslados al aeropuerto.\" \/>\n<meta name=\"robots\" content=\"index, follow, max-snippet:-1, max-image-preview:large, max-video-preview:-1\" \/>\n<link rel=\"canonical\" href=\"https:\/\/quirutoa.com\/es\/transporte-para-grupos-en-quito\/\" \/>\n<meta property=\"og:locale\" content=\"es_ES\" \/>\n<meta property=\"og:type\" content=\"article\" \/>\n<meta property=\"og:title\" content=\"Transporte para grupos en Quito | Alquiler de furgonetas y autobuses privados | Quirutoa\" \/>\n<meta property=\"og:description\" content=\"\u00bfNecesita transporte grupal confiable en Quito? Ofrecemos camionetas y autobuses privados para tours, eventos y traslados al aeropuerto.\" \/>\n<meta property=\"og:url\" content=\"https:\/\/quirutoa.com\/es\/transporte-para-grupos-en-quito\/\" \/>\n<meta property=\"og:site_name\" content=\"TOURISM TRANSPORTATION IN QUITO\" \/>\n<meta property=\"article:modified_time\" content=\"2026-02-20T16:50:56+00:00\" \/>\n<meta property=\"og:image\" content=\"https:\/\/quirutoa.com\/wp-content\/uploads\/2021\/01\/Landscapes-2.jpg\" \/>\n\t<meta property=\"og:image:width\" content=\"1024\" \/>\n\t<meta property=\"og:image:height\" content=\"273\" \/>\n\t<meta property=\"og:image:type\" content=\"image\/jpeg\" \/>\n<meta name=\"twitter:card\" content=\"summary_large_image\" \/>\n<meta name=\"twitter:label1\" content=\"Tiempo de lectura\" \/>\n\t<meta name=\"twitter:data1\" content=\"1 minuto\" \/>\n<script type=\"application\/ld+json\" class=\"yoast-schema-graph\">{\"@context\":\"https:\\\/\\\/schema.org\",\"@graph\":[{\"@type\":\"WebPage\",\"@id\":\"https:\\\/\\\/quirutoa.com\\\/es\\\/transporte-para-grupos-en-quito\\\/\",\"url\":\"https:\\\/\\\/quirutoa.com\\\/es\\\/transporte-para-grupos-en-quito\\\/\",\"name\":\"Transporte para grupos en Quito | Alquiler de furgonetas y autobuses privados | Quirutoa\",\"isPartOf\":{\"@id\":\"https:\\\/\\\/quirutoa.com\\\/es\\\/#website\"},\"primaryImageOfPage\":{\"@id\":\"https:\\\/\\\/quirutoa.com\\\/es\\\/transporte-para-grupos-en-quito\\\/#primaryimage\"},\"image\":{\"@id\":\"https:\\\/\\\/quirutoa.com\\\/es\\\/transporte-para-grupos-en-quito\\\/#primaryimage\"},\"thumbnailUrl\":\"https:\\\/\\\/quirutoa.com\\\/wp-content\\\/uploads\\\/2021\\\/01\\\/Landscapes-2.jpg\",\"datePublished\":\"2020-07-26T21:55:33+00:00\",\"dateModified\":\"2026-02-20T16:50:56+00:00\",\"description\":\"\u00bfNecesita transporte grupal confiable en Quito? Ofrecemos camionetas y autobuses privados para tours, eventos y traslados al aeropuerto.\",\"breadcrumb\":{\"@id\":\"https:\\\/\\\/quirutoa.com\\\/es\\\/transporte-para-grupos-en-quito\\\/#breadcrumb\"},\"inLanguage\":\"es\",\"potentialAction\":[{\"@type\":\"ReadAction\",\"target\":[\"https:\\\/\\\/quirutoa.com\\\/es\\\/transporte-para-grupos-en-quito\\\/\"]}]},{\"@type\":\"ImageObject\",\"inLanguage\":\"es\",\"@id\":\"https:\\\/\\\/quirutoa.com\\\/es\\\/transporte-para-grupos-en-quito\\\/#primaryimage\",\"url\":\"https:\\\/\\\/quirutoa.com\\\/wp-content\\\/uploads\\\/2021\\\/01\\\/Landscapes-2.jpg\",\"contentUrl\":\"https:\\\/\\\/quirutoa.com\\\/wp-content\\\/uploads\\\/2021\\\/01\\\/Landscapes-2.jpg\"},{\"@type\":\"BreadcrumbList\",\"@id\":\"https:\\\/\\\/quirutoa.com\\\/es\\\/transporte-para-grupos-en-quito\\\/#breadcrumb\",\"itemListElement\":[{\"@type\":\"ListItem\",\"position\":1,\"name\":\"Portada\",\"item\":\"https:\\\/\\\/quirutoa.com\\\/es\\\/inicio\\\/\"},{\"@type\":\"ListItem\",\"position\":2,\"name\":\"Transporte grupal en Quito\"}]},{\"@type\":\"WebSite\",\"@id\":\"https:\\\/\\\/quirutoa.com\\\/es\\\/#website\",\"url\":\"https:\\\/\\\/quirutoa.com\\\/es\\\/\",\"name\":\"TOURISM TRANSPORTATION IN QUITO\",\"description\":\"Lugares turisticos de Ecuador\",\"publisher\":{\"@id\":\"https:\\\/\\\/quirutoa.com\\\/es\\\/#organization\"},\"potentialAction\":[{\"@type\":\"SearchAction\",\"target\":{\"@type\":\"EntryPoint\",\"urlTemplate\":\"https:\\\/\\\/quirutoa.com\\\/es\\\/?s={search_term_string}\"},\"query-input\":{\"@type\":\"PropertyValueSpecification\",\"valueRequired\":true,\"valueName\":\"search_term_string\"}}],\"inLanguage\":\"es\"},{\"@type\":\"Organization\",\"@id\":\"https:\\\/\\\/quirutoa.com\\\/es\\\/#organization\",\"name\":\"TOURISM TRANSPORTATION IN QUITO\",\"url\":\"https:\\\/\\\/quirutoa.com\\\/es\\\/\",\"logo\":{\"@type\":\"ImageObject\",\"inLanguage\":\"es\",\"@id\":\"https:\\\/\\\/quirutoa.com\\\/es\\\/#\\\/schema\\\/logo\\\/image\\\/\",\"url\":\"https:\\\/\\\/quirutoa.com\\\/wp-content\\\/uploads\\\/2021\\\/01\\\/cropped-Logo-1.png\",\"contentUrl\":\"https:\\\/\\\/quirutoa.com\\\/wp-content\\\/uploads\\\/2021\\\/01\\\/cropped-Logo-1.png\",\"width\":217,\"height\":68,\"caption\":\"TOURISM TRANSPORTATION IN QUITO\"},\"image\":{\"@id\":\"https:\\\/\\\/quirutoa.com\\\/es\\\/#\\\/schema\\\/logo\\\/image\\\/\"}}]}<\/script>\n<!-- \/ Yoast SEO plugin. -->","yoast_head_json":{"title":"Transporte para grupos en Quito | Alquiler de furgonetas y autobuses privados | Quirutoa","description":"\u00bfNecesita transporte grupal confiable en Quito? Ofrecemos camionetas y autobuses privados para tours, eventos y traslados al aeropuerto.","robots":{"index":"index","follow":"follow","max-snippet":"max-snippet:-1","max-image-preview":"max-image-preview:large","max-video-preview":"max-video-preview:-1"},"canonical":"https:\/\/quirutoa.com\/es\/transporte-para-grupos-en-quito\/","og_locale":"es_ES","og_type":"article","og_title":"Transporte para grupos en Quito | Alquiler de furgonetas y autobuses privados | Quirutoa","og_description":"\u00bfNecesita transporte grupal confiable en Quito? Ofrecemos camionetas y autobuses privados para tours, eventos y traslados al aeropuerto.","og_url":"https:\/\/quirutoa.com\/es\/transporte-para-grupos-en-quito\/","og_site_name":"TOURISM TRANSPORTATION IN QUITO","article_modified_time":"2026-02-20T16:50:56+00:00","og_image":[{"width":1024,"height":273,"url":"https:\/\/quirutoa.com\/wp-content\/uploads\/2021\/01\/Landscapes-2.jpg","type":"image\/jpeg"}],"twitter_card":"summary_large_image","twitter_misc":{"Tiempo de lectura":"1 minuto"},"schema":{"@context":"https:\/\/schema.org","@graph":[{"@type":"WebPage","@id":"https:\/\/quirutoa.com\/es\/transporte-para-grupos-en-quito\/","url":"https:\/\/quirutoa.com\/es\/transporte-para-grupos-en-quito\/","name":"Transporte para grupos en Quito | Alquiler de furgonetas y autobuses privados | Quirutoa","isPartOf":{"@id":"https:\/\/quirutoa.com\/es\/#website"},"primaryImageOfPage":{"@id":"https:\/\/quirutoa.com\/es\/transporte-para-grupos-en-quito\/#primaryimage"},"image":{"@id":"https:\/\/quirutoa.com\/es\/transporte-para-grupos-en-quito\/#primaryimage"},"thumbnailUrl":"https:\/\/quirutoa.com\/wp-content\/uploads\/2021\/01\/Landscapes-2.jpg","datePublished":"2020-07-26T21:55:33+00:00","dateModified":"2026-02-20T16:50:56+00:00","description":"\u00bfNecesita transporte grupal confiable en Quito? Ofrecemos camionetas y autobuses privados para tours, eventos y traslados al aeropuerto.","breadcrumb":{"@id":"https:\/\/quirutoa.com\/es\/transporte-para-grupos-en-quito\/#breadcrumb"},"inLanguage":"es","potentialAction":[{"@type":"ReadAction","target":["https:\/\/quirutoa.com\/es\/transporte-para-grupos-en-quito\/"]}]},{"@type":"ImageObject","inLanguage":"es","@id":"https:\/\/quirutoa.com\/es\/transporte-para-grupos-en-quito\/#primaryimage","url":"https:\/\/quirutoa.com\/wp-content\/uploads\/2021\/01\/Landscapes-2.jpg","contentUrl":"https:\/\/quirutoa.com\/wp-content\/uploads\/2021\/01\/Landscapes-2.jpg"},{"@type":"BreadcrumbList","@id":"https:\/\/quirutoa.com\/es\/transporte-para-grupos-en-quito\/#breadcrumb","itemListElement":[{"@type":"ListItem","position":1,"name":"Portada","item":"https:\/\/quirutoa.com\/es\/inicio\/"},{"@type":"ListItem","position":2,"name":"Transporte grupal en Quito"}]},{"@type":"WebSite","@id":"https:\/\/quirutoa.com\/es\/#website","url":"https:\/\/quirutoa.com\/es\/","name":"TOURISM TRANSPORTATION IN QUITO","description":"Lugares turisticos de Ecuador","publisher":{"@id":"https:\/\/quirutoa.com\/es\/#organization"},"potentialAction":[{"@type":"SearchAction","target":{"@type":"EntryPoint","urlTemplate":"https:\/\/quirutoa.com\/es\/?s={search_term_string}"},"query-input":{"@type":"PropertyValueSpecification","valueRequired":true,"valueName":"search_term_string"}}],"inLanguage":"es"},{"@type":"Organization","@id":"https:\/\/quirutoa.com\/es\/#organization","name":"TOURISM TRANSPORTATION IN QUITO","url":"https:\/\/quirutoa.com\/es\/","logo":{"@type":"ImageObject","inLanguage":"es","@id":"https:\/\/quirutoa.com\/es\/#\/schema\/logo\/image\/","url":"https:\/\/quirutoa.com\/wp-content\/uploads\/2021\/01\/cropped-Logo-1.png","contentUrl":"https:\/\/quirutoa.com\/wp-content\/uploads\/2021\/01\/cropped-Logo-1.png","width":217,"height":68,"caption":"TOURISM TRANSPORTATION IN QUITO"},"image":{"@id":"https:\/\/quirutoa.com\/es\/#\/schema\/logo\/image\/"}}]}},"_links":{"self":[{"href":"https:\/\/quirutoa.com\/es\/wp-json\/wp\/v2\/pages\/15598","targetHints":{"allow":["GET"]}}],"collection":[{"href":"https:\/\/quirutoa.com\/es\/wp-json\/wp\/v2\/pages"}],"about":[{"href":"https:\/\/quirutoa.com\/es\/wp-json\/wp\/v2\/types\/page"}],"author":[{"embeddable":true,"href":"https:\/\/quirutoa.com\/es\/wp-json\/wp\/v2\/users\/3"}],"replies":[{"embeddable":true,"href":"https:\/\/quirutoa.com\/es\/wp-json\/wp\/v2\/comments?post=15598"}],"version-history":[{"count":0,"href":"https:\/\/quirutoa.com\/es\/wp-json\/wp\/v2\/pages\/15598\/revisions"}],"wp:attachment":[{"href":"https:\/\/quirutoa.com\/es\/wp-json\/wp\/v2\/media?parent=15598"}],"curies":[{"name":"wp","href":"https:\/\/api.w.org\/{rel}","templated":true}]}}