{"id":15684,"date":"2020-07-26T21:52:25","date_gmt":"2020-07-27T02:52:25","guid":{"rendered":"https:\/\/quirutoa.com\/transporte-privado-quito-a-otavalo\/"},"modified":"2026-02-20T11:50:56","modified_gmt":"2026-02-20T16:50:56","slug":"transporte-privado-quito-a-otavalo","status":"publish","type":"page","link":"https:\/\/quirutoa.com\/es\/transporte-privado-quito-a-otavalo\/","title":{"rendered":"Transporte Privado: Quito a Otavalo"},"content":{"rendered":"\n<figure class=\"wp-block-image size-large\"><img fetchpriority=\"high\" decoding=\"async\" width=\"1024\" height=\"273\" src=\"https:\/\/quirutoa.com\/wp-content\/uploads\/2021\/01\/Landscapes-2.jpg\" alt=\"Traslados y servicios tur&#xED;sticos en Quirutoa\" class=\"wp-image-12515\" srcset=\"https:\/\/quirutoa.com\/wp-content\/uploads\/2021\/01\/Landscapes-2.jpg 1024w, https:\/\/quirutoa.com\/wp-content\/uploads\/2021\/01\/Landscapes-2-300x80.jpg 300w, https:\/\/quirutoa.com\/wp-content\/uploads\/2021\/01\/Landscapes-2-768x205.jpg 768w\" sizes=\"(max-width: 1024px) 100vw, 1024px\" \/><\/figure>\n<p data-path-to-node=\"3\"><b data-path-to-node=\"3\" data-index-in-node=\"0\">Traslado VIP Privado:<\/b> Disfrute de un servicio distinguido y elegante, altamente funcional y pr\u00e1ctico. Contamos con una flota de veh\u00edculos de lujo y conductores profesionales y cualificados con amplia experiencia. <\/p>\n<p data-path-to-node=\"4\"><b data-path-to-node=\"4\" data-index-in-node=\"0\">Traslados VIP Quito<\/b> es la opci\u00f3n perfecta para clientes corporativos, traslados al aeropuerto, excursiones y cualquier destino que elija. \u00a1Reserve su viaje ahora! Monitoreamos el estado de su vuelo en tiempo real para garantizar una recogida sin contratiempos. A su llegada, nuestro representante lo estar\u00e1 esperando en la salida de pasajeros con un cartel con su nombre.   <\/p>\n<p data-path-to-node=\"5\"><b data-path-to-node=\"5\" data-index-in-node=\"0\">Cont\u00e1ctanos v\u00eda WhatsApp:<\/b> <a class=\"ng-star-inserted\" href=\"https:\/\/www.google.com\/search?q=https:\/\/wa.me\/593991277325\" target=\"_blank\" rel=\"noopener\" data-hveid=\"0\" data-ved=\"0CAAQ_4QMahcKEwjViq_bnOOSAxUAAAAAHQAAAAAQHA\">+593 991 277 325<\/a><\/p>\n\n<figure class=\"wp-block-image size-large is-resized\"><img decoding=\"async\" width=\"752\" height=\"250\" src=\"https:\/\/quirutoa.com\/wp-content\/uploads\/2021\/01\/Vehicles-7.png\" alt=\"Veh&#xED;culos - Transporte en Quito | Traslados Quirutoa\" class=\"wp-image-12608\" style=\"width:444px;height:148px\" srcset=\"https:\/\/quirutoa.com\/wp-content\/uploads\/2021\/01\/Vehicles-7.png 752w, https:\/\/quirutoa.com\/wp-content\/uploads\/2021\/01\/Vehicles-7-300x100.png 300w\" sizes=\"(max-width: 752px) 100vw, 752px\" \/><\/figure>\n","protected":false},"excerpt":{"rendered":"<p>Traslado VIP Privado: Disfrute de un servicio distinguido y elegante, altamente funcional y pr\u00e1ctico. Contamos con una flota de veh\u00edculos de lujo y conductores profesionales y cualificados con amplia experiencia. Traslados VIP Quito es la opci\u00f3n perfecta para clientes corporativos, traslados al aeropuerto, excursiones y cualquier destino que elija. \u00a1Reserve su viaje ahora! Monitoreamos el [&hellip;]<\/p>\n","protected":false},"author":3,"featured_media":0,"parent":0,"menu_order":0,"comment_status":"closed","ping_status":"closed","template":"","meta":{"_joinchat":[],"footnotes":""},"class_list":["post-15684","page","type-page","status-publish","hentry"],"yoast_head":"<!-- This site is optimized with the Yoast SEO plugin v27.3 - https:\/\/yoast.com\/product\/yoast-seo-wordpress\/ -->\n<title>Transporte Privado Quito a Otavalo | Servicio confiable | Quirutoa<\/title>\n<meta name=\"description\" content=\"Reserve un traslado privado seguro y c\u00f3modo de Quito a Otavalo. Disfrute de conductores profesionales, horarios flexibles y servicio puerta a puerta.\" \/>\n<meta name=\"robots\" content=\"index, follow, max-snippet:-1, max-image-preview:large, max-video-preview:-1\" \/>\n<link rel=\"canonical\" href=\"https:\/\/quirutoa.com\/es\/transporte-privado-quito-a-otavalo\/\" \/>\n<meta property=\"og:locale\" content=\"es_ES\" \/>\n<meta property=\"og:type\" content=\"article\" \/>\n<meta property=\"og:title\" content=\"Transporte Privado Quito a Otavalo | Servicio confiable | Quirutoa\" \/>\n<meta property=\"og:description\" content=\"Reserve un traslado privado seguro y c\u00f3modo de Quito a Otavalo. Disfrute de conductores profesionales, horarios flexibles y servicio puerta a puerta.\" \/>\n<meta property=\"og:url\" content=\"https:\/\/quirutoa.com\/es\/transporte-privado-quito-a-otavalo\/\" \/>\n<meta property=\"og:site_name\" content=\"TOURISM TRANSPORTATION IN QUITO\" \/>\n<meta property=\"article:modified_time\" content=\"2026-02-20T16:50:56+00:00\" \/>\n<meta property=\"og:image\" content=\"https:\/\/quirutoa.com\/wp-content\/uploads\/2021\/01\/Landscapes-2.jpg\" \/>\n\t<meta property=\"og:image:width\" content=\"1024\" \/>\n\t<meta property=\"og:image:height\" content=\"273\" \/>\n\t<meta property=\"og:image:type\" content=\"image\/jpeg\" \/>\n<meta name=\"twitter:card\" content=\"summary_large_image\" \/>\n<script type=\"application\/ld+json\" class=\"yoast-schema-graph\">{\"@context\":\"https:\\\/\\\/schema.org\",\"@graph\":[{\"@type\":\"WebPage\",\"@id\":\"https:\\\/\\\/quirutoa.com\\\/es\\\/transporte-privado-quito-a-otavalo\\\/\",\"url\":\"https:\\\/\\\/quirutoa.com\\\/es\\\/transporte-privado-quito-a-otavalo\\\/\",\"name\":\"Transporte Privado Quito a Otavalo | Servicio confiable | Quirutoa\",\"isPartOf\":{\"@id\":\"https:\\\/\\\/quirutoa.com\\\/es\\\/#website\"},\"primaryImageOfPage\":{\"@id\":\"https:\\\/\\\/quirutoa.com\\\/es\\\/transporte-privado-quito-a-otavalo\\\/#primaryimage\"},\"image\":{\"@id\":\"https:\\\/\\\/quirutoa.com\\\/es\\\/transporte-privado-quito-a-otavalo\\\/#primaryimage\"},\"thumbnailUrl\":\"https:\\\/\\\/quirutoa.com\\\/wp-content\\\/uploads\\\/2021\\\/01\\\/Landscapes-2.jpg\",\"datePublished\":\"2020-07-27T02:52:25+00:00\",\"dateModified\":\"2026-02-20T16:50:56+00:00\",\"description\":\"Reserve un traslado privado seguro y c\u00f3modo de Quito a Otavalo. Disfrute de conductores profesionales, horarios flexibles y servicio puerta a puerta.\",\"breadcrumb\":{\"@id\":\"https:\\\/\\\/quirutoa.com\\\/es\\\/transporte-privado-quito-a-otavalo\\\/#breadcrumb\"},\"inLanguage\":\"es\",\"potentialAction\":[{\"@type\":\"ReadAction\",\"target\":[\"https:\\\/\\\/quirutoa.com\\\/es\\\/transporte-privado-quito-a-otavalo\\\/\"]}]},{\"@type\":\"ImageObject\",\"inLanguage\":\"es\",\"@id\":\"https:\\\/\\\/quirutoa.com\\\/es\\\/transporte-privado-quito-a-otavalo\\\/#primaryimage\",\"url\":\"https:\\\/\\\/quirutoa.com\\\/wp-content\\\/uploads\\\/2021\\\/01\\\/Landscapes-2.jpg\",\"contentUrl\":\"https:\\\/\\\/quirutoa.com\\\/wp-content\\\/uploads\\\/2021\\\/01\\\/Landscapes-2.jpg\"},{\"@type\":\"BreadcrumbList\",\"@id\":\"https:\\\/\\\/quirutoa.com\\\/es\\\/transporte-privado-quito-a-otavalo\\\/#breadcrumb\",\"itemListElement\":[{\"@type\":\"ListItem\",\"position\":1,\"name\":\"Portada\",\"item\":\"https:\\\/\\\/quirutoa.com\\\/es\\\/inicio\\\/\"},{\"@type\":\"ListItem\",\"position\":2,\"name\":\"Transporte Privado: Quito a Otavalo\"}]},{\"@type\":\"WebSite\",\"@id\":\"https:\\\/\\\/quirutoa.com\\\/es\\\/#website\",\"url\":\"https:\\\/\\\/quirutoa.com\\\/es\\\/\",\"name\":\"TOURISM TRANSPORTATION IN QUITO\",\"description\":\"Lugares turisticos de Ecuador\",\"publisher\":{\"@id\":\"https:\\\/\\\/quirutoa.com\\\/es\\\/#organization\"},\"potentialAction\":[{\"@type\":\"SearchAction\",\"target\":{\"@type\":\"EntryPoint\",\"urlTemplate\":\"https:\\\/\\\/quirutoa.com\\\/es\\\/?s={search_term_string}\"},\"query-input\":{\"@type\":\"PropertyValueSpecification\",\"valueRequired\":true,\"valueName\":\"search_term_string\"}}],\"inLanguage\":\"es\"},{\"@type\":\"Organization\",\"@id\":\"https:\\\/\\\/quirutoa.com\\\/es\\\/#organization\",\"name\":\"TOURISM TRANSPORTATION IN QUITO\",\"url\":\"https:\\\/\\\/quirutoa.com\\\/es\\\/\",\"logo\":{\"@type\":\"ImageObject\",\"inLanguage\":\"es\",\"@id\":\"https:\\\/\\\/quirutoa.com\\\/es\\\/#\\\/schema\\\/logo\\\/image\\\/\",\"url\":\"https:\\\/\\\/quirutoa.com\\\/wp-content\\\/uploads\\\/2021\\\/01\\\/cropped-Logo-1.png\",\"contentUrl\":\"https:\\\/\\\/quirutoa.com\\\/wp-content\\\/uploads\\\/2021\\\/01\\\/cropped-Logo-1.png\",\"width\":217,\"height\":68,\"caption\":\"TOURISM TRANSPORTATION IN QUITO\"},\"image\":{\"@id\":\"https:\\\/\\\/quirutoa.com\\\/es\\\/#\\\/schema\\\/logo\\\/image\\\/\"}}]}<\/script>\n<!-- \/ Yoast SEO plugin. -->","yoast_head_json":{"title":"Transporte Privado Quito a Otavalo | Servicio confiable | Quirutoa","description":"Reserve un traslado privado seguro y c\u00f3modo de Quito a Otavalo. Disfrute de conductores profesionales, horarios flexibles y servicio puerta a puerta.","robots":{"index":"index","follow":"follow","max-snippet":"max-snippet:-1","max-image-preview":"max-image-preview:large","max-video-preview":"max-video-preview:-1"},"canonical":"https:\/\/quirutoa.com\/es\/transporte-privado-quito-a-otavalo\/","og_locale":"es_ES","og_type":"article","og_title":"Transporte Privado Quito a Otavalo | Servicio confiable | Quirutoa","og_description":"Reserve un traslado privado seguro y c\u00f3modo de Quito a Otavalo. Disfrute de conductores profesionales, horarios flexibles y servicio puerta a puerta.","og_url":"https:\/\/quirutoa.com\/es\/transporte-privado-quito-a-otavalo\/","og_site_name":"TOURISM TRANSPORTATION IN QUITO","article_modified_time":"2026-02-20T16:50:56+00:00","og_image":[{"width":1024,"height":273,"url":"https:\/\/quirutoa.com\/wp-content\/uploads\/2021\/01\/Landscapes-2.jpg","type":"image\/jpeg"}],"twitter_card":"summary_large_image","schema":{"@context":"https:\/\/schema.org","@graph":[{"@type":"WebPage","@id":"https:\/\/quirutoa.com\/es\/transporte-privado-quito-a-otavalo\/","url":"https:\/\/quirutoa.com\/es\/transporte-privado-quito-a-otavalo\/","name":"Transporte Privado Quito a Otavalo | Servicio confiable | Quirutoa","isPartOf":{"@id":"https:\/\/quirutoa.com\/es\/#website"},"primaryImageOfPage":{"@id":"https:\/\/quirutoa.com\/es\/transporte-privado-quito-a-otavalo\/#primaryimage"},"image":{"@id":"https:\/\/quirutoa.com\/es\/transporte-privado-quito-a-otavalo\/#primaryimage"},"thumbnailUrl":"https:\/\/quirutoa.com\/wp-content\/uploads\/2021\/01\/Landscapes-2.jpg","datePublished":"2020-07-27T02:52:25+00:00","dateModified":"2026-02-20T16:50:56+00:00","description":"Reserve un traslado privado seguro y c\u00f3modo de Quito a Otavalo. Disfrute de conductores profesionales, horarios flexibles y servicio puerta a puerta.","breadcrumb":{"@id":"https:\/\/quirutoa.com\/es\/transporte-privado-quito-a-otavalo\/#breadcrumb"},"inLanguage":"es","potentialAction":[{"@type":"ReadAction","target":["https:\/\/quirutoa.com\/es\/transporte-privado-quito-a-otavalo\/"]}]},{"@type":"ImageObject","inLanguage":"es","@id":"https:\/\/quirutoa.com\/es\/transporte-privado-quito-a-otavalo\/#primaryimage","url":"https:\/\/quirutoa.com\/wp-content\/uploads\/2021\/01\/Landscapes-2.jpg","contentUrl":"https:\/\/quirutoa.com\/wp-content\/uploads\/2021\/01\/Landscapes-2.jpg"},{"@type":"BreadcrumbList","@id":"https:\/\/quirutoa.com\/es\/transporte-privado-quito-a-otavalo\/#breadcrumb","itemListElement":[{"@type":"ListItem","position":1,"name":"Portada","item":"https:\/\/quirutoa.com\/es\/inicio\/"},{"@type":"ListItem","position":2,"name":"Transporte Privado: Quito a Otavalo"}]},{"@type":"WebSite","@id":"https:\/\/quirutoa.com\/es\/#website","url":"https:\/\/quirutoa.com\/es\/","name":"TOURISM TRANSPORTATION IN QUITO","description":"Lugares turisticos de Ecuador","publisher":{"@id":"https:\/\/quirutoa.com\/es\/#organization"},"potentialAction":[{"@type":"SearchAction","target":{"@type":"EntryPoint","urlTemplate":"https:\/\/quirutoa.com\/es\/?s={search_term_string}"},"query-input":{"@type":"PropertyValueSpecification","valueRequired":true,"valueName":"search_term_string"}}],"inLanguage":"es"},{"@type":"Organization","@id":"https:\/\/quirutoa.com\/es\/#organization","name":"TOURISM TRANSPORTATION IN QUITO","url":"https:\/\/quirutoa.com\/es\/","logo":{"@type":"ImageObject","inLanguage":"es","@id":"https:\/\/quirutoa.com\/es\/#\/schema\/logo\/image\/","url":"https:\/\/quirutoa.com\/wp-content\/uploads\/2021\/01\/cropped-Logo-1.png","contentUrl":"https:\/\/quirutoa.com\/wp-content\/uploads\/2021\/01\/cropped-Logo-1.png","width":217,"height":68,"caption":"TOURISM TRANSPORTATION IN QUITO"},"image":{"@id":"https:\/\/quirutoa.com\/es\/#\/schema\/logo\/image\/"}}]}},"_links":{"self":[{"href":"https:\/\/quirutoa.com\/es\/wp-json\/wp\/v2\/pages\/15684","targetHints":{"allow":["GET"]}}],"collection":[{"href":"https:\/\/quirutoa.com\/es\/wp-json\/wp\/v2\/pages"}],"about":[{"href":"https:\/\/quirutoa.com\/es\/wp-json\/wp\/v2\/types\/page"}],"author":[{"embeddable":true,"href":"https:\/\/quirutoa.com\/es\/wp-json\/wp\/v2\/users\/3"}],"replies":[{"embeddable":true,"href":"https:\/\/quirutoa.com\/es\/wp-json\/wp\/v2\/comments?post=15684"}],"version-history":[{"count":0,"href":"https:\/\/quirutoa.com\/es\/wp-json\/wp\/v2\/pages\/15684\/revisions"}],"wp:attachment":[{"href":"https:\/\/quirutoa.com\/es\/wp-json\/wp\/v2\/media?parent=15684"}],"curies":[{"name":"wp","href":"https:\/\/api.w.org\/{rel}","templated":true}]}}